{"id":21135,"date":"2025-12-05T09:20:12","date_gmt":"2025-12-05T09:20:12","guid":{"rendered":"https:\/\/b2b.depodanmusteriye.com\/urun\/afp-chill-out-ice-bone-sogutmali-kopek-topu-l\/"},"modified":"2025-12-05T09:20:12","modified_gmt":"2025-12-05T09:20:12","slug":"afp-chill-out-ice-bone-sogutmali-kopek-topu-l","status":"publish","type":"product","link":"https:\/\/depodanmusteriye.com\/urunler\/urun\/afp-chill-out-ice-bone-sogutmali-kopek-topu-l\/","title":{"rendered":"Afp Chill Out &#8211; Ice Bone So\u011futmal\u0131 K\u00f6pek Topu L"},"content":{"rendered":"<h4>Afp Chill Out &#8211; Ice Bone So\u011futmal\u0131 K\u00f6pek Topu L <\/p>\n<p><b>1 adet fiyat\u0131d\u0131r<\/b> <\/p>\n<p><p><b>\u00dcretici Markas\u0131 : AFP<\/b><\/p>\n<p><b>\u00dcretici Kodu : 6808010<\/b><\/p>\n<p><b>1 ADET F\u0130YATIDIR<\/b><\/p>\n<\/h4>\n<p><\/p>\n","protected":false},"excerpt":{"rendered":"<p>Afp Chill Out &#8211; Ice Bone So\u011futmal\u0131 K\u00f6pek Topu L<\/p>\n","protected":false},"featured_media":21134,"comment_status":"open","ping_status":"closed","template":"","meta":[],"product_brand":[],"product_cat":[547,370],"product_tag":[5673,2048,5777,5779,1491,1648,5778,5780,4049],"class_list":{"0":"post-21135","1":"product","2":"type-product","3":"status-publish","4":"has-post-thumbnail","6":"product_cat-kopek-oyuncagi","7":"product_cat-pet-shop","8":"product_tag-afp","9":"product_tag-bone","10":"product_tag-chill","11":"product_tag-ice","12":"product_tag-kopek","13":"product_tag-l","14":"product_tag-out","15":"product_tag-sogutmali","16":"product_tag-topu","18":"first","19":"instock","20":"taxable","21":"shipping-taxable","22":"purchasable","23":"product-type-simple"},"_links":{"self":[{"href":"https:\/\/depodanmusteriye.com\/urunler\/wp-json\/wp\/v2\/product\/21135","targetHints":{"allow":["GET"]}}],"collection":[{"href":"https:\/\/depodanmusteriye.com\/urunler\/wp-json\/wp\/v2\/product"}],"about":[{"href":"https:\/\/depodanmusteriye.com\/urunler\/wp-json\/wp\/v2\/types\/product"}],"replies":[{"embeddable":true,"href":"https:\/\/depodanmusteriye.com\/urunler\/wp-json\/wp\/v2\/comments?post=21135"}],"version-history":[{"count":0,"href":"https:\/\/depodanmusteriye.com\/urunler\/wp-json\/wp\/v2\/product\/21135\/revisions"}],"wp:featuredmedia":[{"embeddable":true,"href":"https:\/\/depodanmusteriye.com\/urunler\/wp-json\/wp\/v2\/media\/21134"}],"wp:attachment":[{"href":"https:\/\/depodanmusteriye.com\/urunler\/wp-json\/wp\/v2\/media?parent=21135"}],"wp:term":[{"taxonomy":"product_brand","embeddable":true,"href":"https:\/\/depodanmusteriye.com\/urunler\/wp-json\/wp\/v2\/product_brand?post=21135"},{"taxonomy":"product_cat","embeddable":true,"href":"https:\/\/depodanmusteriye.com\/urunler\/wp-json\/wp\/v2\/product_cat?post=21135"},{"taxonomy":"product_tag","embeddable":true,"href":"https:\/\/depodanmusteriye.com\/urunler\/wp-json\/wp\/v2\/product_tag?post=21135"}],"curies":[{"name":"wp","href":"https:\/\/api.w.org\/{rel}","templated":true}]}}