{"id":211116,"date":"2025-12-17T14:33:10","date_gmt":"2025-12-17T14:33:10","guid":{"rendered":"https:\/\/b2b.depodanmusteriye.com\/urun\/somine-efektli-solar-hoparlor-bluetooth-5-3-radyo-aux-usb-tf-destekli\/"},"modified":"2025-12-17T14:33:10","modified_gmt":"2025-12-17T14:33:10","slug":"somine-efektli-solar-hoparlor-bluetooth-5-3-radyo-aux-usb-tf-destekli","status":"publish","type":"product","link":"https:\/\/depodanmusteriye.com\/urunler\/urun\/somine-efektli-solar-hoparlor-bluetooth-5-3-radyo-aux-usb-tf-destekli\/","title":{"rendered":"\u015e\u00f6mine Efektli Solar Hoparl\u00f6r Bluetooth 5.3 Radyo AUX USB TF Destekli"},"content":{"rendered":"<h4>Bu solar \u015farjl\u0131 \u015f\u00f6mine efektli Bluetooth hoparl\u00f6r, teknolojiyi estetikle bulu\u015fturan \u00f6zel bir tasar\u0131ma sahiptir. Alev \u0131\u015f\u0131\u011f\u0131 efekti, ortama romantik ve s\u0131cak bir \u015f\u00f6mine atmosferi katarken, 7W g\u00fcc\u00fcndeki hoparl\u00f6r g\u00fc\u00e7l\u00fc ve kaliteli bir ses deneyimi sunar. Derin bas detaylar\u0131 ve net y\u00fcksek frekanslar\u0131 sayesinde hem m\u00fczik dinleme hem de radyo keyfini \u00fcst seviyeye ta\u015f\u0131r.<\/p>\n<p>Bluetooth 5.3 teknolojisi, cihazla h\u0131zl\u0131 e\u015fle\u015fme sa\u011flar ve 10 metreye kadar stabil bir ba\u011flant\u0131 sunar. Ba\u011flant\u0131 kopmalar\u0131n\u0131 minimum seviyeye d\u00fc\u015f\u00fcren bu teknoloji sayesinde m\u00fczi\u011finiz kesintiye u\u011framaz. Solar \u015farj \u00f6zelli\u011fi ise \u00f6zellikle do\u011fada vakit ge\u00e7iren kullan\u0131c\u0131lar i\u00e7in vazge\u00e7ilmezdir. G\u00fcne\u015f enerjisiyle \u015farj olabilir, elektrik kayna\u011f\u0131 olmadan uzun s\u00fcre kullan\u0131m sa\u011flar. Ek olarak 18650 tip \u015farj edilebilir pil, cihaz\u0131n \u00e7al\u0131\u015fma s\u00fcresini uzat\u0131r.<\/p>\n<p>USB, TF kart, AUX ve radyo deste\u011fi sayesinde farkl\u0131 medya se\u00e7enekleri sunar. FM\/AM\/SW radyo modunda anteni uzatarak net frekans alabilirsiniz. Bu \u00e7ok y\u00f6nl\u00fc medya se\u00e7enekleri hoparl\u00f6r\u00fc yaln\u0131zca bir m\u00fczik cihaz\u0131 olmaktan \u00e7\u0131kar\u0131p \u00e7ok i\u015flevli bir e\u011flence arac\u0131na d\u00f6n\u00fc\u015ft\u00fcr\u00fcr.<\/p>\n<p>D\u0131\u015f mekan kullan\u0131m\u0131 i\u00e7in tasarlanan dayan\u0131kl\u0131 plastik g\u00f6vde, darbeye ve \u00e7evresel ko\u015fullara kar\u015f\u0131 dayan\u0131kl\u0131d\u0131r. Ta\u015f\u0131nabilir yap\u0131s\u0131 ve ta\u015f\u0131ma kolu sayesinde kamp, bah\u00e7e, teras, plaj gibi alanlarda kolayca kullan\u0131labilir. Hem i\u00e7 mek\u00e2n hem d\u0131\u015f mek\u00e2n i\u00e7in dekoratif bir aksesuar niteli\u011fi ta\u015f\u0131r.<\/p>\n<p>Dahili mikrofon \u00f6zelli\u011fi ile gelen \u00e7a\u011fr\u0131lar\u0131 cevaplayabilir, hoparl\u00f6r \u00fczerinden net bir \u015fekilde konu\u015fabilirsiniz. \u015e\u0131k tasar\u0131m\u0131, nostaljik \u015f\u00f6mine efekti ve g\u00fc\u00e7l\u00fc solar \u015farj \u00f6zelli\u011fiyle bu hoparl\u00f6r, hem ambiyans hem de performans arayan kullan\u0131c\u0131lar i\u00e7in m\u00fckemmel bir se\u00e7imdir. <\/p>\n<p><b>1 adet fiyat\u0131d\u0131r<\/b> <\/p>\n<p><p><b>\u00dcretici Markas\u0131 : ZERO LAND<\/b><\/p>\n<p><b>\u00dcretici Kodu : XUUCZZZFP2393SS\u00d6M\u0130NE2<\/b><\/p>\n<p><b>1 ADET F\u0130YATIDIR<\/b><\/p>\n<\/h4>\n<p><\/p>\n","protected":false},"excerpt":{"rendered":"<p>\u015e\u00f6mine Efektli Solar Hoparl\u00f6r Bluetooth 5.3 Radyo AUX USB TF Destekli<\/p>\n","protected":false},"featured_media":211111,"comment_status":"open","ping_status":"closed","template":"","meta":[],"product_brand":[],"product_cat":[461,374],"product_tag":[9184,13036,3605,3695,11507,1968,13031,4009,14868,13035,2511],"class_list":{"0":"post-211116","1":"product","2":"type-product","3":"status-publish","4":"has-post-thumbnail","6":"product_cat-bluetooth-hoparlor","7":"product_cat-mobil-aksesuar","8":"product_tag-5-3","9":"product_tag-aux","10":"product_tag-bluetooth","11":"product_tag-destekli","12":"product_tag-efektli","13":"product_tag-hoparlor","14":"product_tag-radyo","15":"product_tag-solar","16":"product_tag-somine","17":"product_tag-tf","18":"product_tag-usb","20":"first","21":"instock","22":"taxable","23":"shipping-taxable","24":"purchasable","25":"product-type-simple"},"_links":{"self":[{"href":"https:\/\/depodanmusteriye.com\/urunler\/wp-json\/wp\/v2\/product\/211116","targetHints":{"allow":["GET"]}}],"collection":[{"href":"https:\/\/depodanmusteriye.com\/urunler\/wp-json\/wp\/v2\/product"}],"about":[{"href":"https:\/\/depodanmusteriye.com\/urunler\/wp-json\/wp\/v2\/types\/product"}],"replies":[{"embeddable":true,"href":"https:\/\/depodanmusteriye.com\/urunler\/wp-json\/wp\/v2\/comments?post=211116"}],"version-history":[{"count":0,"href":"https:\/\/depodanmusteriye.com\/urunler\/wp-json\/wp\/v2\/product\/211116\/revisions"}],"wp:featuredmedia":[{"embeddable":true,"href":"https:\/\/depodanmusteriye.com\/urunler\/wp-json\/wp\/v2\/media\/211111"}],"wp:attachment":[{"href":"https:\/\/depodanmusteriye.com\/urunler\/wp-json\/wp\/v2\/media?parent=211116"}],"wp:term":[{"taxonomy":"product_brand","embeddable":true,"href":"https:\/\/depodanmusteriye.com\/urunler\/wp-json\/wp\/v2\/product_brand?post=211116"},{"taxonomy":"product_cat","embeddable":true,"href":"https:\/\/depodanmusteriye.com\/urunler\/wp-json\/wp\/v2\/product_cat?post=211116"},{"taxonomy":"product_tag","embeddable":true,"href":"https:\/\/depodanmusteriye.com\/urunler\/wp-json\/wp\/v2\/product_tag?post=211116"}],"curies":[{"name":"wp","href":"https:\/\/api.w.org\/{rel}","templated":true}]}}