{"id":21085,"date":"2025-12-05T09:18:25","date_gmt":"2025-12-05T09:18:25","guid":{"rendered":"https:\/\/b2b.depodanmusteriye.com\/urun\/afp-dental-chew-dis-kasima-sert-lades-kemigi-s\/"},"modified":"2025-12-05T09:18:25","modified_gmt":"2025-12-05T09:18:25","slug":"afp-dental-chew-dis-kasima-sert-lades-kemigi-s","status":"publish","type":"product","link":"https:\/\/depodanmusteriye.com\/urunler\/urun\/afp-dental-chew-dis-kasima-sert-lades-kemigi-s\/","title":{"rendered":"Afp Dental Chew &#8211; Di\u015f Ka\u015f\u0131ma Sert Lades Kemi\u011fi &#8211; S"},"content":{"rendered":"<h4>Afp Dental Chew &#8211; Di\u015f Ka\u015f\u0131ma Sert Lades Kemi\u011fi &#8211; S <\/p>\n<p><b>1 adet fiyat\u0131d\u0131r<\/b> <\/p>\n<p><p><b>\u00dcretici Markas\u0131 : AFP<\/b><\/p>\n<p><b>\u00dcretici Kodu : 6804190<\/b><\/p>\n<p><b>1 ADET F\u0130YATIDIR<\/b><\/p>\n<\/h4>\n<p><\/p>\n","protected":false},"excerpt":{"rendered":"<p>Afp Dental Chew &#8211; Di\u015f Ka\u015f\u0131ma Sert Lades Kemi\u011fi &#8211; S<\/p>\n","protected":false},"featured_media":21084,"comment_status":"open","ping_status":"closed","template":"","meta":[],"product_brand":[],"product_cat":[547,370],"product_tag":[5673,5202,1871,2313,4450,1694,5748,1583,3142],"class_list":{"0":"post-21085","1":"product","2":"type-product","3":"status-publish","4":"has-post-thumbnail","6":"product_cat-kopek-oyuncagi","7":"product_cat-pet-shop","8":"product_tag-afp","9":"product_tag-chew","10":"product_tag-dental","11":"product_tag-dis","12":"product_tag-kasima","13":"product_tag-kemigi","14":"product_tag-lades","15":"product_tag-s","16":"product_tag-sert","18":"first","19":"instock","20":"taxable","21":"shipping-taxable","22":"purchasable","23":"product-type-simple"},"_links":{"self":[{"href":"https:\/\/depodanmusteriye.com\/urunler\/wp-json\/wp\/v2\/product\/21085","targetHints":{"allow":["GET"]}}],"collection":[{"href":"https:\/\/depodanmusteriye.com\/urunler\/wp-json\/wp\/v2\/product"}],"about":[{"href":"https:\/\/depodanmusteriye.com\/urunler\/wp-json\/wp\/v2\/types\/product"}],"replies":[{"embeddable":true,"href":"https:\/\/depodanmusteriye.com\/urunler\/wp-json\/wp\/v2\/comments?post=21085"}],"version-history":[{"count":0,"href":"https:\/\/depodanmusteriye.com\/urunler\/wp-json\/wp\/v2\/product\/21085\/revisions"}],"wp:featuredmedia":[{"embeddable":true,"href":"https:\/\/depodanmusteriye.com\/urunler\/wp-json\/wp\/v2\/media\/21084"}],"wp:attachment":[{"href":"https:\/\/depodanmusteriye.com\/urunler\/wp-json\/wp\/v2\/media?parent=21085"}],"wp:term":[{"taxonomy":"product_brand","embeddable":true,"href":"https:\/\/depodanmusteriye.com\/urunler\/wp-json\/wp\/v2\/product_brand?post=21085"},{"taxonomy":"product_cat","embeddable":true,"href":"https:\/\/depodanmusteriye.com\/urunler\/wp-json\/wp\/v2\/product_cat?post=21085"},{"taxonomy":"product_tag","embeddable":true,"href":"https:\/\/depodanmusteriye.com\/urunler\/wp-json\/wp\/v2\/product_tag?post=21085"}],"curies":[{"name":"wp","href":"https:\/\/api.w.org\/{rel}","templated":true}]}}