{"id":21081,"date":"2025-12-05T09:18:14","date_gmt":"2025-12-05T09:18:14","guid":{"rendered":"https:\/\/b2b.depodanmusteriye.com\/urun\/afp-dental-chews-dental-rattle-dis-kasima\/"},"modified":"2025-12-05T09:18:14","modified_gmt":"2025-12-05T09:18:14","slug":"afp-dental-chews-dental-rattle-dis-kasima","status":"publish","type":"product","link":"https:\/\/depodanmusteriye.com\/urunler\/urun\/afp-dental-chews-dental-rattle-dis-kasima\/","title":{"rendered":"Afp Dental Chews-Dental Rattle Di\u015f Ka\u015f\u0131ma"},"content":{"rendered":"<h4>Afp Dental Chews-Dental Rattle Di\u015f Ka\u015f\u0131ma <\/p>\n<p><b>1 adet fiyat\u0131d\u0131r<\/b> <\/p>\n<p><p><b>\u00dcretici Markas\u0131 : AFP<\/b><\/p>\n<p><b>\u00dcretici Kodu : 6804183<\/b><\/p>\n<p><b>1 ADET F\u0130YATIDIR<\/b><\/p>\n<\/h4>\n<p><\/p>\n","protected":false},"excerpt":{"rendered":"<p>Afp Dental Chews-Dental Rattle Di\u015f Ka\u015f\u0131ma<\/p>\n","protected":false},"featured_media":21080,"comment_status":"open","ping_status":"closed","template":"","meta":[],"product_brand":[],"product_cat":[547,370],"product_tag":[5673,5745,1871,2313,4450,5746],"class_list":{"0":"post-21081","1":"product","2":"type-product","3":"status-publish","4":"has-post-thumbnail","6":"product_cat-kopek-oyuncagi","7":"product_cat-pet-shop","8":"product_tag-afp","9":"product_tag-chews-dental","10":"product_tag-dental","11":"product_tag-dis","12":"product_tag-kasima","13":"product_tag-rattle","15":"first","16":"instock","17":"taxable","18":"shipping-taxable","19":"purchasable","20":"product-type-simple"},"_links":{"self":[{"href":"https:\/\/depodanmusteriye.com\/urunler\/wp-json\/wp\/v2\/product\/21081","targetHints":{"allow":["GET"]}}],"collection":[{"href":"https:\/\/depodanmusteriye.com\/urunler\/wp-json\/wp\/v2\/product"}],"about":[{"href":"https:\/\/depodanmusteriye.com\/urunler\/wp-json\/wp\/v2\/types\/product"}],"replies":[{"embeddable":true,"href":"https:\/\/depodanmusteriye.com\/urunler\/wp-json\/wp\/v2\/comments?post=21081"}],"version-history":[{"count":0,"href":"https:\/\/depodanmusteriye.com\/urunler\/wp-json\/wp\/v2\/product\/21081\/revisions"}],"wp:featuredmedia":[{"embeddable":true,"href":"https:\/\/depodanmusteriye.com\/urunler\/wp-json\/wp\/v2\/media\/21080"}],"wp:attachment":[{"href":"https:\/\/depodanmusteriye.com\/urunler\/wp-json\/wp\/v2\/media?parent=21081"}],"wp:term":[{"taxonomy":"product_brand","embeddable":true,"href":"https:\/\/depodanmusteriye.com\/urunler\/wp-json\/wp\/v2\/product_brand?post=21081"},{"taxonomy":"product_cat","embeddable":true,"href":"https:\/\/depodanmusteriye.com\/urunler\/wp-json\/wp\/v2\/product_cat?post=21081"},{"taxonomy":"product_tag","embeddable":true,"href":"https:\/\/depodanmusteriye.com\/urunler\/wp-json\/wp\/v2\/product_tag?post=21081"}],"curies":[{"name":"wp","href":"https:\/\/api.w.org\/{rel}","templated":true}]}}