{"id":21039,"date":"2025-12-05T09:16:47","date_gmt":"2025-12-05T09:16:47","guid":{"rendered":"https:\/\/b2b.depodanmusteriye.com\/urun\/afp-k-nite-isikli-kolye\/"},"modified":"2025-12-05T09:16:47","modified_gmt":"2025-12-05T09:16:47","slug":"afp-k-nite-isikli-kolye","status":"publish","type":"product","link":"https:\/\/depodanmusteriye.com\/urunler\/urun\/afp-k-nite-isikli-kolye\/","title":{"rendered":"Afp K-Nite &#8211; I\u015f\u0131kl\u0131 Kolye"},"content":{"rendered":"<h4>Afp K-Nite &#8211; I\u015f\u0131kl\u0131 Kolye <\/p>\n<p><b>1 adet fiyat\u0131d\u0131r<\/b> <\/p>\n<p><p><b>\u00dcretici Markas\u0131 : AFP<\/b><\/p>\n<p><b>\u00dcretici Kodu : 6803308<\/b><\/p>\n<p><b>1 ADET F\u0130YATIDIR<\/b><\/p>\n<\/h4>\n<p><\/p>\n","protected":false},"excerpt":{"rendered":"<p>Afp K-Nite &#8211; I\u015f\u0131kl\u0131 Kolye<\/p>\n","protected":false},"featured_media":21038,"comment_status":"open","ping_status":"closed","template":"","meta":[],"product_brand":[],"product_cat":[543,370],"product_tag":[5673,3901,5721,2374],"class_list":{"0":"post-21039","1":"product","2":"type-product","3":"status-publish","4":"has-post-thumbnail","6":"product_cat-kopek-tasmasi","7":"product_cat-pet-shop","8":"product_tag-afp","9":"product_tag-isikli","10":"product_tag-k-nite","11":"product_tag-kolye","13":"first","14":"instock","15":"taxable","16":"shipping-taxable","17":"purchasable","18":"product-type-simple"},"_links":{"self":[{"href":"https:\/\/depodanmusteriye.com\/urunler\/wp-json\/wp\/v2\/product\/21039","targetHints":{"allow":["GET"]}}],"collection":[{"href":"https:\/\/depodanmusteriye.com\/urunler\/wp-json\/wp\/v2\/product"}],"about":[{"href":"https:\/\/depodanmusteriye.com\/urunler\/wp-json\/wp\/v2\/types\/product"}],"replies":[{"embeddable":true,"href":"https:\/\/depodanmusteriye.com\/urunler\/wp-json\/wp\/v2\/comments?post=21039"}],"version-history":[{"count":0,"href":"https:\/\/depodanmusteriye.com\/urunler\/wp-json\/wp\/v2\/product\/21039\/revisions"}],"wp:featuredmedia":[{"embeddable":true,"href":"https:\/\/depodanmusteriye.com\/urunler\/wp-json\/wp\/v2\/media\/21038"}],"wp:attachment":[{"href":"https:\/\/depodanmusteriye.com\/urunler\/wp-json\/wp\/v2\/media?parent=21039"}],"wp:term":[{"taxonomy":"product_brand","embeddable":true,"href":"https:\/\/depodanmusteriye.com\/urunler\/wp-json\/wp\/v2\/product_brand?post=21039"},{"taxonomy":"product_cat","embeddable":true,"href":"https:\/\/depodanmusteriye.com\/urunler\/wp-json\/wp\/v2\/product_cat?post=21039"},{"taxonomy":"product_tag","embeddable":true,"href":"https:\/\/depodanmusteriye.com\/urunler\/wp-json\/wp\/v2\/product_tag?post=21039"}],"curies":[{"name":"wp","href":"https:\/\/api.w.org\/{rel}","templated":true}]}}