{"id":21037,"date":"2025-12-05T09:16:44","date_gmt":"2025-12-05T09:16:44","guid":{"rendered":"https:\/\/b2b.depodanmusteriye.com\/urun\/afp-knotty-habit-renkli-pelus-fare-ipli-oyuncak\/"},"modified":"2025-12-05T09:16:44","modified_gmt":"2025-12-05T09:16:44","slug":"afp-knotty-habit-renkli-pelus-fare-ipli-oyuncak","status":"publish","type":"product","link":"https:\/\/depodanmusteriye.com\/urunler\/urun\/afp-knotty-habit-renkli-pelus-fare-ipli-oyuncak\/","title":{"rendered":"Afp Knotty Habit &#8211; Renkli Pelu\u015f Fare \u0130pli Oyuncak"},"content":{"rendered":"<h4>Afp Knotty Habit &#8211; Renkli Pelu\u015f Fare \u0130pli Oyuncak <\/p>\n<p><b>1 adet fiyat\u0131d\u0131r<\/b> <\/p>\n<p><p><b>\u00dcretici Markas\u0131 : AFP<\/b><\/p>\n<p><b>\u00dcretici Kodu : 6802941<\/b><\/p>\n<p><b>1 ADET F\u0130YATIDIR<\/b><\/p>\n<\/h4>\n<p><\/p>\n","protected":false},"excerpt":{"rendered":"<p>Afp Knotty Habit &#8211; Renkli Pelu\u015f Fare \u0130pli Oyuncak<\/p>\n","protected":false},"featured_media":21036,"comment_status":"open","ping_status":"closed","template":"","meta":[],"product_brand":[],"product_cat":[505,370],"product_tag":[5673,4239,5716,1749,5715,1499,2872,1556],"class_list":{"0":"post-21037","1":"product","2":"type-product","3":"status-publish","4":"has-post-thumbnail","6":"product_cat-kedi-oyuncagi","7":"product_cat-pet-shop","8":"product_tag-afp","9":"product_tag-fare","10":"product_tag-habit","11":"product_tag-ipli","12":"product_tag-knotty","13":"product_tag-oyuncak","14":"product_tag-pelus","15":"product_tag-renkli","17":"first","18":"instock","19":"taxable","20":"shipping-taxable","21":"purchasable","22":"product-type-simple"},"_links":{"self":[{"href":"https:\/\/depodanmusteriye.com\/urunler\/wp-json\/wp\/v2\/product\/21037","targetHints":{"allow":["GET"]}}],"collection":[{"href":"https:\/\/depodanmusteriye.com\/urunler\/wp-json\/wp\/v2\/product"}],"about":[{"href":"https:\/\/depodanmusteriye.com\/urunler\/wp-json\/wp\/v2\/types\/product"}],"replies":[{"embeddable":true,"href":"https:\/\/depodanmusteriye.com\/urunler\/wp-json\/wp\/v2\/comments?post=21037"}],"version-history":[{"count":0,"href":"https:\/\/depodanmusteriye.com\/urunler\/wp-json\/wp\/v2\/product\/21037\/revisions"}],"wp:featuredmedia":[{"embeddable":true,"href":"https:\/\/depodanmusteriye.com\/urunler\/wp-json\/wp\/v2\/media\/21036"}],"wp:attachment":[{"href":"https:\/\/depodanmusteriye.com\/urunler\/wp-json\/wp\/v2\/media?parent=21037"}],"wp:term":[{"taxonomy":"product_brand","embeddable":true,"href":"https:\/\/depodanmusteriye.com\/urunler\/wp-json\/wp\/v2\/product_brand?post=21037"},{"taxonomy":"product_cat","embeddable":true,"href":"https:\/\/depodanmusteriye.com\/urunler\/wp-json\/wp\/v2\/product_cat?post=21037"},{"taxonomy":"product_tag","embeddable":true,"href":"https:\/\/depodanmusteriye.com\/urunler\/wp-json\/wp\/v2\/product_tag?post=21037"}],"curies":[{"name":"wp","href":"https:\/\/api.w.org\/{rel}","templated":true}]}}