{"id":210330,"date":"2025-12-17T13:50:32","date_gmt":"2025-12-17T13:50:32","guid":{"rendered":"https:\/\/b2b.depodanmusteriye.com\/urun\/tasinabilir-akilli-sesli-ceviri-cihazi-139-dil-destegi-dokunmatik-ekran\/"},"modified":"2025-12-17T13:50:32","modified_gmt":"2025-12-17T13:50:32","slug":"tasinabilir-akilli-sesli-ceviri-cihazi-139-dil-destegi-dokunmatik-ekran","status":"publish","type":"product","link":"https:\/\/depodanmusteriye.com\/urunler\/urun\/tasinabilir-akilli-sesli-ceviri-cihazi-139-dil-destegi-dokunmatik-ekran\/","title":{"rendered":"Ta\u015f\u0131nabilir Ak\u0131ll\u0131 Sesli \u00c7eviri Cihaz\u0131 \u2013 139 Dil Deste\u011fi, Dokunmatik Ekran"},"content":{"rendered":"<h4>Yabanc\u0131 diller art\u0131k engel de\u011fil!<br \/>\nBu ta\u015f\u0131nabilir sesli \u00e7eviri cihaz\u0131, d\u00fcnya genelinde tam 139 dili \u00e7evrimi\u00e7i, 17 dili ise \u00e7evrimd\u0131\u015f\u0131 olarak destekleyerek, uluslararas\u0131 ileti\u015fimi kolayla\u015ft\u0131r\u0131r.<br \/>\n\u0130\u015f seyahatlerinde, yurt d\u0131\u015f\u0131 tatillerinde veya e\u011fitimde dil bariyerini ortadan kald\u0131rmak i\u00e7in m\u00fckemmel bir \u00e7\u00f6z\u00fcmd\u00fcr.<\/p>\n<p>4.0 in\u00e7 IPS dokunmatik ekran\u0131, kullan\u0131c\u0131 dostu bir aray\u00fcz sunar.<br \/>\nMetin, sesli konu\u015fma, y\u00fcz y\u00fcze diyalog ve foto\u011fraf tan\u0131ma gibi birden fazla \u00e7eviri moduna sahiptir.<br \/>\nYaln\u0131zca bir tu\u015fa basarak an\u0131nda sesli \u00e7eviri yapabilir; kar\u015f\u0131 tarafla do\u011fal bir konu\u015fma ak\u0131\u015f\u0131 s\u00fcrd\u00fcrebilirsiniz.<\/p>\n<p>Yapay zek\u00e2 destekli ses tan\u0131ma sistemi, do\u011fru ve h\u0131zl\u0131 \u00e7eviri yaparak ileti\u015fimi sorunsuz hale getirir.<br \/>\nAyr\u0131ca 1500mAh bataryas\u0131 uzun s\u00fcreli kullan\u0131m sa\u011flar, USB kablo ile h\u0131zl\u0131 \u015farj edilebilir.<br \/>\nAl\u00fcminyum ala\u015f\u0131m g\u00f6vdesi \u015f\u0131k, sa\u011flam ve \u00e7izilmelere kar\u015f\u0131 dayan\u0131kl\u0131d\u0131r.<\/p>\n<p>Android ve iOS uyumlulu\u011fu sayesinde kolay ba\u011flant\u0131 kurabilir, gerekti\u011finde telefon \u00fczerinden veri g\u00fcncellemelerini alabilirsiniz.<br \/>\nKompakt ve hafif tasar\u0131m\u0131yla cebinizde veya \u00e7antan\u0131zda rahat\u00e7a ta\u015f\u0131yabilirsiniz.<br \/>\nGer\u00e7ek zamanl\u0131 \u00e7eviri kabiliyetiyle, d\u00fcnya art\u0131k parmaklar\u0131n\u0131z\u0131n ucunda! <\/p>\n<p><b>1 adet fiyat\u0131d\u0131r<\/b> <\/p>\n<p><p><b>\u00dcretici Markas\u0131 : ZERO LAND<\/b><\/p>\n<p><b>\u00dcretici Kodu : XUCZZZTRANSLATOR<\/b><\/p>\n<p><b>1 ADET F\u0130YATIDIR<\/b><\/p>\n<\/h4>\n<p><\/p>\n","protected":false},"excerpt":{"rendered":"<p>Ta\u015f\u0131nabilir Ak\u0131ll\u0131 Sesli \u00c7eviri Cihaz\u0131 \u2013 139 Dil Deste\u011fi, Dokunmatik Ekran<\/p>\n","protected":false},"featured_media":210325,"comment_status":"open","ping_status":"closed","template":"","meta":[],"product_brand":[],"product_cat":[379,649],"product_tag":[3636,3967,2756,4159,5013,1985,2774,3966,2982],"class_list":{"0":"post-210330","1":"product","2":"type-product","3":"status-publish","4":"has-post-thumbnail","6":"product_cat-ev-yasam","7":"product_cat-usb-sd-cevirici-modul","8":"product_tag-akilli","9":"product_tag-ceviri","10":"product_tag-cihazi","11":"product_tag-destegi","12":"product_tag-dil","13":"product_tag-dokunmatik","14":"product_tag-ekran","15":"product_tag-sesli","16":"product_tag-tasinabilir","18":"first","19":"instock","20":"taxable","21":"shipping-taxable","22":"purchasable","23":"product-type-simple"},"_links":{"self":[{"href":"https:\/\/depodanmusteriye.com\/urunler\/wp-json\/wp\/v2\/product\/210330","targetHints":{"allow":["GET"]}}],"collection":[{"href":"https:\/\/depodanmusteriye.com\/urunler\/wp-json\/wp\/v2\/product"}],"about":[{"href":"https:\/\/depodanmusteriye.com\/urunler\/wp-json\/wp\/v2\/types\/product"}],"replies":[{"embeddable":true,"href":"https:\/\/depodanmusteriye.com\/urunler\/wp-json\/wp\/v2\/comments?post=210330"}],"version-history":[{"count":0,"href":"https:\/\/depodanmusteriye.com\/urunler\/wp-json\/wp\/v2\/product\/210330\/revisions"}],"wp:featuredmedia":[{"embeddable":true,"href":"https:\/\/depodanmusteriye.com\/urunler\/wp-json\/wp\/v2\/media\/210325"}],"wp:attachment":[{"href":"https:\/\/depodanmusteriye.com\/urunler\/wp-json\/wp\/v2\/media?parent=210330"}],"wp:term":[{"taxonomy":"product_brand","embeddable":true,"href":"https:\/\/depodanmusteriye.com\/urunler\/wp-json\/wp\/v2\/product_brand?post=210330"},{"taxonomy":"product_cat","embeddable":true,"href":"https:\/\/depodanmusteriye.com\/urunler\/wp-json\/wp\/v2\/product_cat?post=210330"},{"taxonomy":"product_tag","embeddable":true,"href":"https:\/\/depodanmusteriye.com\/urunler\/wp-json\/wp\/v2\/product_tag?post=210330"}],"curies":[{"name":"wp","href":"https:\/\/api.w.org\/{rel}","templated":true}]}}