{"id":209836,"date":"2025-12-16T05:18:42","date_gmt":"2025-12-16T05:18:42","guid":{"rendered":"https:\/\/b2b.depodanmusteriye.com\/urun\/kablosuz-bluetooth-kulaklik-uzun-omurlu-batarya-ergonomik-tasarim-gurultu-engelleyici\/"},"modified":"2025-12-16T05:18:42","modified_gmt":"2025-12-16T05:18:42","slug":"kablosuz-bluetooth-kulaklik-uzun-omurlu-batarya-ergonomik-tasarim-gurultu-engelleyici","status":"publish","type":"product","link":"https:\/\/depodanmusteriye.com\/urunler\/urun\/kablosuz-bluetooth-kulaklik-uzun-omurlu-batarya-ergonomik-tasarim-gurultu-engelleyici\/","title":{"rendered":"Kablosuz Bluetooth Kulakl\u0131k \u2013 Uzun \u00d6m\u00fcrl\u00fc Batarya, Ergonomik Tasar\u0131m, G\u00fcr\u00fclt\u00fc Engelleyici"},"content":{"rendered":"<h4>Her an\u0131n ritmini yakalay\u0131n!<br \/>\nBu kablosuz kulakl\u0131k, g\u00fc\u00e7l\u00fc pil performans\u0131 ve geli\u015fmi\u015f ses teknolojisiyle hem m\u00fczik hem ileti\u015fim i\u00e7in kusursuz bir deneyim sunar.<br \/>\nY\u00fcksek hassasiyetli s\u00fcr\u00fcc\u00fcler, g\u00fc\u00e7l\u00fc baslar ve net tizlerle m\u00fckemmel ses dengesini olu\u015fturur.<\/p>\n<p>G\u00fcr\u00fclt\u00fc azaltma sistemi, d\u0131\u015f sesleri filtreleyerek yaln\u0131zca m\u00fczi\u011fe veya konu\u015fmaya odaklanman\u0131z\u0131 sa\u011flar.<br \/>\nDokunmatik kontrol y\u00fczeyi, kabloya ihtiya\u00e7 duymadan t\u00fcm i\u015flemleri pratik hale getirir.<\/p>\n<p>Uzun s\u00fcreli kullan\u0131ma uygun ergonomik tasar\u0131m\u0131, kula\u011fa tam oturur ve rahats\u0131zl\u0131k hissi olu\u015fturmaz.<br \/>\nKompakt \u015farj kutusu, kulakl\u0131klar\u0131n\u0131z\u0131 ta\u015f\u0131may\u0131 ve \u015farj etmeyi kolayla\u015ft\u0131r\u0131r.<br \/>\nType-C h\u0131zl\u0131 \u015farj giri\u015fi sayesinde k\u0131sa s\u00fcrede dolum sa\u011flar.<\/p>\n<p>Hem spor hem g\u00fcnl\u00fck kullan\u0131m i\u00e7in ideal olan bu kulakl\u0131k, hafif yap\u0131s\u0131yla fark yarat\u0131r.<br \/>\nHer ortamda \u00f6zg\u00fcrce m\u00fczik dinleyebilir, net telefon g\u00f6r\u00fc\u015fmeleri yapabilirsiniz. <\/p>\n<p><b>1 adet fiyat\u0131d\u0131r<\/b> <\/p>\n<p><p><b>\u00dcretici Markas\u0131 : ZERO LAND<\/b><\/p>\n<p><b>\u00dcretici Kodu : UCZZZHA\u0130NO1202<\/b><\/p>\n<p><b>1 ADET F\u0130YATIDIR<\/b><\/p>\n<\/h4>\n<p><\/p>\n","protected":false},"excerpt":{"rendered":"<p>Kablosuz Bluetooth Kulakl\u0131k \u2013 Uzun \u00d6m\u00fcrl\u00fc Batarya, Ergonomik Tasar\u0131m, G\u00fcr\u00fclt\u00fc Engelleyici<\/p>\n","protected":false},"featured_media":209831,"comment_status":"open","ping_status":"closed","template":"","meta":[],"product_brand":[],"product_cat":[494,374],"product_tag":[4311,3605,9197,3992,9196,1640,1641,4187,4035,2357],"class_list":{"0":"post-209836","1":"product","2":"type-product","3":"status-publish","4":"has-post-thumbnail","6":"product_cat-kulak-ici-tws-bluetooth-kulaklik","7":"product_cat-mobil-aksesuar","8":"product_tag-batarya","9":"product_tag-bluetooth","10":"product_tag-engelleyici","11":"product_tag-ergonomik","12":"product_tag-gurultu","13":"product_tag-kablosuz","14":"product_tag-kulaklik","15":"product_tag-omurlu","16":"product_tag-tasarim","17":"product_tag-uzun","19":"first","20":"instock","21":"taxable","22":"shipping-taxable","23":"purchasable","24":"product-type-simple"},"_links":{"self":[{"href":"https:\/\/depodanmusteriye.com\/urunler\/wp-json\/wp\/v2\/product\/209836","targetHints":{"allow":["GET"]}}],"collection":[{"href":"https:\/\/depodanmusteriye.com\/urunler\/wp-json\/wp\/v2\/product"}],"about":[{"href":"https:\/\/depodanmusteriye.com\/urunler\/wp-json\/wp\/v2\/types\/product"}],"replies":[{"embeddable":true,"href":"https:\/\/depodanmusteriye.com\/urunler\/wp-json\/wp\/v2\/comments?post=209836"}],"version-history":[{"count":0,"href":"https:\/\/depodanmusteriye.com\/urunler\/wp-json\/wp\/v2\/product\/209836\/revisions"}],"wp:featuredmedia":[{"embeddable":true,"href":"https:\/\/depodanmusteriye.com\/urunler\/wp-json\/wp\/v2\/media\/209831"}],"wp:attachment":[{"href":"https:\/\/depodanmusteriye.com\/urunler\/wp-json\/wp\/v2\/media?parent=209836"}],"wp:term":[{"taxonomy":"product_brand","embeddable":true,"href":"https:\/\/depodanmusteriye.com\/urunler\/wp-json\/wp\/v2\/product_brand?post=209836"},{"taxonomy":"product_cat","embeddable":true,"href":"https:\/\/depodanmusteriye.com\/urunler\/wp-json\/wp\/v2\/product_cat?post=209836"},{"taxonomy":"product_tag","embeddable":true,"href":"https:\/\/depodanmusteriye.com\/urunler\/wp-json\/wp\/v2\/product_tag?post=209836"}],"curies":[{"name":"wp","href":"https:\/\/api.w.org\/{rel}","templated":true}]}}