{"id":209830,"date":"2025-12-16T05:18:19","date_gmt":"2025-12-16T05:18:19","guid":{"rendered":"https:\/\/b2b.depodanmusteriye.com\/urun\/bluetooth-kablosuz-kulaklik-gurultu-onleme-dokunmatik-kontrol-sarj-kutulu\/"},"modified":"2025-12-16T05:18:19","modified_gmt":"2025-12-16T05:18:19","slug":"bluetooth-kablosuz-kulaklik-gurultu-onleme-dokunmatik-kontrol-sarj-kutulu","status":"publish","type":"product","link":"https:\/\/depodanmusteriye.com\/urunler\/urun\/bluetooth-kablosuz-kulaklik-gurultu-onleme-dokunmatik-kontrol-sarj-kutulu\/","title":{"rendered":"Bluetooth Kablosuz Kulakl\u0131k \u2013 G\u00fcr\u00fclt\u00fc \u00d6nleme, Dokunmatik Kontrol, \u015earj Kutulu"},"content":{"rendered":"<h4>Kablolardan kurtulun, m\u00fczi\u011fi \u00f6zg\u00fcrce ya\u015fay\u0131n!<br \/>\nBu kablosuz kulakl\u0131k, g\u00fc\u00e7l\u00fc Bluetooth ba\u011flant\u0131s\u0131 ve ileri ses teknolojisiyle net, dengeli ve g\u00fc\u00e7l\u00fc bir ses deneyimi sunar.<\/p>\n<p>G\u00fcr\u00fclt\u00fc \u00f6nleyici mikrofonu, \u00e7evresel sesleri bast\u0131r\u0131r, b\u00f6ylece aramalarda net bir ileti\u015fim sa\u011flar.<br \/>\nDokunmatik kontrol fonksiyonu sayesinde ellerinizi kullanmadan \u015fark\u0131 ge\u00e7i\u015fi yapabilir veya \u00e7a\u011fr\u0131lar\u0131 y\u00f6netebilirsiniz.<\/p>\n<p>\u015earj kutusu, kulakl\u0131klar\u0131n\u0131z\u0131 hem saklar hem de \u015farj eder.<br \/>\nUzun pil \u00f6mr\u00fc, kesintisiz dinleme keyfi sa\u011flar.<br \/>\nHafif ve ergonomik tasar\u0131m\u0131, uzun s\u00fcreli kullan\u0131mlarda bile konfor sunar.<\/p>\n<p>Bu kulakl\u0131k, g\u00fcnl\u00fck ya\u015famda, seyahatlerde veya spor yaparken m\u00fckemmel bir yol arkada\u015f\u0131d\u0131r.<br \/>\nModern g\u00f6r\u00fcn\u00fcm\u00fcyle tarz\u0131n\u0131z\u0131 tamamlar ve her ortamda dikkat \u00e7eker. <\/p>\n<p><b>1 adet fiyat\u0131d\u0131r<\/b> <\/p>\n<p><p><b>\u00dcretici Markas\u0131 : ZERO LAND<\/b><\/p>\n<p><b>\u00dcretici Kodu : UCZZZHA\u0130NO1203<\/b><\/p>\n<p><b>1 ADET F\u0130YATIDIR<\/b><\/p>\n<\/h4>\n<p><\/p>\n","protected":false},"excerpt":{"rendered":"<p>Bluetooth Kablosuz Kulakl\u0131k \u2013 G\u00fcr\u00fclt\u00fc \u00d6nleme, Dokunmatik Kontrol, \u015earj Kutulu<\/p>\n","protected":false},"featured_media":209825,"comment_status":"open","ping_status":"closed","template":"","meta":[],"product_brand":[],"product_cat":[494,374],"product_tag":[3605,1985,9196,1640,2615,1641,5220,13457,2755],"class_list":{"0":"post-209830","1":"product","2":"type-product","3":"status-publish","4":"has-post-thumbnail","6":"product_cat-kulak-ici-tws-bluetooth-kulaklik","7":"product_cat-mobil-aksesuar","8":"product_tag-bluetooth","9":"product_tag-dokunmatik","10":"product_tag-gurultu","11":"product_tag-kablosuz","12":"product_tag-kontrol","13":"product_tag-kulaklik","14":"product_tag-kutulu","15":"product_tag-onleme","16":"product_tag-sarj","18":"first","19":"instock","20":"taxable","21":"shipping-taxable","22":"purchasable","23":"product-type-simple"},"_links":{"self":[{"href":"https:\/\/depodanmusteriye.com\/urunler\/wp-json\/wp\/v2\/product\/209830","targetHints":{"allow":["GET"]}}],"collection":[{"href":"https:\/\/depodanmusteriye.com\/urunler\/wp-json\/wp\/v2\/product"}],"about":[{"href":"https:\/\/depodanmusteriye.com\/urunler\/wp-json\/wp\/v2\/types\/product"}],"replies":[{"embeddable":true,"href":"https:\/\/depodanmusteriye.com\/urunler\/wp-json\/wp\/v2\/comments?post=209830"}],"version-history":[{"count":0,"href":"https:\/\/depodanmusteriye.com\/urunler\/wp-json\/wp\/v2\/product\/209830\/revisions"}],"wp:featuredmedia":[{"embeddable":true,"href":"https:\/\/depodanmusteriye.com\/urunler\/wp-json\/wp\/v2\/media\/209825"}],"wp:attachment":[{"href":"https:\/\/depodanmusteriye.com\/urunler\/wp-json\/wp\/v2\/media?parent=209830"}],"wp:term":[{"taxonomy":"product_brand","embeddable":true,"href":"https:\/\/depodanmusteriye.com\/urunler\/wp-json\/wp\/v2\/product_brand?post=209830"},{"taxonomy":"product_cat","embeddable":true,"href":"https:\/\/depodanmusteriye.com\/urunler\/wp-json\/wp\/v2\/product_cat?post=209830"},{"taxonomy":"product_tag","embeddable":true,"href":"https:\/\/depodanmusteriye.com\/urunler\/wp-json\/wp\/v2\/product_tag?post=209830"}],"curies":[{"name":"wp","href":"https:\/\/api.w.org\/{rel}","templated":true}]}}