{"id":209818,"date":"2025-12-16T05:17:38","date_gmt":"2025-12-16T05:17:38","guid":{"rendered":"https:\/\/b2b.depodanmusteriye.com\/urun\/kablosuz-dokunmatik-kulaklik-haino-120\/"},"modified":"2025-12-16T05:17:38","modified_gmt":"2025-12-16T05:17:38","slug":"kablosuz-dokunmatik-kulaklik-haino-120","status":"publish","type":"product","link":"https:\/\/depodanmusteriye.com\/urunler\/urun\/kablosuz-dokunmatik-kulaklik-haino-120\/","title":{"rendered":"Kablosuz Dokunmatik Kulakl\u0131k HA\u0130NO 120"},"content":{"rendered":"<h4>M\u00fczi\u011fin \u00f6zg\u00fcrl\u00fc\u011f\u00fcn\u00fc hissedin!<br \/>\nBu kablosuz kulakl\u0131k, y\u00fcksek ses kalitesi ve modern teknolojiyi bir araya getirir.<br \/>\nBluetooth ba\u011flant\u0131s\u0131 ile cihazlar\u0131n\u0131za saniyeler i\u00e7inde ba\u011flan\u0131r ve kopma ya\u015famadan m\u00fczik dinlemenizi sa\u011flar.<\/p>\n<p>G\u00fcr\u00fclt\u00fc engelleyici mikrofonu, d\u0131\u015f sesleri filtreleyerek konu\u015fmalar\u0131n\u0131zda netlik sunar.<br \/>\nDokunmatik kontrol paneli, \u015fark\u0131 ge\u00e7i\u015fi ve ses kontrol\u00fcn\u00fc parmak ucunuzla kolayca yapabilmenizi sa\u011flar.<\/p>\n<p>Ergonomik yap\u0131s\u0131 kula\u011f\u0131n\u0131za m\u00fckemmel uyum sa\u011flar, uzun dinleme seanslar\u0131nda bile rahatl\u0131k sunar.<br \/>\nG\u00fc\u00e7l\u00fc bataryas\u0131 sayesinde g\u00fcn boyu kesintisiz m\u00fczik keyfi ya\u015fars\u0131n\u0131z.<\/p>\n<p>Kompakt \u015farj kutusu, kulakl\u0131klar\u0131n\u0131z\u0131 g\u00fcvenle ta\u015f\u0131rken her an kullan\u0131ma haz\u0131r tutar.<br \/>\nMinimalist tasar\u0131m\u0131, hem g\u00fcnl\u00fck ya\u015famda hem i\u015f ortam\u0131nda zarif bir aksesuar haline gelir. <\/p>\n<p><b>1 adet fiyat\u0131d\u0131r<\/b> <\/p>\n<p><p><b>\u00dcretici Markas\u0131 : ZERO LAND<\/b><\/p>\n<p><b>\u00dcretici Kodu : UCZZZHA\u0130NO1205<\/b><\/p>\n<p><b>1 ADET F\u0130YATIDIR<\/b><\/p>\n<\/h4>\n<p><\/p>\n","protected":false},"excerpt":{"rendered":"<p>Kablosuz Dokunmatik Kulakl\u0131k HA\u0130NO 120<\/p>\n","protected":false},"featured_media":209813,"comment_status":"open","ping_status":"closed","template":"","meta":[],"product_brand":[],"product_cat":[379,2211],"product_tag":[2344,1985,14442,1640,1641],"class_list":{"0":"post-209818","1":"product","2":"type-product","3":"status-publish","4":"has-post-thumbnail","6":"product_cat-ev-yasam","7":"product_cat-kulak-ici-kablolu-kulaklik-ev-ya-am","8":"product_tag-2344","9":"product_tag-dokunmatik","10":"product_tag-haino","11":"product_tag-kablosuz","12":"product_tag-kulaklik","14":"first","15":"instock","16":"taxable","17":"shipping-taxable","18":"purchasable","19":"product-type-simple"},"_links":{"self":[{"href":"https:\/\/depodanmusteriye.com\/urunler\/wp-json\/wp\/v2\/product\/209818","targetHints":{"allow":["GET"]}}],"collection":[{"href":"https:\/\/depodanmusteriye.com\/urunler\/wp-json\/wp\/v2\/product"}],"about":[{"href":"https:\/\/depodanmusteriye.com\/urunler\/wp-json\/wp\/v2\/types\/product"}],"replies":[{"embeddable":true,"href":"https:\/\/depodanmusteriye.com\/urunler\/wp-json\/wp\/v2\/comments?post=209818"}],"version-history":[{"count":0,"href":"https:\/\/depodanmusteriye.com\/urunler\/wp-json\/wp\/v2\/product\/209818\/revisions"}],"wp:featuredmedia":[{"embeddable":true,"href":"https:\/\/depodanmusteriye.com\/urunler\/wp-json\/wp\/v2\/media\/209813"}],"wp:attachment":[{"href":"https:\/\/depodanmusteriye.com\/urunler\/wp-json\/wp\/v2\/media?parent=209818"}],"wp:term":[{"taxonomy":"product_brand","embeddable":true,"href":"https:\/\/depodanmusteriye.com\/urunler\/wp-json\/wp\/v2\/product_brand?post=209818"},{"taxonomy":"product_cat","embeddable":true,"href":"https:\/\/depodanmusteriye.com\/urunler\/wp-json\/wp\/v2\/product_cat?post=209818"},{"taxonomy":"product_tag","embeddable":true,"href":"https:\/\/depodanmusteriye.com\/urunler\/wp-json\/wp\/v2\/product_tag?post=209818"}],"curies":[{"name":"wp","href":"https:\/\/api.w.org\/{rel}","templated":true}]}}