{"id":209800,"date":"2025-12-16T05:16:35","date_gmt":"2025-12-16T05:16:35","guid":{"rendered":"https:\/\/b2b.depodanmusteriye.com\/urun\/nabiz-olcerli-akilli-saat-adim-sayar-ve-kalori-olcer-ozellikli\/"},"modified":"2025-12-16T05:16:35","modified_gmt":"2025-12-16T05:16:35","slug":"nabiz-olcerli-akilli-saat-adim-sayar-ve-kalori-olcer-ozellikli","status":"publish","type":"product","link":"https:\/\/depodanmusteriye.com\/urunler\/urun\/nabiz-olcerli-akilli-saat-adim-sayar-ve-kalori-olcer-ozellikli\/","title":{"rendered":"Nab\u0131z \u00d6l\u00e7erli Ak\u0131ll\u0131 Saat \u2013 Ad\u0131m Sayar ve Kalori \u00d6l\u00e7er \u00d6zellikli"},"content":{"rendered":"<h4>Basit, kullan\u0131\u015fl\u0131 ve i\u015flevsel bir ak\u0131ll\u0131 saat arayanlar i\u00e7in ideal bir modeldir.<br \/>\nKalp at\u0131\u015f h\u0131z\u0131, ad\u0131m say\u0131s\u0131, kalori t\u00fcketimi ve tansiyon \u00f6l\u00e7\u00fcm\u00fcyle g\u00fcnl\u00fck sa\u011fl\u0131k verilerinizi kolayca takip etmenizi sa\u011flar.<\/p>\n<p>Dijital ekran\u0131, b\u00fcy\u00fck ve okunabilir karakterlerle tasarlanm\u0131\u015ft\u0131r.<br \/>\nSilikon kordonu, uzun s\u00fcreli kullan\u0131mlarda bile bile\u011fi s\u0131kmaz.<br \/>\nHareketsizlik uyar\u0131s\u0131, masa ba\u015f\u0131nda uzun s\u00fcre kal\u0131nd\u0131\u011f\u0131nda hat\u0131rlatma yaparak aktif kalman\u0131za yard\u0131mc\u0131 olur.<\/p>\n<p>\u015earj gerektirmeyen pilli \u00e7al\u0131\u015fma sistemiyle pratik kullan\u0131m sunar.<br \/>\nG\u00fcnl\u00fck ya\u015fam, y\u00fcr\u00fcy\u00fc\u015f veya spor s\u0131ras\u0131nda kullanmak i\u00e7in uygundur.<br \/>\nSadece ter dayan\u0131kl\u0131d\u0131r, su alt\u0131 veya du\u015f kullan\u0131m\u0131 i\u00e7in uygun de\u011fildir.<\/p>\n<p>Basit aray\u00fcz\u00fc sayesinde her ya\u015ftan kullan\u0131c\u0131 taraf\u0131ndan rahatl\u0131kla kullan\u0131labilir.<br \/>\nG\u00fcnl\u00fck ad\u0131m hedeflerinizi takip ederken sa\u011fl\u0131kl\u0131 ya\u015fam rutininizi olu\u015fturman\u0131za yard\u0131mc\u0131 olur. <\/p>\n<p><b>1 adet fiyat\u0131d\u0131r<\/b> <\/p>\n<p><p><b>\u00dcretici Markas\u0131 : ZERO LAND<\/b><\/p>\n<p><b>\u00dcretici Kodu : UCZZZFD862<\/b><\/p>\n<p><b>1 ADET F\u0130YATIDIR<\/b><\/p>\n<\/h4>\n<p><\/p>\n","protected":false},"excerpt":{"rendered":"<p>Nab\u0131z \u00d6l\u00e7erli Ak\u0131ll\u0131 Saat \u2013 Ad\u0131m Sayar ve Kalori \u00d6l\u00e7er \u00d6zellikli<\/p>\n","protected":false},"featured_media":209795,"comment_status":"open","ping_status":"closed","template":"","meta":[],"product_brand":[],"product_cat":[630,374],"product_tag":[14117,3636,14032,13294,1811,13829,2025,3637,14402,2104],"class_list":{"0":"post-209800","1":"product","2":"type-product","3":"status-publish","4":"has-post-thumbnail","6":"product_cat-akilli-saat","7":"product_cat-mobil-aksesuar","8":"product_tag-adim","9":"product_tag-akilli","10":"product_tag-kalori","11":"product_tag-nabiz","12":"product_tag-olcer","13":"product_tag-olcerli","14":"product_tag-ozellikli","15":"product_tag-saat","16":"product_tag-sayar","17":"product_tag-ve","19":"first","20":"instock","21":"taxable","22":"shipping-taxable","23":"purchasable","24":"product-type-simple"},"_links":{"self":[{"href":"https:\/\/depodanmusteriye.com\/urunler\/wp-json\/wp\/v2\/product\/209800","targetHints":{"allow":["GET"]}}],"collection":[{"href":"https:\/\/depodanmusteriye.com\/urunler\/wp-json\/wp\/v2\/product"}],"about":[{"href":"https:\/\/depodanmusteriye.com\/urunler\/wp-json\/wp\/v2\/types\/product"}],"replies":[{"embeddable":true,"href":"https:\/\/depodanmusteriye.com\/urunler\/wp-json\/wp\/v2\/comments?post=209800"}],"version-history":[{"count":0,"href":"https:\/\/depodanmusteriye.com\/urunler\/wp-json\/wp\/v2\/product\/209800\/revisions"}],"wp:featuredmedia":[{"embeddable":true,"href":"https:\/\/depodanmusteriye.com\/urunler\/wp-json\/wp\/v2\/media\/209795"}],"wp:attachment":[{"href":"https:\/\/depodanmusteriye.com\/urunler\/wp-json\/wp\/v2\/media?parent=209800"}],"wp:term":[{"taxonomy":"product_brand","embeddable":true,"href":"https:\/\/depodanmusteriye.com\/urunler\/wp-json\/wp\/v2\/product_brand?post=209800"},{"taxonomy":"product_cat","embeddable":true,"href":"https:\/\/depodanmusteriye.com\/urunler\/wp-json\/wp\/v2\/product_cat?post=209800"},{"taxonomy":"product_tag","embeddable":true,"href":"https:\/\/depodanmusteriye.com\/urunler\/wp-json\/wp\/v2\/product_tag?post=209800"}],"curies":[{"name":"wp","href":"https:\/\/api.w.org\/{rel}","templated":true}]}}