{"id":209794,"date":"2025-12-16T05:16:09","date_gmt":"2025-12-16T05:16:09","guid":{"rendered":"https:\/\/b2b.depodanmusteriye.com\/urun\/dijital-spor-saat-kalp-atisi-kalori-ve-adim-takip-ozellikli\/"},"modified":"2025-12-16T05:16:09","modified_gmt":"2025-12-16T05:16:09","slug":"dijital-spor-saat-kalp-atisi-kalori-ve-adim-takip-ozellikli","status":"publish","type":"product","link":"https:\/\/depodanmusteriye.com\/urunler\/urun\/dijital-spor-saat-kalp-atisi-kalori-ve-adim-takip-ozellikli\/","title":{"rendered":"Dijital Spor Saat \u2013 Kalp At\u0131\u015f\u0131, Kalori ve Ad\u0131m Takip \u00d6zellikli"},"content":{"rendered":"<h4>Pratik kullan\u0131m\u0131 ve sade g\u00f6r\u00fcn\u00fcm\u00fcyle bu ak\u0131ll\u0131 saat, spor yapmay\u0131 sevenlerin g\u00fcnl\u00fck yard\u0131mc\u0131s\u0131 olur.<br \/>\nKalp at\u0131\u015f h\u0131z\u0131 \u00f6l\u00e7\u00fcm\u00fc, ad\u0131m sayma ve kalori hesaplama \u00f6zellikleriyle fiziksel aktivitelerinizi d\u00fczenli olarak takip edebilirsiniz.<\/p>\n<p>Tansiyon \u00f6l\u00e7\u00fcm fonksiyonu, kan bas\u0131nc\u0131 takibinizi kolayla\u015ft\u0131r\u0131r.<br \/>\nDijital ekran\u0131 sade ve nettir; veriler kolayca okunabilir.<br \/>\nYumu\u015fak silikon kordonu, bile\u011fe tam oturur ve terlemeye kar\u015f\u0131 dayan\u0131kl\u0131d\u0131r.<\/p>\n<p>\u015earj gerektirmeyen pilli \u00e7al\u0131\u015fma sistemi, kullan\u0131c\u0131ya pratiklik sa\u011flar.<br \/>\nYaln\u0131zca ter ge\u00e7irmez yap\u0131ya sahiptir; suya maruz b\u0131rak\u0131lmamal\u0131d\u0131r.<\/p>\n<p>Basit kontrol d\u00fc\u011fmeleri sayesinde herkesin kolayca kullanabilece\u011fi bir \u00fcr\u00fcnd\u00fcr.<br \/>\nSpor yaparken ya da g\u00fcn i\u00e7indeki aktivitelerinizi \u00f6l\u00e7mek i\u00e7in ideal bir se\u00e7enektir. <\/p>\n<p><b>1 adet fiyat\u0131d\u0131r<\/b> <\/p>\n<p><p><b>\u00dcretici Markas\u0131 : ZERO LAND<\/b><\/p>\n<p><b>\u00dcretici Kodu : UCZZZFD863<\/b><\/p>\n<p><b>1 ADET F\u0130YATIDIR<\/b><\/p>\n<\/h4>\n<p><\/p>\n","protected":false},"excerpt":{"rendered":"<p>Dijital Spor Saat \u2013 Kalp At\u0131\u015f\u0131, Kalori ve Ad\u0131m Takip \u00d6zellikli<\/p>\n","protected":false},"featured_media":209789,"comment_status":"open","ping_status":"closed","template":"","meta":[],"product_brand":[],"product_cat":[630,374],"product_tag":[14117,13631,3443,14032,2349,2025,3637,2804,2023,2104],"class_list":{"0":"post-209794","1":"product","2":"type-product","3":"status-publish","4":"has-post-thumbnail","6":"product_cat-akilli-saat","7":"product_cat-mobil-aksesuar","8":"product_tag-adim","9":"product_tag-atisi","10":"product_tag-dijital","11":"product_tag-kalori","12":"product_tag-kalp","13":"product_tag-ozellikli","14":"product_tag-saat","15":"product_tag-spor","16":"product_tag-takip","17":"product_tag-ve","19":"first","20":"instock","21":"taxable","22":"shipping-taxable","23":"purchasable","24":"product-type-simple"},"_links":{"self":[{"href":"https:\/\/depodanmusteriye.com\/urunler\/wp-json\/wp\/v2\/product\/209794","targetHints":{"allow":["GET"]}}],"collection":[{"href":"https:\/\/depodanmusteriye.com\/urunler\/wp-json\/wp\/v2\/product"}],"about":[{"href":"https:\/\/depodanmusteriye.com\/urunler\/wp-json\/wp\/v2\/types\/product"}],"replies":[{"embeddable":true,"href":"https:\/\/depodanmusteriye.com\/urunler\/wp-json\/wp\/v2\/comments?post=209794"}],"version-history":[{"count":0,"href":"https:\/\/depodanmusteriye.com\/urunler\/wp-json\/wp\/v2\/product\/209794\/revisions"}],"wp:featuredmedia":[{"embeddable":true,"href":"https:\/\/depodanmusteriye.com\/urunler\/wp-json\/wp\/v2\/media\/209789"}],"wp:attachment":[{"href":"https:\/\/depodanmusteriye.com\/urunler\/wp-json\/wp\/v2\/media?parent=209794"}],"wp:term":[{"taxonomy":"product_brand","embeddable":true,"href":"https:\/\/depodanmusteriye.com\/urunler\/wp-json\/wp\/v2\/product_brand?post=209794"},{"taxonomy":"product_cat","embeddable":true,"href":"https:\/\/depodanmusteriye.com\/urunler\/wp-json\/wp\/v2\/product_cat?post=209794"},{"taxonomy":"product_tag","embeddable":true,"href":"https:\/\/depodanmusteriye.com\/urunler\/wp-json\/wp\/v2\/product_tag?post=209794"}],"curies":[{"name":"wp","href":"https:\/\/api.w.org\/{rel}","templated":true}]}}