{"id":209788,"date":"2025-12-16T05:15:47","date_gmt":"2025-12-16T05:15:47","guid":{"rendered":"https:\/\/b2b.depodanmusteriye.com\/urun\/spor-akilli-saat-nabiz-olcer-adim-sayar-ve-hareketsizlik-hatirlaticili\/"},"modified":"2025-12-16T05:15:47","modified_gmt":"2025-12-16T05:15:47","slug":"spor-akilli-saat-nabiz-olcer-adim-sayar-ve-hareketsizlik-hatirlaticili","status":"publish","type":"product","link":"https:\/\/depodanmusteriye.com\/urunler\/urun\/spor-akilli-saat-nabiz-olcer-adim-sayar-ve-hareketsizlik-hatirlaticili\/","title":{"rendered":"Spor Ak\u0131ll\u0131 Saat \u2013 Nab\u0131z \u00d6l\u00e7er, Ad\u0131m Sayar ve Hareketsizlik Hat\u0131rlat\u0131c\u0131l\u0131"},"content":{"rendered":"<h4>Sa\u011fl\u0131kl\u0131 ya\u015fam\u0131 destekleyen sade bir ak\u0131ll\u0131 saat ar\u0131yorsan\u0131z, bu model tam size g\u00f6re.<br \/>\nKalp at\u0131\u015f h\u0131z\u0131, ad\u0131m say\u0131s\u0131, kalori \u00f6l\u00e7\u00fcm\u00fc ve hareketsizlik uyar\u0131s\u0131 gibi fonksiyonlarla donat\u0131lm\u0131\u015ft\u0131r.<\/p>\n<p>Dijital ekran\u0131nda saat, tarih, kalori ve ad\u0131m verilerini net bir \u015fekilde g\u00f6sterir.<br \/>\nKlasik spor tasar\u0131m\u0131yla hem erkekler hem kad\u0131nlar i\u00e7in uygundur.<br \/>\nTer dayan\u0131kl\u0131 silikon bileklik, g\u00fcn boyu rahat kullan\u0131m sa\u011flar.<\/p>\n<p>Pille \u00e7al\u0131\u015ft\u0131\u011f\u0131 i\u00e7in \u015farjla u\u011fra\u015fma derdi yoktur.<br \/>\nKompakt yap\u0131s\u0131 sayesinde bile\u011finizde a\u011f\u0131rl\u0131k hissi olu\u015fturmaz.<\/p>\n<p>Basit men\u00fc yap\u0131s\u0131 sayesinde her ya\u015ftan kullan\u0131c\u0131 kolayl\u0131kla kullanabilir.<br \/>\nG\u00fcnl\u00fck ad\u0131mlar\u0131n\u0131z\u0131 sayarken ayn\u0131 zamanda motivasyonunuzu art\u0131r\u0131r.<br \/>\nSa\u011fl\u0131k ve konforu bir araya getiren pratik bir ak\u0131ll\u0131 saattir. <\/p>\n<p><b>1 adet fiyat\u0131d\u0131r<\/b> <\/p>\n<p><p><b>\u00dcretici Markas\u0131 : ZERO LAND<\/b><\/p>\n<p><b>\u00dcretici Kodu : UCZZZFD864<\/b><\/p>\n<p><b>1 ADET F\u0130YATIDIR<\/b><\/p>\n<\/h4>\n<p><\/p>\n","protected":false},"excerpt":{"rendered":"<p>Spor Ak\u0131ll\u0131 Saat \u2013 Nab\u0131z \u00d6l\u00e7er, Ad\u0131m Sayar ve Hareketsizlik Hat\u0131rlat\u0131c\u0131l\u0131<\/p>\n","protected":false},"featured_media":209783,"comment_status":"open","ping_status":"closed","template":"","meta":[],"product_brand":[],"product_cat":[630,374],"product_tag":[14117,3636,14987,14988,13294,1811,3637,14402,2804,2104],"class_list":{"0":"post-209788","1":"product","2":"type-product","3":"status-publish","4":"has-post-thumbnail","6":"product_cat-akilli-saat","7":"product_cat-mobil-aksesuar","8":"product_tag-adim","9":"product_tag-akilli","10":"product_tag-hareketsizlik","11":"product_tag-hatirlaticili","12":"product_tag-nabiz","13":"product_tag-olcer","14":"product_tag-saat","15":"product_tag-sayar","16":"product_tag-spor","17":"product_tag-ve","19":"first","20":"instock","21":"taxable","22":"shipping-taxable","23":"purchasable","24":"product-type-simple"},"_links":{"self":[{"href":"https:\/\/depodanmusteriye.com\/urunler\/wp-json\/wp\/v2\/product\/209788","targetHints":{"allow":["GET"]}}],"collection":[{"href":"https:\/\/depodanmusteriye.com\/urunler\/wp-json\/wp\/v2\/product"}],"about":[{"href":"https:\/\/depodanmusteriye.com\/urunler\/wp-json\/wp\/v2\/types\/product"}],"replies":[{"embeddable":true,"href":"https:\/\/depodanmusteriye.com\/urunler\/wp-json\/wp\/v2\/comments?post=209788"}],"version-history":[{"count":0,"href":"https:\/\/depodanmusteriye.com\/urunler\/wp-json\/wp\/v2\/product\/209788\/revisions"}],"wp:featuredmedia":[{"embeddable":true,"href":"https:\/\/depodanmusteriye.com\/urunler\/wp-json\/wp\/v2\/media\/209783"}],"wp:attachment":[{"href":"https:\/\/depodanmusteriye.com\/urunler\/wp-json\/wp\/v2\/media?parent=209788"}],"wp:term":[{"taxonomy":"product_brand","embeddable":true,"href":"https:\/\/depodanmusteriye.com\/urunler\/wp-json\/wp\/v2\/product_brand?post=209788"},{"taxonomy":"product_cat","embeddable":true,"href":"https:\/\/depodanmusteriye.com\/urunler\/wp-json\/wp\/v2\/product_cat?post=209788"},{"taxonomy":"product_tag","embeddable":true,"href":"https:\/\/depodanmusteriye.com\/urunler\/wp-json\/wp\/v2\/product_tag?post=209788"}],"curies":[{"name":"wp","href":"https:\/\/api.w.org\/{rel}","templated":true}]}}