{"id":209259,"date":"2025-12-16T04:43:44","date_gmt":"2025-12-16T04:43:44","guid":{"rendered":"https:\/\/b2b.depodanmusteriye.com\/urun\/500mah-bataryali-bluetooth-5-4-interkom-led-ekranli-fm-destekli\/"},"modified":"2025-12-16T04:43:44","modified_gmt":"2025-12-16T04:43:44","slug":"500mah-bataryali-bluetooth-5-4-interkom-led-ekranli-fm-destekli","status":"publish","type":"product","link":"https:\/\/depodanmusteriye.com\/urunler\/urun\/500mah-bataryali-bluetooth-5-4-interkom-led-ekranli-fm-destekli\/","title":{"rendered":"500mAh Bataryal\u0131 Bluetooth 5.4  \u0130nterkom LED Ekranl\u0131 FM Destekli"},"content":{"rendered":"<h4>M\u00fczi\u011fi her an\u0131n\u0131z\u0131n par\u00e7as\u0131 haline getirin! Inercom \u00e7ipli Bluetooth 5.4 hoparl\u00f6r, g\u00fc\u00e7l\u00fc ses \u00e7\u0131k\u0131\u015f\u0131, dayan\u0131kl\u0131 yap\u0131s\u0131 ve uzun pil \u00f6mr\u00fcyle m\u00fczik keyfini kesintisiz hale getirir.<\/p>\n<p>500 mAh pil kapasitesi, 40 saate kadar \u00e7alma s\u00fcresi sunar. IP65 suya ve toza dayan\u0131kl\u0131 yap\u0131s\u0131, a\u00e7\u0131k hava etkinlikleri, kamp, y\u00fcr\u00fcy\u00fc\u015f ve spor gibi ortamlarda g\u00fcvenli kullan\u0131m sa\u011flar. Type-C \u015farj portu, 1-3 saatte tam dolum sa\u011flar.<\/p>\n<p>40 mm HD ses s\u00fcr\u00fcc\u00fcs\u00fc, y\u00fcksek \u00e7\u00f6z\u00fcn\u00fcrl\u00fckl\u00fc ses deneyimi sunar. Inercom \u00e7ip, gecikmeyi en aza indirir ve Bluetooth 5.4 teknolojisiyle 10 metreye kadar g\u00fc\u00e7l\u00fc ba\u011flant\u0131 sa\u011flar.<\/p>\n<p>FM radyo fonksiyonu ve LED pil g\u00f6stergesi sayesinde kullan\u0131m kolayl\u0131\u011f\u0131 sa\u011flar. Kompakt boyutu, sa\u011flam ABS kasas\u0131 ve modern tasar\u0131m\u0131 ile her ortamda m\u00fczik keyfi sizinle. <\/p>\n<p><b>1 adet fiyat\u0131d\u0131r<\/b> <\/p>\n<p><p><b>\u00dcretici Markas\u0131 : ZERO LAND<\/b><\/p>\n<p><b>\u00dcretici Kodu : UCZZZY30A\u0130NTERCOM5<\/b><\/p>\n<p><b>1 ADET F\u0130YATIDIR<\/b><\/p>\n<\/h4>\n<p><\/p>\n","protected":false},"excerpt":{"rendered":"<p>500mAh Bataryal\u0131 Bluetooth 5.4  \u0130nterkom LED Ekranl\u0131 FM Destekli<\/p>\n","protected":false},"featured_media":209254,"comment_status":"open","ping_status":"closed","template":"","meta":[],"product_brand":[],"product_cat":[379,724],"product_tag":[13372,14974,4227,3605,3695,4085,13030,13389,2684],"class_list":{"0":"post-209259","1":"product","2":"type-product","3":"status-publish","4":"has-post-thumbnail","6":"product_cat-ev-yasam","7":"product_cat-intercom","8":"product_tag-5-4","9":"product_tag-500mah","10":"product_tag-bataryali","11":"product_tag-bluetooth","12":"product_tag-destekli","13":"product_tag-ekranli","14":"product_tag-fm","15":"product_tag-interkom","16":"product_tag-led","18":"first","19":"instock","20":"taxable","21":"shipping-taxable","22":"purchasable","23":"product-type-simple"},"_links":{"self":[{"href":"https:\/\/depodanmusteriye.com\/urunler\/wp-json\/wp\/v2\/product\/209259","targetHints":{"allow":["GET"]}}],"collection":[{"href":"https:\/\/depodanmusteriye.com\/urunler\/wp-json\/wp\/v2\/product"}],"about":[{"href":"https:\/\/depodanmusteriye.com\/urunler\/wp-json\/wp\/v2\/types\/product"}],"replies":[{"embeddable":true,"href":"https:\/\/depodanmusteriye.com\/urunler\/wp-json\/wp\/v2\/comments?post=209259"}],"version-history":[{"count":0,"href":"https:\/\/depodanmusteriye.com\/urunler\/wp-json\/wp\/v2\/product\/209259\/revisions"}],"wp:featuredmedia":[{"embeddable":true,"href":"https:\/\/depodanmusteriye.com\/urunler\/wp-json\/wp\/v2\/media\/209254"}],"wp:attachment":[{"href":"https:\/\/depodanmusteriye.com\/urunler\/wp-json\/wp\/v2\/media?parent=209259"}],"wp:term":[{"taxonomy":"product_brand","embeddable":true,"href":"https:\/\/depodanmusteriye.com\/urunler\/wp-json\/wp\/v2\/product_brand?post=209259"},{"taxonomy":"product_cat","embeddable":true,"href":"https:\/\/depodanmusteriye.com\/urunler\/wp-json\/wp\/v2\/product_cat?post=209259"},{"taxonomy":"product_tag","embeddable":true,"href":"https:\/\/depodanmusteriye.com\/urunler\/wp-json\/wp\/v2\/product_tag?post=209259"}],"curies":[{"name":"wp","href":"https:\/\/api.w.org\/{rel}","templated":true}]}}