{"id":209073,"date":"2025-12-16T04:33:07","date_gmt":"2025-12-16T04:33:07","guid":{"rendered":"https:\/\/b2b.depodanmusteriye.com\/urun\/cocuklar-icin-sipsak-baski-kamera-18-efektli-oyun-ve-muzik-ozellikli\/"},"modified":"2025-12-16T04:33:07","modified_gmt":"2025-12-16T04:33:07","slug":"cocuklar-icin-sipsak-baski-kamera-18-efektli-oyun-ve-muzik-ozellikli","status":"publish","type":"product","link":"https:\/\/depodanmusteriye.com\/urunler\/urun\/cocuklar-icin-sipsak-baski-kamera-18-efektli-oyun-ve-muzik-ozellikli\/","title":{"rendered":"\u00c7ocuklar \u0130\u00e7in \u015eip\u015fak Bask\u0131 Kamera \u2013 18 Efektli, Oyun ve M\u00fczik \u00d6zellikli"},"content":{"rendered":"<h4>\u00c7ocuklar\u0131n yarat\u0131c\u0131l\u0131\u011f\u0131n\u0131 destekleyen ve e\u011flenceyi teknolojiyle bulu\u015fturan \u015eip\u015fak Bask\u0131 Kamera, an\u0131lar\u0131 an\u0131nda foto\u011frafa d\u00f6n\u00fc\u015ft\u00fcrmek i\u00e7in tasarland\u0131! Bu mini kamera, termal bask\u0131 teknolojisi sayesinde m\u00fcrekkep veya kartu\u015f gerektirmeden foto\u011fraflar\u0131 saniyeler i\u00e7inde ka\u011f\u0131da yazd\u0131r\u0131r.<\/p>\n<p>Cihaz\u0131n net g\u00f6r\u00fcnt\u00fc sa\u011flayan ekran\u0131, \u00e7ekim esnas\u0131nda t\u00fcm detaylar\u0131 g\u00f6rmenizi sa\u011flar. 5 renk filtresi ve 18 farkl\u0131 efekt\/\u00e7er\u00e7eve se\u00e7ene\u011fi, her foto\u011fraf\u0131 ki\u015fisel bir sanat eserine d\u00f6n\u00fc\u015ft\u00fcr\u00fcr. \u00c7ocuklar, kendi tarzlar\u0131n\u0131 yans\u0131tarak yarat\u0131c\u0131l\u0131klar\u0131n\u0131 ke\u015ffeder.<\/p>\n<p>Sadece foto\u011fraf ve video \u00e7ekimi de\u011fil, ayn\u0131 zamanda m\u00fczik dinleme ve oyun oynama \u00f6zellikleriyle de \u00f6ne \u00e7\u0131kar. \u0130\u00e7erisinde bulunan y\u0131lan, labirent ve tu\u011fla k\u0131rma oyunlar\u0131, uzun saatler boyunca e\u011flence sunar. MP3 oynatma \u00f6zelli\u011fi ise \u00e7ocuklar\u0131n favori \u015fark\u0131lar\u0131n\u0131 istedikleri her yerde dinlemelerine olanak tan\u0131r.<\/p>\n<p>Kullan\u0131c\u0131 dostu men\u00fcs\u00fc sayesinde k\u00fc\u00e7\u00fck ya\u015fta \u00e7ocuklar bile rahatl\u0131kla kullanabilir. Omuz ask\u0131s\u0131 ile a\u00e7\u0131k hava etkinliklerinde g\u00fcvenli bir \u015fekilde ta\u015f\u0131nabilir. Gri tonlama (grayscale) ve nokta bask\u0131 (dot print) se\u00e7enekleri, foto\u011fraflara farkl\u0131 sanat tarzlar\u0131 kazand\u0131r\u0131r.<br \/>\nHem e\u011flenceli hem de \u00f6\u011fretici olan bu cihaz, \u00e7ocuklara foto\u011fraf\u00e7\u0131l\u0131\u011f\u0131 sevdirirken an\u0131lar\u0131n\u0131 somut hale getirir. <\/p>\n<p><b>1 adet fiyat\u0131d\u0131r<\/b> <\/p>\n<p><p><b>\u00dcretici Markas\u0131 : ZERO LAND<\/b><\/p>\n<p><b>\u00dcretici Kodu : UCZZZY600\u00c7OCUKKAMERAMOR3<\/b><\/p>\n<p><b>1 ADET F\u0130YATIDIR<\/b><\/p>\n<\/h4>\n<p><\/p>\n","protected":false},"excerpt":{"rendered":"<p>\u00c7ocuklar \u0130\u00e7in \u015eip\u015fak Bask\u0131 Kamera \u2013 18 Efektli, Oyun ve M\u00fczik \u00d6zellikli<\/p>\n","protected":false},"featured_media":209068,"comment_status":"open","ping_status":"closed","template":"","meta":[],"product_brand":[],"product_cat":[379,455],"product_tag":[2352,4065,4081,11507,1853,2017,4130,3997,2025,14973,2104],"class_list":{"0":"post-209073","1":"product","2":"type-product","3":"status-publish","4":"has-post-thumbnail","6":"product_cat-ev-yasam","7":"product_cat-video-kamera","8":"product_tag-2352","9":"product_tag-baski","10":"product_tag-cocuklar","11":"product_tag-efektli","12":"product_tag-icin","13":"product_tag-kamera","14":"product_tag-muzik","15":"product_tag-oyun","16":"product_tag-ozellikli","17":"product_tag-sipsak","18":"product_tag-ve","20":"first","21":"instock","22":"taxable","23":"shipping-taxable","24":"purchasable","25":"product-type-simple"},"_links":{"self":[{"href":"https:\/\/depodanmusteriye.com\/urunler\/wp-json\/wp\/v2\/product\/209073","targetHints":{"allow":["GET"]}}],"collection":[{"href":"https:\/\/depodanmusteriye.com\/urunler\/wp-json\/wp\/v2\/product"}],"about":[{"href":"https:\/\/depodanmusteriye.com\/urunler\/wp-json\/wp\/v2\/types\/product"}],"replies":[{"embeddable":true,"href":"https:\/\/depodanmusteriye.com\/urunler\/wp-json\/wp\/v2\/comments?post=209073"}],"version-history":[{"count":0,"href":"https:\/\/depodanmusteriye.com\/urunler\/wp-json\/wp\/v2\/product\/209073\/revisions"}],"wp:featuredmedia":[{"embeddable":true,"href":"https:\/\/depodanmusteriye.com\/urunler\/wp-json\/wp\/v2\/media\/209068"}],"wp:attachment":[{"href":"https:\/\/depodanmusteriye.com\/urunler\/wp-json\/wp\/v2\/media?parent=209073"}],"wp:term":[{"taxonomy":"product_brand","embeddable":true,"href":"https:\/\/depodanmusteriye.com\/urunler\/wp-json\/wp\/v2\/product_brand?post=209073"},{"taxonomy":"product_cat","embeddable":true,"href":"https:\/\/depodanmusteriye.com\/urunler\/wp-json\/wp\/v2\/product_cat?post=209073"},{"taxonomy":"product_tag","embeddable":true,"href":"https:\/\/depodanmusteriye.com\/urunler\/wp-json\/wp\/v2\/product_tag?post=209073"}],"curies":[{"name":"wp","href":"https:\/\/api.w.org\/{rel}","templated":true}]}}