{"id":208995,"date":"2025-12-16T04:28:21","date_gmt":"2025-12-16T04:28:21","guid":{"rendered":"https:\/\/b2b.depodanmusteriye.com\/urun\/sarjli-sac-kesme-makinesi-4-kademeli-ayar-lcd-ekran-ve-hizli-sarj-destegi\/"},"modified":"2025-12-16T04:28:21","modified_gmt":"2025-12-16T04:28:21","slug":"sarjli-sac-kesme-makinesi-4-kademeli-ayar-lcd-ekran-ve-hizli-sarj-destegi","status":"publish","type":"product","link":"https:\/\/depodanmusteriye.com\/urunler\/urun\/sarjli-sac-kesme-makinesi-4-kademeli-ayar-lcd-ekran-ve-hizli-sarj-destegi\/","title":{"rendered":"\u015earjl\u0131 Sa\u00e7 Kesme Makinesi \u2013 4 Kademeli Ayar, LCD Ekran ve H\u0131zl\u0131 \u015earj Deste\u011fi"},"content":{"rendered":"<h4>Ki\u015fisel bak\u0131mda profesyonellik arayanlar i\u00e7in \u00fcretilen bu sa\u00e7 kesim makinesi, 7000RPM motor g\u00fcc\u00fc ile \u00fcst\u00fcn performans sunar. Keskin b\u0131\u00e7aklar\u0131 sayesinde h\u0131zl\u0131, hassas ve \u00e7ekme yapmadan kesim yapar.<\/p>\n<p>Type-C \u015farj teknolojisi, k\u0131sa s\u00fcrede tam dolum sa\u011flar. LCD ekran, pil durumunu ve \u00e7al\u0131\u015fma modunu g\u00f6stererek kontrol\u00fc elinizde tutman\u0131z\u0131 sa\u011flar. 4 farkl\u0131 kesim ayar\u0131, her sa\u00e7 tipine ve uzunlu\u011fa uygun kullan\u0131m imk\u00e2n\u0131 verir.<\/p>\n<p>Kuru kullan\u0131m \u00f6zelli\u011fi, suya gerek kalmadan pratik t\u0131ra\u015f deneyimi sunar. F tipi priz uyumlulu\u011fu, uluslararas\u0131 standartlarda kullan\u0131m sa\u011flar. Burun ve kulak temizleme aparat\u0131, ki\u015fisel bak\u0131m\u0131n\u0131z\u0131 eksiksiz hale getirir.<\/p>\n<p>\u015earjl\u0131 kullan\u0131mlarda 3 saate kadar kesintisiz performans sunar. \u015e\u0131k siyah g\u00f6vdesi, estetik g\u00f6r\u00fcn\u00fcm\u00fcyle dikkat \u00e7eker. Sessiz motor teknolojisi, konforlu kullan\u0131m sa\u011flar. Uzun \u00f6m\u00fcrl\u00fc b\u0131\u00e7aklar\u0131, dayan\u0131kl\u0131 g\u00f6vdesi ve ta\u015f\u0131nabilir yap\u0131s\u0131yla her ortamda yan\u0131n\u0131zda. <\/p>\n<p><b>1 adet fiyat\u0131d\u0131r<\/b> <\/p>\n<p><p><b>\u00dcretici Markas\u0131 : ZERO LAND<\/b><\/p>\n<p><b>\u00dcretici Kodu : UCZZZV0092TIRA\u015eMAK\u0130NES\u01304<\/b><\/p>\n<p><b>1 ADET F\u0130YATIDIR<\/b><\/p>\n<\/h4>\n<p><\/p>\n","protected":false},"excerpt":{"rendered":"<p>\u015earjl\u0131 Sa\u00e7 Kesme Makinesi \u2013 4 Kademeli Ayar, LCD Ekran ve H\u0131zl\u0131 \u015earj Deste\u011fi<\/p>\n","protected":false},"featured_media":208990,"comment_status":"open","ping_status":"closed","template":"","meta":[],"product_brand":[],"product_cat":[374,2200],"product_tag":[1058,9703,4159,2774,1825,6172,3995,4078,3446,2321,2755,3975,2104],"class_list":{"0":"post-208995","1":"product","2":"type-product","3":"status-publish","4":"has-post-thumbnail","6":"product_cat-mobil-aksesuar","7":"product_cat-tiras-makinesi-mobil-aksesuar","8":"product_tag-1058","9":"product_tag-ayar","10":"product_tag-destegi","11":"product_tag-ekran","12":"product_tag-hizli","13":"product_tag-kademeli","14":"product_tag-kesme","15":"product_tag-lcd","16":"product_tag-makinesi","17":"product_tag-sac","18":"product_tag-sarj","19":"product_tag-sarjli","20":"product_tag-ve","22":"first","23":"instock","24":"taxable","25":"shipping-taxable","26":"purchasable","27":"product-type-simple"},"_links":{"self":[{"href":"https:\/\/depodanmusteriye.com\/urunler\/wp-json\/wp\/v2\/product\/208995","targetHints":{"allow":["GET"]}}],"collection":[{"href":"https:\/\/depodanmusteriye.com\/urunler\/wp-json\/wp\/v2\/product"}],"about":[{"href":"https:\/\/depodanmusteriye.com\/urunler\/wp-json\/wp\/v2\/types\/product"}],"replies":[{"embeddable":true,"href":"https:\/\/depodanmusteriye.com\/urunler\/wp-json\/wp\/v2\/comments?post=208995"}],"version-history":[{"count":0,"href":"https:\/\/depodanmusteriye.com\/urunler\/wp-json\/wp\/v2\/product\/208995\/revisions"}],"wp:featuredmedia":[{"embeddable":true,"href":"https:\/\/depodanmusteriye.com\/urunler\/wp-json\/wp\/v2\/media\/208990"}],"wp:attachment":[{"href":"https:\/\/depodanmusteriye.com\/urunler\/wp-json\/wp\/v2\/media?parent=208995"}],"wp:term":[{"taxonomy":"product_brand","embeddable":true,"href":"https:\/\/depodanmusteriye.com\/urunler\/wp-json\/wp\/v2\/product_brand?post=208995"},{"taxonomy":"product_cat","embeddable":true,"href":"https:\/\/depodanmusteriye.com\/urunler\/wp-json\/wp\/v2\/product_cat?post=208995"},{"taxonomy":"product_tag","embeddable":true,"href":"https:\/\/depodanmusteriye.com\/urunler\/wp-json\/wp\/v2\/product_tag?post=208995"}],"curies":[{"name":"wp","href":"https:\/\/api.w.org\/{rel}","templated":true}]}}