{"id":208983,"date":"2025-12-16T04:27:40","date_gmt":"2025-12-16T04:27:40","guid":{"rendered":"https:\/\/b2b.depodanmusteriye.com\/urun\/3u-1-arada-sarjli-erkek-bakim-seti-sac-sakal-ve-burun-tuyu-kesme-makinesi\/"},"modified":"2025-12-16T04:27:40","modified_gmt":"2025-12-16T04:27:40","slug":"3u-1-arada-sarjli-erkek-bakim-seti-sac-sakal-ve-burun-tuyu-kesme-makinesi","status":"publish","type":"product","link":"https:\/\/depodanmusteriye.com\/urunler\/urun\/3u-1-arada-sarjli-erkek-bakim-seti-sac-sakal-ve-burun-tuyu-kesme-makinesi\/","title":{"rendered":"3\u2019\u00fc 1 Arada \u015earjl\u0131 Erkek Bak\u0131m Seti \u2013 Sa\u00e7, Sakal ve Burun T\u00fcy\u00fc Kesme Makinesi"},"content":{"rendered":"<h4>Bu \u00e7ok ama\u00e7l\u0131 erkek bak\u0131m seti, sa\u00e7, sakal, b\u0131y\u0131k ve burun t\u00fcy\u00fc kesimi i\u00e7in geli\u015ftirilmi\u015f 3 farkl\u0131 paslanmaz \u00e7elik b\u0131\u00e7a\u011fa sahiptir. Her biri \u00e7\u0131kar\u0131labilir ve kolay temizlenebilir yap\u0131dad\u0131r, b\u00f6ylece uzun \u00f6m\u00fcrl\u00fc ve hijyenik kullan\u0131m sunar. Cilt dostu R-\u015fekilli yuvarlat\u0131lm\u0131\u015f b\u0131\u00e7ak tasar\u0131m\u0131, tahri\u015f, \u00e7ekme veya kesik olmadan p\u00fcr\u00fczs\u00fcz bir t\u0131ra\u015f deneyimi sa\u011flar.<\/p>\n<p>7300 RPM g\u00fc\u00e7l\u00fc motoru, kal\u0131n sa\u00e7larda ve sert sakallarda bile tak\u0131lmadan \u00e7al\u0131\u015f\u0131r. Sessiz motor teknolojisi sayesinde t\u0131ra\u015f s\u0131ras\u0131nda rahats\u0131z edici g\u00fcr\u00fclt\u00fc olu\u015fturmaz. Bu \u00f6zellik, sabah rutininizi konforlu ve keyifli bir hale getirir.<\/p>\n<p>Type-C h\u0131zl\u0131 \u015farj deste\u011fi ile cihaz sadece 1,5 saatte tamamen \u015farj olur ve 90 dakikaya kadar kesintisiz kullan\u0131m sa\u011flar. Kablosuz ve ta\u015f\u0131nabilir yap\u0131s\u0131, seyahatlerde b\u00fcy\u00fck kolayl\u0131k sunar.<br \/>\nKuru kullan\u0131m i\u00e7in uygundur ve kolay temizlenen paslanmaz \u00e7elik ba\u015fl\u0131klar\u0131 sayesinde bak\u0131m sonras\u0131nda hijyen sa\u011flan\u0131r.<\/p>\n<p>Kutudan; 1 adet sa\u00e7-sakal kesme makinesi, 1 burun t\u00fcy\u00fc trimmer\u2019\u0131, 3 k\u0131lavuz tarak (1\/2\/3 mm), 1 USB-C \u015farj kablosu, ya\u011f ve temizlik f\u0131r\u00e7as\u0131 \u00e7\u0131kar.<br \/>\nKompakt g\u00f6vdesi, modern tasar\u0131m\u0131 ve ergonomik yap\u0131s\u0131yla hem evde hem profesyonel kullan\u0131m i\u00e7in idealdir. <\/p>\n<p><b>1 adet fiyat\u0131d\u0131r<\/b> <\/p>\n<p><p><b>\u00dcretici Markas\u0131 : ZERO LAND<\/b><\/p>\n<p><b>\u00dcretici Kodu : UCZZZIP2020TIRA\u015e<\/b><\/p>\n<p><b>1 ADET F\u0130YATIDIR<\/b><\/p>\n<\/h4>\n<p><\/p>\n","protected":false},"excerpt":{"rendered":"<p>3\u2019\u00fc 1 Arada \u015earjl\u0131 Erkek Bak\u0131m Seti \u2013 Sa\u00e7, Sakal ve Burun T\u00fcy\u00fc Kesme Makinesi<\/p>\n","protected":false},"featured_media":208978,"comment_status":"open","ping_status":"closed","template":"","meta":[],"product_brand":[],"product_cat":[374,2200],"product_tag":[1056,13548,1635,3985,5324,2092,3995,3446,2321,8905,3975,1172,6736,2104],"class_list":{"0":"post-208983","1":"product","2":"type-product","3":"status-publish","4":"has-post-thumbnail","6":"product_cat-mobil-aksesuar","7":"product_cat-tiras-makinesi-mobil-aksesuar","8":"product_tag-1056","9":"product_tag-3u","10":"product_tag-arada","11":"product_tag-bakim","12":"product_tag-burun","13":"product_tag-erkek","14":"product_tag-kesme","15":"product_tag-makinesi","16":"product_tag-sac","17":"product_tag-sakal","18":"product_tag-sarjli","19":"product_tag-seti","20":"product_tag-tuyu","21":"product_tag-ve","23":"first","24":"instock","25":"taxable","26":"shipping-taxable","27":"purchasable","28":"product-type-simple"},"_links":{"self":[{"href":"https:\/\/depodanmusteriye.com\/urunler\/wp-json\/wp\/v2\/product\/208983","targetHints":{"allow":["GET"]}}],"collection":[{"href":"https:\/\/depodanmusteriye.com\/urunler\/wp-json\/wp\/v2\/product"}],"about":[{"href":"https:\/\/depodanmusteriye.com\/urunler\/wp-json\/wp\/v2\/types\/product"}],"replies":[{"embeddable":true,"href":"https:\/\/depodanmusteriye.com\/urunler\/wp-json\/wp\/v2\/comments?post=208983"}],"version-history":[{"count":0,"href":"https:\/\/depodanmusteriye.com\/urunler\/wp-json\/wp\/v2\/product\/208983\/revisions"}],"wp:featuredmedia":[{"embeddable":true,"href":"https:\/\/depodanmusteriye.com\/urunler\/wp-json\/wp\/v2\/media\/208978"}],"wp:attachment":[{"href":"https:\/\/depodanmusteriye.com\/urunler\/wp-json\/wp\/v2\/media?parent=208983"}],"wp:term":[{"taxonomy":"product_brand","embeddable":true,"href":"https:\/\/depodanmusteriye.com\/urunler\/wp-json\/wp\/v2\/product_brand?post=208983"},{"taxonomy":"product_cat","embeddable":true,"href":"https:\/\/depodanmusteriye.com\/urunler\/wp-json\/wp\/v2\/product_cat?post=208983"},{"taxonomy":"product_tag","embeddable":true,"href":"https:\/\/depodanmusteriye.com\/urunler\/wp-json\/wp\/v2\/product_tag?post=208983"}],"curies":[{"name":"wp","href":"https:\/\/api.w.org\/{rel}","templated":true}]}}