{"id":208971,"date":"2025-12-16T04:26:54","date_gmt":"2025-12-16T04:26:54","guid":{"rendered":"https:\/\/b2b.depodanmusteriye.com\/urun\/3u-1-arada-erkek-bakim-makinesi-paslanmaz-celik-baslikli-sarjli-tiras-seti\/"},"modified":"2025-12-16T04:26:54","modified_gmt":"2025-12-16T04:26:54","slug":"3u-1-arada-erkek-bakim-makinesi-paslanmaz-celik-baslikli-sarjli-tiras-seti","status":"publish","type":"product","link":"https:\/\/depodanmusteriye.com\/urunler\/urun\/3u-1-arada-erkek-bakim-makinesi-paslanmaz-celik-baslikli-sarjli-tiras-seti\/","title":{"rendered":"3\u2019\u00fc 1 Arada Erkek Bak\u0131m Makinesi \u2013 Paslanmaz \u00c7elik Ba\u015fl\u0131kl\u0131 \u015earjl\u0131 T\u0131ra\u015f Seti"},"content":{"rendered":"<h4>G\u00fcnl\u00fck bak\u0131m\u0131n\u0131z\u0131 kolayla\u015ft\u0131ran bu \u00e7ok ama\u00e7l\u0131 t\u0131ra\u015f seti, sa\u00e7, sakal ve burun t\u00fcy\u00fc kesimi i\u00e7in \u00f6zel olarak tasarlanm\u0131\u015ft\u0131r. Paslanmaz \u00e7elik b\u0131\u00e7ak sistemi, uzun \u00f6m\u00fcrl\u00fc kullan\u0131m sunarken keskinli\u011fini uzun s\u00fcre korur.<\/p>\n<p>7300 RPM y\u00fcksek h\u0131zl\u0131 motor, kal\u0131n sa\u00e7lar\u0131 bile kolayca keser. Sessiz motor yap\u0131s\u0131, konforlu ve titre\u015fimsiz bir kullan\u0131m sa\u011flar.<br \/>\nUSB-C \u015farj giri\u015fi, 1,5 saatte tam \u015farj olma ve 90 dakikal\u0131k kablosuz kullan\u0131m avantaj\u0131 verir.<\/p>\n<p>R-\u015fekilli b\u0131\u00e7ak yap\u0131s\u0131, ciltle temas eden b\u00f6lgelerde tahri\u015f veya \u00e7ekme olu\u015fturmaz. 3 farkl\u0131 de\u011fi\u015ftirilebilir ba\u015fl\u0131\u011f\u0131yla sa\u00e7, sakal ve burun bak\u0131m\u0131n\u0131 tek cihazda yapabilirsiniz.<br \/>\nAyr\u0131ca 3 farkl\u0131 tarak (1\/2\/3 mm), ki\u015fisel stilinizi \u00f6zg\u00fcrce belirlemenize yard\u0131mc\u0131 olur.<\/p>\n<p>Kompakt ve ta\u015f\u0131nabilir g\u00f6vdesiyle evde, ofiste veya seyahatlerde kolay kullan\u0131m sunar.<br \/>\n\u015e\u0131k tasar\u0131m\u0131, dayan\u0131kl\u0131 malzemesi ve y\u00fcksek motor performans\u0131yla erkek bak\u0131m\u0131na profesyonel bir dokunu\u015f kazand\u0131r\u0131r. <\/p>\n<p><b>1 adet fiyat\u0131d\u0131r<\/b> <\/p>\n<p><p><b>\u00dcretici Markas\u0131 : ZERO LAND<\/b><\/p>\n<p><b>\u00dcretici Kodu : UCZZZIP2020TIRA\u015e2<\/b><\/p>\n<p><b>1 ADET F\u0130YATIDIR<\/b><\/p>\n<\/h4>\n<p><\/p>\n","protected":false},"excerpt":{"rendered":"<p>3\u2019\u00fc 1 Arada Erkek Bak\u0131m Makinesi \u2013 Paslanmaz \u00c7elik Ba\u015fl\u0131kl\u0131 \u015earjl\u0131 T\u0131ra\u015f Seti<\/p>\n","protected":false},"featured_media":208966,"comment_status":"open","ping_status":"closed","template":"","meta":[],"product_brand":[],"product_cat":[374,2200],"product_tag":[1056,13548,1635,3985,2435,3766,2092,3446,4147,3975,1172,3445],"class_list":{"0":"post-208971","1":"product","2":"type-product","3":"status-publish","4":"has-post-thumbnail","6":"product_cat-mobil-aksesuar","7":"product_cat-tiras-makinesi-mobil-aksesuar","8":"product_tag-1056","9":"product_tag-3u","10":"product_tag-arada","11":"product_tag-bakim","12":"product_tag-baslikli","13":"product_tag-celik","14":"product_tag-erkek","15":"product_tag-makinesi","16":"product_tag-paslanmaz","17":"product_tag-sarjli","18":"product_tag-seti","19":"product_tag-tiras","21":"first","22":"instock","23":"taxable","24":"shipping-taxable","25":"purchasable","26":"product-type-simple"},"_links":{"self":[{"href":"https:\/\/depodanmusteriye.com\/urunler\/wp-json\/wp\/v2\/product\/208971","targetHints":{"allow":["GET"]}}],"collection":[{"href":"https:\/\/depodanmusteriye.com\/urunler\/wp-json\/wp\/v2\/product"}],"about":[{"href":"https:\/\/depodanmusteriye.com\/urunler\/wp-json\/wp\/v2\/types\/product"}],"replies":[{"embeddable":true,"href":"https:\/\/depodanmusteriye.com\/urunler\/wp-json\/wp\/v2\/comments?post=208971"}],"version-history":[{"count":0,"href":"https:\/\/depodanmusteriye.com\/urunler\/wp-json\/wp\/v2\/product\/208971\/revisions"}],"wp:featuredmedia":[{"embeddable":true,"href":"https:\/\/depodanmusteriye.com\/urunler\/wp-json\/wp\/v2\/media\/208966"}],"wp:attachment":[{"href":"https:\/\/depodanmusteriye.com\/urunler\/wp-json\/wp\/v2\/media?parent=208971"}],"wp:term":[{"taxonomy":"product_brand","embeddable":true,"href":"https:\/\/depodanmusteriye.com\/urunler\/wp-json\/wp\/v2\/product_brand?post=208971"},{"taxonomy":"product_cat","embeddable":true,"href":"https:\/\/depodanmusteriye.com\/urunler\/wp-json\/wp\/v2\/product_cat?post=208971"},{"taxonomy":"product_tag","embeddable":true,"href":"https:\/\/depodanmusteriye.com\/urunler\/wp-json\/wp\/v2\/product_tag?post=208971"}],"curies":[{"name":"wp","href":"https:\/\/api.w.org\/{rel}","templated":true}]}}