{"id":208965,"date":"2025-12-16T04:26:29","date_gmt":"2025-12-16T04:26:29","guid":{"rendered":"https:\/\/b2b.depodanmusteriye.com\/urun\/usb-c-sarjli-3-in-1-erkek-bakim-cihazi-sessiz-motorlu-sac-ve-sakal-kesme-makinesi\/"},"modified":"2025-12-16T04:26:29","modified_gmt":"2025-12-16T04:26:29","slug":"usb-c-sarjli-3-in-1-erkek-bakim-cihazi-sessiz-motorlu-sac-ve-sakal-kesme-makinesi","status":"publish","type":"product","link":"https:\/\/depodanmusteriye.com\/urunler\/urun\/usb-c-sarjli-3-in-1-erkek-bakim-cihazi-sessiz-motorlu-sac-ve-sakal-kesme-makinesi\/","title":{"rendered":"USB-C \u015earjl\u0131 3 in 1 Erkek Bak\u0131m Cihaz\u0131 \u2013 Sessiz Motorlu Sa\u00e7 ve Sakal Kesme Makinesi"},"content":{"rendered":"<h4>Bu yenilik\u00e7i erkek bak\u0131m cihaz\u0131, profesyonel performans\u0131 ta\u015f\u0131nabilir formda sunar. 3 farkl\u0131 paslanmaz \u00e7elik ba\u015fl\u0131k, sa\u00e7, sakal ve burun t\u00fcylerini kolayca \u015fekillendirir.<\/p>\n<p>7300 RPM motor g\u00fcc\u00fcyle kal\u0131n sa\u00e7larda bile tak\u0131lmadan kesim yapar. Sessiz \u00e7al\u0131\u015fma teknolojisi sayesinde konforlu bir deneyim ya\u015fat\u0131r.<br \/>\nUSB-C h\u0131zl\u0131 \u015farj ile 1,5 saat i\u00e7inde tamamen dolarak 90 dakikaya kadar kablosuz kullan\u0131m sa\u011flar.<\/p>\n<p>R-\u015fekilli g\u00fcvenli b\u0131\u00e7ak sistemi, cildi tahri\u015f etmeden p\u00fcr\u00fczs\u00fcz sonu\u00e7lar verir. Burun trimmer ba\u015fl\u0131\u011f\u0131 360\u00b0 d\u00f6nebilir yap\u0131s\u0131yla zorlu alanlarda bile etkili temizlik sunar.<br \/>\nT\u00fcm ba\u015fl\u0131klar \u00e7\u0131kar\u0131labilir, y\u0131kanabilir ve hijyenik kullan\u0131m sa\u011flar.<\/p>\n<p>Set i\u00e7eri\u011finde; 1 sa\u00e7-sakal kesme makinesi, 1 burun trimmer, 3 tarak, \u015farj kablosu, bak\u0131m ya\u011f\u0131 ve temizlik f\u0131r\u00e7as\u0131 bulunur.<br \/>\n\u015e\u0131k ve dayan\u0131kl\u0131 yap\u0131s\u0131, seyahatlerde pratik ta\u015f\u0131nabilirli\u011fiyle her zaman yan\u0131n\u0131zda. <\/p>\n<p><b>1 adet fiyat\u0131d\u0131r<\/b> <\/p>\n<p><p><b>\u00dcretici Markas\u0131 : ZERO LAND<\/b><\/p>\n<p><b>\u00dcretici Kodu : UCZZZIP2020TIRA\u015e3<\/b><\/p>\n<p><b>1 ADET F\u0130YATIDIR<\/b><\/p>\n<\/h4>\n<p><\/p>\n","protected":false},"excerpt":{"rendered":"<p>USB-C \u015earjl\u0131 3 in 1 Erkek Bak\u0131m Cihaz\u0131 \u2013 Sessiz Motorlu Sa\u00e7 ve Sakal Kesme Makinesi<\/p>\n","protected":false},"featured_media":208960,"comment_status":"open","ping_status":"closed","template":"","meta":[],"product_brand":[],"product_cat":[374,2200],"product_tag":[1056,1350,3985,2756,2092,5105,3995,3446,4184,2321,8905,3975,3973,13166,2104],"class_list":{"0":"post-208965","1":"product","2":"type-product","3":"status-publish","4":"has-post-thumbnail","6":"product_cat-mobil-aksesuar","7":"product_cat-tiras-makinesi-mobil-aksesuar","8":"product_tag-1056","9":"product_tag-1350","10":"product_tag-bakim","11":"product_tag-cihazi","12":"product_tag-erkek","13":"product_tag-in","14":"product_tag-kesme","15":"product_tag-makinesi","16":"product_tag-motorlu","17":"product_tag-sac","18":"product_tag-sakal","19":"product_tag-sarjli","20":"product_tag-sessiz","21":"product_tag-usb-c","22":"product_tag-ve","24":"first","25":"instock","26":"taxable","27":"shipping-taxable","28":"purchasable","29":"product-type-simple"},"_links":{"self":[{"href":"https:\/\/depodanmusteriye.com\/urunler\/wp-json\/wp\/v2\/product\/208965","targetHints":{"allow":["GET"]}}],"collection":[{"href":"https:\/\/depodanmusteriye.com\/urunler\/wp-json\/wp\/v2\/product"}],"about":[{"href":"https:\/\/depodanmusteriye.com\/urunler\/wp-json\/wp\/v2\/types\/product"}],"replies":[{"embeddable":true,"href":"https:\/\/depodanmusteriye.com\/urunler\/wp-json\/wp\/v2\/comments?post=208965"}],"version-history":[{"count":0,"href":"https:\/\/depodanmusteriye.com\/urunler\/wp-json\/wp\/v2\/product\/208965\/revisions"}],"wp:featuredmedia":[{"embeddable":true,"href":"https:\/\/depodanmusteriye.com\/urunler\/wp-json\/wp\/v2\/media\/208960"}],"wp:attachment":[{"href":"https:\/\/depodanmusteriye.com\/urunler\/wp-json\/wp\/v2\/media?parent=208965"}],"wp:term":[{"taxonomy":"product_brand","embeddable":true,"href":"https:\/\/depodanmusteriye.com\/urunler\/wp-json\/wp\/v2\/product_brand?post=208965"},{"taxonomy":"product_cat","embeddable":true,"href":"https:\/\/depodanmusteriye.com\/urunler\/wp-json\/wp\/v2\/product_cat?post=208965"},{"taxonomy":"product_tag","embeddable":true,"href":"https:\/\/depodanmusteriye.com\/urunler\/wp-json\/wp\/v2\/product_tag?post=208965"}],"curies":[{"name":"wp","href":"https:\/\/api.w.org\/{rel}","templated":true}]}}