{"id":208953,"date":"2025-12-16T04:25:43","date_gmt":"2025-12-16T04:25:43","guid":{"rendered":"https:\/\/b2b.depodanmusteriye.com\/urun\/tiras-makinesi-ip2020\/"},"modified":"2025-12-16T04:25:43","modified_gmt":"2025-12-16T04:25:43","slug":"tiras-makinesi-ip2020","status":"publish","type":"product","link":"https:\/\/depodanmusteriye.com\/urunler\/urun\/tiras-makinesi-ip2020\/","title":{"rendered":"TIRA\u015e MAK\u0130NES\u0130 IP2020"},"content":{"rendered":"<h4>Tek cihazla eksiksiz bak\u0131m! Bu 3 in 1 profesyonel erkek bak\u0131m seti, sa\u00e7, sakal ve burun t\u00fcy\u00fc i\u00e7in \u00f6zel ba\u015fl\u0131klara sahiptir.<br \/>\nPaslanmaz \u00e7elik b\u0131\u00e7aklar, hijyenik ve uzun \u00f6m\u00fcrl\u00fc kullan\u0131m sunarken, R-\u015fekilli u\u00e7 yap\u0131s\u0131 cilt tahri\u015fini engeller.<\/p>\n<p>7300 RPM g\u00fc\u00e7l\u00fc motor, h\u0131zl\u0131 ve tak\u0131lmadan kesim sa\u011flar. Sessiz \u00e7al\u0131\u015fma \u00f6zelli\u011fiyle g\u00fcr\u00fclt\u00fcs\u00fcz, rahat bir deneyim ya\u015fat\u0131r.<br \/>\nUSB-C h\u0131zl\u0131 \u015farj teknolojisi, cihaz\u0131n 1,5 saat i\u00e7inde dolmas\u0131n\u0131 ve 90 dakika boyunca kesintisiz \u00e7al\u0131\u015fmas\u0131n\u0131 sa\u011flar.<\/p>\n<p>Burun trimmer ba\u015fl\u0131\u011f\u0131 360\u00b0 d\u00f6nebilen yap\u0131s\u0131yla t\u00fcm b\u00f6lgelerde etkili temizlik sa\u011flar.<br \/>\n3 adet farkl\u0131 uzunluk taraklar\u0131yla (1\/2\/3 mm) diledi\u011finiz stili olu\u015fturabilirsiniz.<\/p>\n<p>Kutu i\u00e7eri\u011finde; sa\u00e7-sakal trimmer, burun kesme aparat\u0131, taraklar, temizlik ya\u011f\u0131 ve USB-C kablosu bulunur.<br \/>\nTa\u015f\u0131nabilir ve ergonomik yap\u0131s\u0131 sayesinde seyahatlerde ideal bir yard\u0131mc\u0131d\u0131r.<br \/>\n\u015e\u0131k, pratik ve g\u00fc\u00e7l\u00fc bu cihaz, ki\u015fisel bak\u0131m rutinini m\u00fckemmelle\u015ftirir. <\/p>\n<p><b>1 adet fiyat\u0131d\u0131r<\/b> <\/p>\n<p><p><b>\u00dcretici Markas\u0131 : ZERO LAND<\/b><\/p>\n<p><b>\u00dcretici Kodu : UCZZZIP2020TIRA\u015e5<\/b><\/p>\n<p><b>1 ADET F\u0130YATIDIR<\/b><\/p>\n<\/h4>\n<p><\/p>\n","protected":false},"excerpt":{"rendered":"<p>TIRA\u015e MAK\u0130NES\u0130 IP2020<\/p>\n","protected":false},"featured_media":208948,"comment_status":"open","ping_status":"closed","template":"","meta":[],"product_brand":[],"product_cat":[374,2200],"product_tag":[14968,3446,3445],"class_list":{"0":"post-208953","1":"product","2":"type-product","3":"status-publish","4":"has-post-thumbnail","6":"product_cat-mobil-aksesuar","7":"product_cat-tiras-makinesi-mobil-aksesuar","8":"product_tag-ip2020","9":"product_tag-makinesi","10":"product_tag-tiras","12":"first","13":"instock","14":"taxable","15":"shipping-taxable","16":"purchasable","17":"product-type-simple"},"_links":{"self":[{"href":"https:\/\/depodanmusteriye.com\/urunler\/wp-json\/wp\/v2\/product\/208953","targetHints":{"allow":["GET"]}}],"collection":[{"href":"https:\/\/depodanmusteriye.com\/urunler\/wp-json\/wp\/v2\/product"}],"about":[{"href":"https:\/\/depodanmusteriye.com\/urunler\/wp-json\/wp\/v2\/types\/product"}],"replies":[{"embeddable":true,"href":"https:\/\/depodanmusteriye.com\/urunler\/wp-json\/wp\/v2\/comments?post=208953"}],"version-history":[{"count":0,"href":"https:\/\/depodanmusteriye.com\/urunler\/wp-json\/wp\/v2\/product\/208953\/revisions"}],"wp:featuredmedia":[{"embeddable":true,"href":"https:\/\/depodanmusteriye.com\/urunler\/wp-json\/wp\/v2\/media\/208948"}],"wp:attachment":[{"href":"https:\/\/depodanmusteriye.com\/urunler\/wp-json\/wp\/v2\/media?parent=208953"}],"wp:term":[{"taxonomy":"product_brand","embeddable":true,"href":"https:\/\/depodanmusteriye.com\/urunler\/wp-json\/wp\/v2\/product_brand?post=208953"},{"taxonomy":"product_cat","embeddable":true,"href":"https:\/\/depodanmusteriye.com\/urunler\/wp-json\/wp\/v2\/product_cat?post=208953"},{"taxonomy":"product_tag","embeddable":true,"href":"https:\/\/depodanmusteriye.com\/urunler\/wp-json\/wp\/v2\/product_tag?post=208953"}],"curies":[{"name":"wp","href":"https:\/\/api.w.org\/{rel}","templated":true}]}}