{"id":208935,"date":"2025-12-16T04:24:36","date_gmt":"2025-12-16T04:24:36","guid":{"rendered":"https:\/\/b2b.depodanmusteriye.com\/urun\/nostaljik-retro-radyo-bluetooth-usb-ve-fm-ozellikli-sik-tasarim\/"},"modified":"2025-12-16T04:24:36","modified_gmt":"2025-12-16T04:24:36","slug":"nostaljik-retro-radyo-bluetooth-usb-ve-fm-ozellikli-sik-tasarim","status":"publish","type":"product","link":"https:\/\/depodanmusteriye.com\/urunler\/urun\/nostaljik-retro-radyo-bluetooth-usb-ve-fm-ozellikli-sik-tasarim\/","title":{"rendered":"Nostaljik Retro Radyo \u2013 Bluetooth, USB ve FM \u00d6zellikli \u015e\u0131k Tasar\u0131m"},"content":{"rendered":"<h4>Ge\u00e7mi\u015fin zarafetini modern teknolojinin konforuyla bulu\u015fturan bu retro radyo, hem dekoratif bir obje hem de g\u00fc\u00e7l\u00fc bir m\u00fczik cihaz\u0131d\u0131r.<br \/>\nKlasik \u00e7izgilere sahip estetik tasar\u0131m\u0131, vintage tarz sevenler i\u00e7in m\u00fckemmel bir atmosfer yarat\u0131r.<\/p>\n<p>Bluetooth ba\u011flant\u0131 deste\u011fi ile mobil cihazlar\u0131n\u0131zdaki m\u00fczikleri kolayca dinleyebilir, USB ve TF kart giri\u015fleriyle farkl\u0131 formatlardaki m\u00fcziklerin keyfini \u00e7\u0131karabilirsiniz. FM radyo fonksiyonu sayesinde sevdi\u011finiz programlara tek tu\u015fla ula\u015fabilirsiniz.<\/p>\n<p>G\u00fc\u00e7l\u00fc dahili hoparl\u00f6r\u00fc net, derin ve dengeli ses sunar. Kompakt boyutlar\u0131 sayesinde masa, raf veya komodin \u00fczerinde rahat\u00e7a yer bulur. \u015e\u0131k g\u00f6r\u00fcn\u00fcm\u00fc sayesinde sadece bir elektronik cihaz de\u011fil, ayn\u0131 zamanda estetik bir dekoratif unsur olarak da \u00f6ne \u00e7\u0131kar. <\/p>\n<p><b>1 adet fiyat\u0131d\u0131r<\/b> <\/p>\n<p><p><b>\u00dcretici Markas\u0131 : ZERO LAND<\/b><\/p>\n<p><b>\u00dcretici Kodu : UCZZZM4SPEAKER2<\/b><\/p>\n<p><b>1 ADET F\u0130YATIDIR<\/b><\/p>\n<\/h4>\n<p><\/p>\n","protected":false},"excerpt":{"rendered":"<p>Nostaljik Retro Radyo \u2013 Bluetooth, USB ve FM \u00d6zellikli \u015e\u0131k Tasar\u0131m<\/p>\n","protected":false},"featured_media":208930,"comment_status":"open","ping_status":"closed","template":"","meta":[],"product_brand":[],"product_cat":[461,374],"product_tag":[3605,13030,13033,2025,13031,1963,4001,4035,2511,2104],"class_list":{"0":"post-208935","1":"product","2":"type-product","3":"status-publish","4":"has-post-thumbnail","6":"product_cat-bluetooth-hoparlor","7":"product_cat-mobil-aksesuar","8":"product_tag-bluetooth","9":"product_tag-fm","10":"product_tag-nostaljik","11":"product_tag-ozellikli","12":"product_tag-radyo","13":"product_tag-retro","14":"product_tag-sik","15":"product_tag-tasarim","16":"product_tag-usb","17":"product_tag-ve","19":"first","20":"instock","21":"taxable","22":"shipping-taxable","23":"purchasable","24":"product-type-simple"},"_links":{"self":[{"href":"https:\/\/depodanmusteriye.com\/urunler\/wp-json\/wp\/v2\/product\/208935","targetHints":{"allow":["GET"]}}],"collection":[{"href":"https:\/\/depodanmusteriye.com\/urunler\/wp-json\/wp\/v2\/product"}],"about":[{"href":"https:\/\/depodanmusteriye.com\/urunler\/wp-json\/wp\/v2\/types\/product"}],"replies":[{"embeddable":true,"href":"https:\/\/depodanmusteriye.com\/urunler\/wp-json\/wp\/v2\/comments?post=208935"}],"version-history":[{"count":0,"href":"https:\/\/depodanmusteriye.com\/urunler\/wp-json\/wp\/v2\/product\/208935\/revisions"}],"wp:featuredmedia":[{"embeddable":true,"href":"https:\/\/depodanmusteriye.com\/urunler\/wp-json\/wp\/v2\/media\/208930"}],"wp:attachment":[{"href":"https:\/\/depodanmusteriye.com\/urunler\/wp-json\/wp\/v2\/media?parent=208935"}],"wp:term":[{"taxonomy":"product_brand","embeddable":true,"href":"https:\/\/depodanmusteriye.com\/urunler\/wp-json\/wp\/v2\/product_brand?post=208935"},{"taxonomy":"product_cat","embeddable":true,"href":"https:\/\/depodanmusteriye.com\/urunler\/wp-json\/wp\/v2\/product_cat?post=208935"},{"taxonomy":"product_tag","embeddable":true,"href":"https:\/\/depodanmusteriye.com\/urunler\/wp-json\/wp\/v2\/product_tag?post=208935"}],"curies":[{"name":"wp","href":"https:\/\/api.w.org\/{rel}","templated":true}]}}