{"id":208929,"date":"2025-12-16T04:24:15","date_gmt":"2025-12-16T04:24:15","guid":{"rendered":"https:\/\/b2b.depodanmusteriye.com\/urun\/retro-tarz-kablosuz-radyo-bluetooth-usb-ve-tf-kart-girisli\/"},"modified":"2025-12-16T04:24:15","modified_gmt":"2025-12-16T04:24:15","slug":"retro-tarz-kablosuz-radyo-bluetooth-usb-ve-tf-kart-girisli","status":"publish","type":"product","link":"https:\/\/depodanmusteriye.com\/urunler\/urun\/retro-tarz-kablosuz-radyo-bluetooth-usb-ve-tf-kart-girisli\/","title":{"rendered":"Retro Tarz Kablosuz Radyo \u2013 Bluetooth, USB ve TF Kart Giri\u015fli"},"content":{"rendered":"<h4>Bu retro radyo, nostaljik tasar\u0131m\u0131 ve modern i\u015flevleriyle hem g\u00f6z\u00fcn\u00fcze hem kula\u011f\u0131n\u0131za hitap eder. \u015e\u0131k d\u0131\u015f g\u00f6r\u00fcn\u00fcm\u00fc, klasik \u00e7izgileri ve kaliteli malzeme yap\u0131s\u0131yla dekorasyonunuza vintage bir karakter kazand\u0131r\u0131r.<\/p>\n<p>Bluetooth \u00f6zelli\u011fi sayesinde telefon, tablet veya bilgisayar\u0131n\u0131zdaki m\u00fczikleri kablosuz olarak dinleyebilirsiniz. USB ve TF kart giri\u015fi, farkl\u0131 m\u00fczik kaynaklar\u0131n\u0131 kolayca ba\u011flaman\u0131z\u0131 sa\u011flar.<br \/>\nFM radyo fonksiyonu, sevdi\u011finiz kanallar\u0131 net ses kalitesiyle dinleme imk\u00e2n\u0131 tan\u0131r.<\/p>\n<p>Kompakt boyutu sayesinde kolay ta\u015f\u0131n\u0131r ve her alana uyum sa\u011flar. Dayan\u0131kl\u0131 yap\u0131s\u0131 uzun \u00f6m\u00fcrl\u00fc kullan\u0131m sunarken, zarif detaylar\u0131 ile bulundu\u011fu ortama klasik bir hava katar.<br \/>\nHem teknolojiyi hem nostaljiyi bir arada isteyenler i\u00e7in m\u00fckemmel bir se\u00e7imdir. <\/p>\n<p><b>1 adet fiyat\u0131d\u0131r<\/b> <\/p>\n<p><p><b>\u00dcretici Markas\u0131 : ZERO LAND<\/b><\/p>\n<p><b>\u00dcretici Kodu : UCZZZM4SPEAKER3<\/b><\/p>\n<p><b>1 ADET F\u0130YATIDIR<\/b><\/p>\n<\/h4>\n<p><\/p>\n","protected":false},"excerpt":{"rendered":"<p>Retro Tarz Kablosuz Radyo \u2013 Bluetooth, USB ve TF Kart Giri\u015fli<\/p>\n","protected":false},"featured_media":208924,"comment_status":"open","ping_status":"closed","template":"","meta":[],"product_brand":[],"product_cat":[461,374],"product_tag":[3605,4082,1640,3429,13031,1963,8575,13035,2511,2104],"class_list":{"0":"post-208929","1":"product","2":"type-product","3":"status-publish","4":"has-post-thumbnail","6":"product_cat-bluetooth-hoparlor","7":"product_cat-mobil-aksesuar","8":"product_tag-bluetooth","9":"product_tag-girisli","10":"product_tag-kablosuz","11":"product_tag-kart","12":"product_tag-radyo","13":"product_tag-retro","14":"product_tag-tarz","15":"product_tag-tf","16":"product_tag-usb","17":"product_tag-ve","19":"first","20":"instock","21":"taxable","22":"shipping-taxable","23":"purchasable","24":"product-type-simple"},"_links":{"self":[{"href":"https:\/\/depodanmusteriye.com\/urunler\/wp-json\/wp\/v2\/product\/208929","targetHints":{"allow":["GET"]}}],"collection":[{"href":"https:\/\/depodanmusteriye.com\/urunler\/wp-json\/wp\/v2\/product"}],"about":[{"href":"https:\/\/depodanmusteriye.com\/urunler\/wp-json\/wp\/v2\/types\/product"}],"replies":[{"embeddable":true,"href":"https:\/\/depodanmusteriye.com\/urunler\/wp-json\/wp\/v2\/comments?post=208929"}],"version-history":[{"count":0,"href":"https:\/\/depodanmusteriye.com\/urunler\/wp-json\/wp\/v2\/product\/208929\/revisions"}],"wp:featuredmedia":[{"embeddable":true,"href":"https:\/\/depodanmusteriye.com\/urunler\/wp-json\/wp\/v2\/media\/208924"}],"wp:attachment":[{"href":"https:\/\/depodanmusteriye.com\/urunler\/wp-json\/wp\/v2\/media?parent=208929"}],"wp:term":[{"taxonomy":"product_brand","embeddable":true,"href":"https:\/\/depodanmusteriye.com\/urunler\/wp-json\/wp\/v2\/product_brand?post=208929"},{"taxonomy":"product_cat","embeddable":true,"href":"https:\/\/depodanmusteriye.com\/urunler\/wp-json\/wp\/v2\/product_cat?post=208929"},{"taxonomy":"product_tag","embeddable":true,"href":"https:\/\/depodanmusteriye.com\/urunler\/wp-json\/wp\/v2\/product_tag?post=208929"}],"curies":[{"name":"wp","href":"https:\/\/api.w.org\/{rel}","templated":true}]}}