{"id":208923,"date":"2025-12-16T04:23:50","date_gmt":"2025-12-16T04:23:50","guid":{"rendered":"https:\/\/b2b.depodanmusteriye.com\/urun\/klasik-retro-radyo-bluetooth-destekli-fm-ozellikli-sarjli-hoparlor\/"},"modified":"2025-12-16T04:23:50","modified_gmt":"2025-12-16T04:23:50","slug":"klasik-retro-radyo-bluetooth-destekli-fm-ozellikli-sarjli-hoparlor","status":"publish","type":"product","link":"https:\/\/depodanmusteriye.com\/urunler\/urun\/klasik-retro-radyo-bluetooth-destekli-fm-ozellikli-sarjli-hoparlor\/","title":{"rendered":"Klasik Retro Radyo \u2013 Bluetooth Destekli, FM \u00d6zellikli \u015earjl\u0131 Hoparl\u00f6r"},"content":{"rendered":"<h4>Zaman\u0131n \u00f6tesine ge\u00e7en klasik bir dokunu\u015fla tasarlanan bu retro radyo, evinizin atmosferine s\u0131cak bir nostalji hissi katarken modern teknolojiden de \u00f6d\u00fcn vermez.<\/p>\n<p>Bluetooth ba\u011flant\u0131s\u0131, kablosuz m\u00fczik keyfi sunar. USB ve TF kart giri\u015fleri ile farkl\u0131 m\u00fczik dosyalar\u0131n\u0131 kolayca \u00e7alabilir, FM radyo \u00f6zelli\u011fi sayesinde sevdi\u011finiz yay\u0131nlar\u0131 dinleyebilirsiniz.<br \/>\nKompakt boyutu sayesinde masan\u0131zda, kitapl\u0131\u011f\u0131n\u0131zda veya \u00e7al\u0131\u015fma alan\u0131n\u0131zda kolayca konumland\u0131rabilirsiniz.<\/p>\n<p>G\u00fc\u00e7l\u00fc ses \u00e7\u0131k\u0131\u015f\u0131, kristal netli\u011finde m\u00fczik deneyimi sunar. \u015earjl\u0131 bataryas\u0131yla uzun s\u00fcreli kullan\u0131m sa\u011flar. \u015e\u0131k ve zarif detaylara sahip d\u0131\u015f g\u00f6r\u00fcn\u00fcm\u00fc, her ortama uyum sa\u011flar.<br \/>\nDekoratif y\u00f6n\u00fcyle dikkat \u00e7eken bu model, hediye alternatifi olarak da m\u00fckemmel bir tercihtir. <\/p>\n<p><b>1 adet fiyat\u0131d\u0131r<\/b> <\/p>\n<p><p><b>\u00dcretici Markas\u0131 : ZERO LAND<\/b><\/p>\n<p><b>\u00dcretici Kodu : UCZZZM4SPEAKER4<\/b><\/p>\n<p><b>1 ADET F\u0130YATIDIR<\/b><\/p>\n<\/h4>\n<p><\/p>\n","protected":false},"excerpt":{"rendered":"<p>Klasik Retro Radyo \u2013 Bluetooth Destekli, FM \u00d6zellikli \u015earjl\u0131 Hoparl\u00f6r<\/p>\n","protected":false},"featured_media":208918,"comment_status":"open","ping_status":"closed","template":"","meta":[],"product_brand":[],"product_cat":[461,374],"product_tag":[3605,3695,13030,1968,2029,2025,13031,1963,3975],"class_list":{"0":"post-208923","1":"product","2":"type-product","3":"status-publish","4":"has-post-thumbnail","6":"product_cat-bluetooth-hoparlor","7":"product_cat-mobil-aksesuar","8":"product_tag-bluetooth","9":"product_tag-destekli","10":"product_tag-fm","11":"product_tag-hoparlor","12":"product_tag-klasik","13":"product_tag-ozellikli","14":"product_tag-radyo","15":"product_tag-retro","16":"product_tag-sarjli","18":"first","19":"instock","20":"taxable","21":"shipping-taxable","22":"purchasable","23":"product-type-simple"},"_links":{"self":[{"href":"https:\/\/depodanmusteriye.com\/urunler\/wp-json\/wp\/v2\/product\/208923","targetHints":{"allow":["GET"]}}],"collection":[{"href":"https:\/\/depodanmusteriye.com\/urunler\/wp-json\/wp\/v2\/product"}],"about":[{"href":"https:\/\/depodanmusteriye.com\/urunler\/wp-json\/wp\/v2\/types\/product"}],"replies":[{"embeddable":true,"href":"https:\/\/depodanmusteriye.com\/urunler\/wp-json\/wp\/v2\/comments?post=208923"}],"version-history":[{"count":0,"href":"https:\/\/depodanmusteriye.com\/urunler\/wp-json\/wp\/v2\/product\/208923\/revisions"}],"wp:featuredmedia":[{"embeddable":true,"href":"https:\/\/depodanmusteriye.com\/urunler\/wp-json\/wp\/v2\/media\/208918"}],"wp:attachment":[{"href":"https:\/\/depodanmusteriye.com\/urunler\/wp-json\/wp\/v2\/media?parent=208923"}],"wp:term":[{"taxonomy":"product_brand","embeddable":true,"href":"https:\/\/depodanmusteriye.com\/urunler\/wp-json\/wp\/v2\/product_brand?post=208923"},{"taxonomy":"product_cat","embeddable":true,"href":"https:\/\/depodanmusteriye.com\/urunler\/wp-json\/wp\/v2\/product_cat?post=208923"},{"taxonomy":"product_tag","embeddable":true,"href":"https:\/\/depodanmusteriye.com\/urunler\/wp-json\/wp\/v2\/product_tag?post=208923"}],"curies":[{"name":"wp","href":"https:\/\/api.w.org\/{rel}","templated":true}]}}