{"id":208917,"date":"2025-12-16T04:23:24","date_gmt":"2025-12-16T04:23:24","guid":{"rendered":"https:\/\/b2b.depodanmusteriye.com\/urun\/vintage-bluetooth-radyo-tf-kart-ve-fm-destekli-tasinabilir-nostaljik-model\/"},"modified":"2025-12-16T04:23:24","modified_gmt":"2025-12-16T04:23:24","slug":"vintage-bluetooth-radyo-tf-kart-ve-fm-destekli-tasinabilir-nostaljik-model","status":"publish","type":"product","link":"https:\/\/depodanmusteriye.com\/urunler\/urun\/vintage-bluetooth-radyo-tf-kart-ve-fm-destekli-tasinabilir-nostaljik-model\/","title":{"rendered":"Vintage Bluetooth Radyo \u2013 TF Kart ve FM Destekli Ta\u015f\u0131nabilir Nostaljik Model"},"content":{"rendered":"<h4>Hem klasik hem modern sevenler i\u00e7in tasarlanan bu vintage radyo, nostaljik \u00e7izgilerini modern ses teknolojisiyle birle\u015ftirir.<br \/>\nEstetik d\u0131\u015f g\u00f6r\u00fcn\u00fcm\u00fcyle her ortama \u015f\u0131kl\u0131k katarken, g\u00fc\u00e7l\u00fc hoparl\u00f6r\u00fc ile berrak ses kalitesi sunar.<\/p>\n<p>Bluetooth ba\u011flant\u0131s\u0131 sayesinde telefonunuzdan kablosuz m\u00fczik dinleyebilir, TF kart ve USB giri\u015fiyle farkl\u0131 m\u00fczik kaynaklar\u0131na eri\u015febilirsiniz.<br \/>\nAyr\u0131ca FM radyo \u00f6zelli\u011fiyle sevdi\u011finiz istasyonlar\u0131 kolayca bulabilir, klasik radyo keyfini g\u00fcn\u00fcm\u00fcz teknolojisiyle ya\u015fayabilirsiniz.<\/p>\n<p>Ta\u015f\u0131nabilir yap\u0131s\u0131 sayesinde evde, ofiste veya d\u0131\u015f mek\u00e2nda rahat\u00e7a kullanabilirsiniz. Enerji tasarruflu ve uzun \u00f6m\u00fcrl\u00fc bataryas\u0131, kesintisiz m\u00fczik keyfi sunar.<br \/>\n\u015e\u0131k, sade ve zamans\u0131z tasar\u0131m\u0131yla bu retro radyo hem m\u00fczik tutkunlar\u0131n\u0131n hem de dekorasyon severlerin favorisi olacak. <\/p>\n<p><b>1 adet fiyat\u0131d\u0131r<\/b> <\/p>\n<p><p><b>\u00dcretici Markas\u0131 : ZERO LAND<\/b><\/p>\n<p><b>\u00dcretici Kodu : UCZZZM4SPEAKER5<\/b><\/p>\n<p><b>1 ADET F\u0130YATIDIR<\/b><\/p>\n<\/h4>\n<p><\/p>\n","protected":false},"excerpt":{"rendered":"<p>Vintage Bluetooth Radyo \u2013 TF Kart ve FM Destekli Ta\u015f\u0131nabilir Nostaljik Model<\/p>\n","protected":false},"featured_media":208912,"comment_status":"open","ping_status":"closed","template":"","meta":[],"product_brand":[],"product_cat":[461,374],"product_tag":[3605,3695,13030,3429,13033,13031,2982,13035,2104,5699],"class_list":{"0":"post-208917","1":"product","2":"type-product","3":"status-publish","4":"has-post-thumbnail","6":"product_cat-bluetooth-hoparlor","7":"product_cat-mobil-aksesuar","8":"product_tag-bluetooth","9":"product_tag-destekli","10":"product_tag-fm","11":"product_tag-kart","12":"product_tag-nostaljik","13":"product_tag-radyo","14":"product_tag-tasinabilir","15":"product_tag-tf","16":"product_tag-ve","17":"product_tag-vintage","19":"first","20":"instock","21":"taxable","22":"shipping-taxable","23":"purchasable","24":"product-type-simple"},"_links":{"self":[{"href":"https:\/\/depodanmusteriye.com\/urunler\/wp-json\/wp\/v2\/product\/208917","targetHints":{"allow":["GET"]}}],"collection":[{"href":"https:\/\/depodanmusteriye.com\/urunler\/wp-json\/wp\/v2\/product"}],"about":[{"href":"https:\/\/depodanmusteriye.com\/urunler\/wp-json\/wp\/v2\/types\/product"}],"replies":[{"embeddable":true,"href":"https:\/\/depodanmusteriye.com\/urunler\/wp-json\/wp\/v2\/comments?post=208917"}],"version-history":[{"count":0,"href":"https:\/\/depodanmusteriye.com\/urunler\/wp-json\/wp\/v2\/product\/208917\/revisions"}],"wp:featuredmedia":[{"embeddable":true,"href":"https:\/\/depodanmusteriye.com\/urunler\/wp-json\/wp\/v2\/media\/208912"}],"wp:attachment":[{"href":"https:\/\/depodanmusteriye.com\/urunler\/wp-json\/wp\/v2\/media?parent=208917"}],"wp:term":[{"taxonomy":"product_brand","embeddable":true,"href":"https:\/\/depodanmusteriye.com\/urunler\/wp-json\/wp\/v2\/product_brand?post=208917"},{"taxonomy":"product_cat","embeddable":true,"href":"https:\/\/depodanmusteriye.com\/urunler\/wp-json\/wp\/v2\/product_cat?post=208917"},{"taxonomy":"product_tag","embeddable":true,"href":"https:\/\/depodanmusteriye.com\/urunler\/wp-json\/wp\/v2\/product_tag?post=208917"}],"curies":[{"name":"wp","href":"https:\/\/api.w.org\/{rel}","templated":true}]}}