{"id":208905,"date":"2025-12-16T04:22:43","date_gmt":"2025-12-16T04:22:43","guid":{"rendered":"https:\/\/b2b.depodanmusteriye.com\/urun\/bebek-ve-cocuk-fon-makinesi-nazik-hava-akisi-sifira-yakin-radyasyon\/"},"modified":"2025-12-16T04:22:43","modified_gmt":"2025-12-16T04:22:43","slug":"bebek-ve-cocuk-fon-makinesi-nazik-hava-akisi-sifira-yakin-radyasyon","status":"publish","type":"product","link":"https:\/\/depodanmusteriye.com\/urunler\/urun\/bebek-ve-cocuk-fon-makinesi-nazik-hava-akisi-sifira-yakin-radyasyon\/","title":{"rendered":"Bebek ve \u00c7ocuk F\u00f6n Makinesi \u2013 Nazik Hava Ak\u0131\u015f\u0131, S\u0131f\u0131ra Yak\u0131n Radyasyon"},"content":{"rendered":"<h4>Miniklerin huzuru d\u00fc\u015f\u00fcn\u00fclerek tasarlanan bu f\u00f6n makinesi, d\u00fc\u015f\u00fck ses teknolojisi ile \u00e7al\u0131\u015f\u0131r. B\u00f6ylece bebe\u011finiz rahats\u0131z olmadan sa\u00e7 kurutma i\u015flemi tamamlan\u0131r. 500\/1000W \u00e7ift g\u00fc\u00e7 kademesi sayesinde h\u0131zl\u0131 ama nazik kurutma sa\u011flar. Arka kapaktaki petek tasar\u0131m, hem hava ak\u0131\u015f\u0131n\u0131 dengeler hem de olas\u0131 temaslar\u0131 \u00f6nler. Bebeklerin merakl\u0131 elleri i\u00e7in g\u00fcvenli bir kullan\u0131m sunar. Kompakt boyutu sayesinde seyahatlerde bile kolayca ta\u015f\u0131nabilir. \u00c7ocuk dostu tasar\u0131m\u0131yla annelerin vazge\u00e7ilmezi olur. <\/p>\n<p><b>1 adet fiyat\u0131d\u0131r<\/b> <\/p>\n<p><p><b>\u00dcretici Markas\u0131 : ZERO LAND<\/b><\/p>\n<p><b>\u00dcretici Kodu : UCZZZMAV\u0130PEMBEM\u0130N\u0130F\u00d6N1<\/b><\/p>\n<p><b>1 ADET F\u0130YATIDIR<\/b><\/p>\n<\/h4>\n<p><\/p>\n","protected":false},"excerpt":{"rendered":"<p>Bebek ve \u00c7ocuk F\u00f6n Makinesi \u2013 Nazik Hava Ak\u0131\u015f\u0131, S\u0131f\u0131ra Yak\u0131n Radyasyon<\/p>\n","protected":false},"featured_media":208900,"comment_status":"open","ping_status":"closed","template":"","meta":[],"product_brand":[],"product_cat":[379,471],"product_tag":[13812,1585,2338,9032,1085,3446,13938,14966,14965,2104,13899],"class_list":{"0":"post-208905","1":"product","2":"type-product","3":"status-publish","4":"has-post-thumbnail","6":"product_cat-ev-yasam","7":"product_cat-sac-kurutma-makinesi","8":"product_tag-akisi","9":"product_tag-bebek","10":"product_tag-cocuk","11":"product_tag-fon","12":"product_tag-hava","13":"product_tag-makinesi","14":"product_tag-nazik","15":"product_tag-radyasyon","16":"product_tag-sifira","17":"product_tag-ve","18":"product_tag-yakin","20":"first","21":"instock","22":"taxable","23":"shipping-taxable","24":"purchasable","25":"product-type-simple"},"_links":{"self":[{"href":"https:\/\/depodanmusteriye.com\/urunler\/wp-json\/wp\/v2\/product\/208905","targetHints":{"allow":["GET"]}}],"collection":[{"href":"https:\/\/depodanmusteriye.com\/urunler\/wp-json\/wp\/v2\/product"}],"about":[{"href":"https:\/\/depodanmusteriye.com\/urunler\/wp-json\/wp\/v2\/types\/product"}],"replies":[{"embeddable":true,"href":"https:\/\/depodanmusteriye.com\/urunler\/wp-json\/wp\/v2\/comments?post=208905"}],"version-history":[{"count":0,"href":"https:\/\/depodanmusteriye.com\/urunler\/wp-json\/wp\/v2\/product\/208905\/revisions"}],"wp:featuredmedia":[{"embeddable":true,"href":"https:\/\/depodanmusteriye.com\/urunler\/wp-json\/wp\/v2\/media\/208900"}],"wp:attachment":[{"href":"https:\/\/depodanmusteriye.com\/urunler\/wp-json\/wp\/v2\/media?parent=208905"}],"wp:term":[{"taxonomy":"product_brand","embeddable":true,"href":"https:\/\/depodanmusteriye.com\/urunler\/wp-json\/wp\/v2\/product_brand?post=208905"},{"taxonomy":"product_cat","embeddable":true,"href":"https:\/\/depodanmusteriye.com\/urunler\/wp-json\/wp\/v2\/product_cat?post=208905"},{"taxonomy":"product_tag","embeddable":true,"href":"https:\/\/depodanmusteriye.com\/urunler\/wp-json\/wp\/v2\/product_tag?post=208905"}],"curies":[{"name":"wp","href":"https:\/\/api.w.org\/{rel}","templated":true}]}}