{"id":208893,"date":"2025-12-16T04:21:55","date_gmt":"2025-12-16T04:21:55","guid":{"rendered":"https:\/\/b2b.depodanmusteriye.com\/urun\/bebek-dostu-mini-fon-statik-elektrik-azaltici-anion-teknolojisi\/"},"modified":"2025-12-16T04:21:55","modified_gmt":"2025-12-16T04:21:55","slug":"bebek-dostu-mini-fon-statik-elektrik-azaltici-anion-teknolojisi","status":"publish","type":"product","link":"https:\/\/depodanmusteriye.com\/urunler\/urun\/bebek-dostu-mini-fon-statik-elektrik-azaltici-anion-teknolojisi\/","title":{"rendered":"Bebek Dostu Mini F\u00f6n \u2013 Statik Elektrik Azalt\u0131c\u0131 Anion Teknolojisi"},"content":{"rendered":"<h4>Arka k\u0131sm\u0131ndaki petek \u015feklindeki koruyucu kapak, \u00e7ocuklar\u0131n parmaklar\u0131n\u0131 i\u00e7 k\u0131sma sokmas\u0131n\u0131 \u00f6nler. Bu sayede y\u00fcksek g\u00fcvenlikli bir kullan\u0131m sa\u011flar. Hava \u00e7\u0131k\u0131\u015f\u0131 dengeli ve yumu\u015fakt\u0131r; ne bebe\u011fin cildini yakar ne de sa\u00e7 derisini kurutur. D\u00fc\u015f\u00fck ses seviyesi, bebeklerin korkmadan veya rahats\u0131z olmadan sa\u00e7 kurutma s\u00fcrecini tamamlamas\u0131n\u0131 sa\u011flar. Ailelerin i\u00e7ini rahatlatan g\u00fcvenli ve sa\u011flam bir tasar\u0131m sunar. <\/p>\n<p><b>1 adet fiyat\u0131d\u0131r<\/b> <\/p>\n<p><p><b>\u00dcretici Markas\u0131 : ZERO LAND<\/b><\/p>\n<p><b>\u00dcretici Kodu : UCZZZMAV\u0130PEMBEM\u0130N\u0130F\u00d6N3<\/b><\/p>\n<p><b>1 ADET F\u0130YATIDIR<\/b><\/p>\n<\/h4>\n<p><\/p>\n","protected":false},"excerpt":{"rendered":"<p>Bebek Dostu Mini F\u00f6n \u2013 Statik Elektrik Azalt\u0131c\u0131 Anion Teknolojisi<\/p>\n","protected":false},"featured_media":208888,"comment_status":"open","ping_status":"closed","template":"","meta":[],"product_brand":[],"product_cat":[379,471],"product_tag":[14964,6082,1585,4186,4370,9032,2265,14963,4302],"class_list":{"0":"post-208893","1":"product","2":"type-product","3":"status-publish","4":"has-post-thumbnail","6":"product_cat-ev-yasam","7":"product_cat-sac-kurutma-makinesi","8":"product_tag-anion","9":"product_tag-azaltici","10":"product_tag-bebek","11":"product_tag-dostu","12":"product_tag-elektrik","13":"product_tag-fon","14":"product_tag-mini","15":"product_tag-statik","16":"product_tag-teknolojisi","18":"first","19":"instock","20":"taxable","21":"shipping-taxable","22":"purchasable","23":"product-type-simple"},"_links":{"self":[{"href":"https:\/\/depodanmusteriye.com\/urunler\/wp-json\/wp\/v2\/product\/208893","targetHints":{"allow":["GET"]}}],"collection":[{"href":"https:\/\/depodanmusteriye.com\/urunler\/wp-json\/wp\/v2\/product"}],"about":[{"href":"https:\/\/depodanmusteriye.com\/urunler\/wp-json\/wp\/v2\/types\/product"}],"replies":[{"embeddable":true,"href":"https:\/\/depodanmusteriye.com\/urunler\/wp-json\/wp\/v2\/comments?post=208893"}],"version-history":[{"count":0,"href":"https:\/\/depodanmusteriye.com\/urunler\/wp-json\/wp\/v2\/product\/208893\/revisions"}],"wp:featuredmedia":[{"embeddable":true,"href":"https:\/\/depodanmusteriye.com\/urunler\/wp-json\/wp\/v2\/media\/208888"}],"wp:attachment":[{"href":"https:\/\/depodanmusteriye.com\/urunler\/wp-json\/wp\/v2\/media?parent=208893"}],"wp:term":[{"taxonomy":"product_brand","embeddable":true,"href":"https:\/\/depodanmusteriye.com\/urunler\/wp-json\/wp\/v2\/product_brand?post=208893"},{"taxonomy":"product_cat","embeddable":true,"href":"https:\/\/depodanmusteriye.com\/urunler\/wp-json\/wp\/v2\/product_cat?post=208893"},{"taxonomy":"product_tag","embeddable":true,"href":"https:\/\/depodanmusteriye.com\/urunler\/wp-json\/wp\/v2\/product_tag?post=208893"}],"curies":[{"name":"wp","href":"https:\/\/api.w.org\/{rel}","templated":true}]}}