{"id":208875,"date":"2025-12-16T04:20:49","date_gmt":"2025-12-16T04:20:49","guid":{"rendered":"https:\/\/b2b.depodanmusteriye.com\/urun\/kablosuz-bluetooth-5-3-kulaklik-dijital-ekranli-ve-su-gecirmez\/"},"modified":"2025-12-16T04:20:49","modified_gmt":"2025-12-16T04:20:49","slug":"kablosuz-bluetooth-5-3-kulaklik-dijital-ekranli-ve-su-gecirmez","status":"publish","type":"product","link":"https:\/\/depodanmusteriye.com\/urunler\/urun\/kablosuz-bluetooth-5-3-kulaklik-dijital-ekranli-ve-su-gecirmez\/","title":{"rendered":"Kablosuz Bluetooth 5.3 Kulakl\u0131k Dijital Ekranl\u0131 ve Su Ge\u00e7irmez"},"content":{"rendered":"<h4>Yeni nesil kablosuz ses deneyimine haz\u0131r olun!<br \/>\nFineblue F580 Bluetooth Kulakl\u0131k, g\u00fc\u00e7l\u00fc performans\u0131, \u015f\u0131k tasar\u0131m\u0131 ve ak\u0131ll\u0131 \u00f6zellikleriyle g\u00fcnl\u00fck ya\u015fam\u0131n her an\u0131na uyum sa\u011flar.<br \/>\nBluetooth 5.3 teknolojisi, 10 metreye kadar kararl\u0131 ba\u011flant\u0131 sunarak kesintisiz bir ses deneyimi ya\u015fat\u0131r.<br \/>\nHem oyun oynarken d\u00fc\u015f\u00fck gecikmeli performans sa\u011flar hem de m\u00fczik dinlerken net ve g\u00fc\u00e7l\u00fc bir ses kalitesi sunar.<\/p>\n<p>Geri \u00e7ekilebilir kablo tasar\u0131m\u0131, kablo kar\u0131\u015f\u0131kl\u0131\u011f\u0131n\u0131 tamamen ortadan kald\u0131r\u0131r.<br \/>\nKlipsli yap\u0131s\u0131 sayesinde ti\u015f\u00f6rt\u00fcn\u00fcze veya g\u00f6mle\u011finize sabitleyebilir, \u00f6zg\u00fcrce hareket ederken kulakl\u0131\u011f\u0131 g\u00fcvenle kullanabilirsiniz.<br \/>\n110mAh g\u00fc\u00e7l\u00fc batarya, 12 saate kadar kesintisiz m\u00fczik veya konu\u015fma imk\u00e2n\u0131 sunar.<br \/>\nAyr\u0131ca, LED dijital ekran\u0131 sayesinde \u015farj seviyesini anl\u0131k olarak g\u00f6rebilir, \u015farj durumunuzu her zaman kontrol alt\u0131nda tutabilirsiniz.<\/p>\n<p>Su ge\u00e7irmez d\u0131\u015f y\u00fczeyi, spor yaparken veya ani ya\u011fmurlarda bile g\u00fcvenli kullan\u0131m sa\u011flar.<br \/>\nKompakt ve modern tasar\u0131m\u0131 ile Fineblue F580, hem i\u015f hem de e\u011flence i\u00e7in m\u00fckemmel bir kablosuz kulakl\u0131k deneyimi sunar. <\/p>\n<p><b>1 adet fiyat\u0131d\u0131r<\/b> <\/p>\n<p><p><b>\u00dcretici Markas\u0131 : ZERO LAND<\/b><\/p>\n<p><b>\u00dcretici Kodu : XUCZZZF580MAKARALI<\/b><\/p>\n<p><b>1 ADET F\u0130YATIDIR<\/b><\/p>\n<\/h4>\n<p><\/p>\n","protected":false},"excerpt":{"rendered":"<p>Kablosuz Bluetooth 5.3 Kulakl\u0131k Dijital Ekranl\u0131 ve Su Ge\u00e7irmez<\/p>\n","protected":false},"featured_media":208870,"comment_status":"open","ping_status":"closed","template":"","meta":[],"product_brand":[],"product_cat":[494,374],"product_tag":[9184,3605,3443,4085,4094,1640,1641,1330,2104],"class_list":{"0":"post-208875","1":"product","2":"type-product","3":"status-publish","4":"has-post-thumbnail","6":"product_cat-kulak-ici-tws-bluetooth-kulaklik","7":"product_cat-mobil-aksesuar","8":"product_tag-5-3","9":"product_tag-bluetooth","10":"product_tag-dijital","11":"product_tag-ekranli","12":"product_tag-gecirmez","13":"product_tag-kablosuz","14":"product_tag-kulaklik","15":"product_tag-su","16":"product_tag-ve","18":"first","19":"instock","20":"taxable","21":"shipping-taxable","22":"purchasable","23":"product-type-simple"},"_links":{"self":[{"href":"https:\/\/depodanmusteriye.com\/urunler\/wp-json\/wp\/v2\/product\/208875","targetHints":{"allow":["GET"]}}],"collection":[{"href":"https:\/\/depodanmusteriye.com\/urunler\/wp-json\/wp\/v2\/product"}],"about":[{"href":"https:\/\/depodanmusteriye.com\/urunler\/wp-json\/wp\/v2\/types\/product"}],"replies":[{"embeddable":true,"href":"https:\/\/depodanmusteriye.com\/urunler\/wp-json\/wp\/v2\/comments?post=208875"}],"version-history":[{"count":0,"href":"https:\/\/depodanmusteriye.com\/urunler\/wp-json\/wp\/v2\/product\/208875\/revisions"}],"wp:featuredmedia":[{"embeddable":true,"href":"https:\/\/depodanmusteriye.com\/urunler\/wp-json\/wp\/v2\/media\/208870"}],"wp:attachment":[{"href":"https:\/\/depodanmusteriye.com\/urunler\/wp-json\/wp\/v2\/media?parent=208875"}],"wp:term":[{"taxonomy":"product_brand","embeddable":true,"href":"https:\/\/depodanmusteriye.com\/urunler\/wp-json\/wp\/v2\/product_brand?post=208875"},{"taxonomy":"product_cat","embeddable":true,"href":"https:\/\/depodanmusteriye.com\/urunler\/wp-json\/wp\/v2\/product_cat?post=208875"},{"taxonomy":"product_tag","embeddable":true,"href":"https:\/\/depodanmusteriye.com\/urunler\/wp-json\/wp\/v2\/product_tag?post=208875"}],"curies":[{"name":"wp","href":"https:\/\/api.w.org\/{rel}","templated":true}]}}