{"id":208803,"date":"2025-12-16T04:16:45","date_gmt":"2025-12-16T04:16:45","guid":{"rendered":"https:\/\/b2b.depodanmusteriye.com\/urun\/tasinabilir-mini-bluetooth-hoparlor-guclu-ses-ve-sik-kirmizi-tasarim\/"},"modified":"2025-12-16T04:16:45","modified_gmt":"2025-12-16T04:16:45","slug":"tasinabilir-mini-bluetooth-hoparlor-guclu-ses-ve-sik-kirmizi-tasarim","status":"publish","type":"product","link":"https:\/\/depodanmusteriye.com\/urunler\/urun\/tasinabilir-mini-bluetooth-hoparlor-guclu-ses-ve-sik-kirmizi-tasarim\/","title":{"rendered":"Ta\u015f\u0131nabilir Mini Bluetooth Hoparl\u00f6r G\u00fc\u00e7l\u00fc Ses ve \u015e\u0131k K\u0131rm\u0131z\u0131 Tasar\u0131m"},"content":{"rendered":"<h4>Ta\u015f\u0131nabilirlik ve \u015e\u0131kl\u0131k Bir Arada!<br \/>\nKompakt yap\u0131s\u0131 ve hafif tasar\u0131m\u0131yla bu mini Bluetooth hoparl\u00f6r, g\u00fcnl\u00fck ya\u015fam\u0131n her alan\u0131nda m\u00fczi\u011fi yan\u0131n\u0131zda ta\u015f\u0131man\u0131z\u0131 sa\u011flar.<br \/>\nK\u00fc\u00e7\u00fck boyutlar\u0131na ra\u011fmen y\u00fcksek ses g\u00fcc\u00fc sunarak beklentilerin \u00e7ok \u00f6tesinde bir performans sergiler.<br \/>\nModern \u00e7izgilere sahip d\u0131\u015f y\u00fczeyi, g\u00f6z al\u0131c\u0131 sadece i\u015flevsel de\u011fil, ayn\u0131 zamanda estetik bir aksesuar h\u00e2line gelir.<\/p>\n<p>Evde, ofiste, parkta veya seyahatte m\u00fczik keyfini kesintisiz ya\u015fay\u0131n.<br \/>\nDayan\u0131kl\u0131 malzeme kalitesi uzun \u00f6m\u00fcrl\u00fc kullan\u0131m sa\u011flarken, kompakt formu \u00e7antan\u0131zda veya cebinizde kolayca ta\u015f\u0131nabilir.<br \/>\n\u015e\u0131kl\u0131\u011f\u0131 ve g\u00fcc\u00fc bir arada sunan bu hoparl\u00f6r, tarz sahibi kullan\u0131c\u0131lar i\u00e7in m\u00fckemmel bir se\u00e7imdir. <\/p>\n<p><b>1 adet fiyat\u0131d\u0131r<\/b> <\/p>\n<p><p><b>\u00dcretici Markas\u0131 : ZERO LAND<\/b><\/p>\n<p><b>\u00dcretici Kodu : XUCZZZFL\u0130P6MAXXXX<\/b><\/p>\n<p><b>1 ADET F\u0130YATIDIR<\/b><\/p>\n<\/h4>\n<p><\/p>\n","protected":false},"excerpt":{"rendered":"<p>Ta\u015f\u0131nabilir Mini Bluetooth Hoparl\u00f6r G\u00fc\u00e7l\u00fc Ses ve \u015e\u0131k K\u0131rm\u0131z\u0131 Tasar\u0131m<\/p>\n","protected":false},"featured_media":208798,"comment_status":"open","ping_status":"closed","template":"","meta":[],"product_brand":[],"product_cat":[461,374],"product_tag":[3605,4038,1968,2323,2265,1915,4001,4035,2982,2104],"class_list":{"0":"post-208803","1":"product","2":"type-product","3":"status-publish","4":"has-post-thumbnail","6":"product_cat-bluetooth-hoparlor","7":"product_cat-mobil-aksesuar","8":"product_tag-bluetooth","9":"product_tag-guclu","10":"product_tag-hoparlor","11":"product_tag-kirmizi","12":"product_tag-mini","13":"product_tag-ses","14":"product_tag-sik","15":"product_tag-tasarim","16":"product_tag-tasinabilir","17":"product_tag-ve","19":"first","20":"instock","21":"taxable","22":"shipping-taxable","23":"purchasable","24":"product-type-simple"},"_links":{"self":[{"href":"https:\/\/depodanmusteriye.com\/urunler\/wp-json\/wp\/v2\/product\/208803","targetHints":{"allow":["GET"]}}],"collection":[{"href":"https:\/\/depodanmusteriye.com\/urunler\/wp-json\/wp\/v2\/product"}],"about":[{"href":"https:\/\/depodanmusteriye.com\/urunler\/wp-json\/wp\/v2\/types\/product"}],"replies":[{"embeddable":true,"href":"https:\/\/depodanmusteriye.com\/urunler\/wp-json\/wp\/v2\/comments?post=208803"}],"version-history":[{"count":0,"href":"https:\/\/depodanmusteriye.com\/urunler\/wp-json\/wp\/v2\/product\/208803\/revisions"}],"wp:featuredmedia":[{"embeddable":true,"href":"https:\/\/depodanmusteriye.com\/urunler\/wp-json\/wp\/v2\/media\/208798"}],"wp:attachment":[{"href":"https:\/\/depodanmusteriye.com\/urunler\/wp-json\/wp\/v2\/media?parent=208803"}],"wp:term":[{"taxonomy":"product_brand","embeddable":true,"href":"https:\/\/depodanmusteriye.com\/urunler\/wp-json\/wp\/v2\/product_brand?post=208803"},{"taxonomy":"product_cat","embeddable":true,"href":"https:\/\/depodanmusteriye.com\/urunler\/wp-json\/wp\/v2\/product_cat?post=208803"},{"taxonomy":"product_tag","embeddable":true,"href":"https:\/\/depodanmusteriye.com\/urunler\/wp-json\/wp\/v2\/product_tag?post=208803"}],"curies":[{"name":"wp","href":"https:\/\/api.w.org\/{rel}","templated":true}]}}