{"id":208791,"date":"2025-12-16T04:15:59","date_gmt":"2025-12-16T04:15:59","guid":{"rendered":"https:\/\/b2b.depodanmusteriye.com\/urun\/mini-mavi-bluetooth-hoparlor-sik-gorunum-ve-tasinabilir-guclu-ses\/"},"modified":"2025-12-16T04:15:59","modified_gmt":"2025-12-16T04:15:59","slug":"mini-mavi-bluetooth-hoparlor-sik-gorunum-ve-tasinabilir-guclu-ses","status":"publish","type":"product","link":"https:\/\/depodanmusteriye.com\/urunler\/urun\/mini-mavi-bluetooth-hoparlor-sik-gorunum-ve-tasinabilir-guclu-ses\/","title":{"rendered":"Mini Mavi Bluetooth Hoparl\u00f6r \u015e\u0131k G\u00f6r\u00fcn\u00fcm ve Ta\u015f\u0131nabilir G\u00fc\u00e7l\u00fc Ses"},"content":{"rendered":"<h4>\u015e\u0131kl\u0131k ve performans tek bir \u00fcr\u00fcnde bulu\u015ftu!<br \/>\nBu mini ta\u015f\u0131nabilir Bluetooth hoparl\u00f6r, kompakt formuna ra\u011fmen g\u00fc\u00e7l\u00fc ses \u00e7\u0131k\u0131\u015f\u0131yla fark yarat\u0131r.<br \/>\nModern hatlara sahip mavi d\u0131\u015f y\u00fczeyi, bulundu\u011fu ortama enerjik bir hava katar.<\/p>\n<p>Hafif ve ergonomik tasar\u0131m\u0131, her yere rahatl\u0131kla ta\u015f\u0131man\u0131za olanak tan\u0131r.<br \/>\nEvde, ofiste, d\u0131\u015far\u0131da veya tatilde \u2013 nerede olursan\u0131z olun m\u00fczi\u011fin ritmini yan\u0131n\u0131zda hissedin.<br \/>\nHem estetik g\u00f6r\u00fcn\u00fcm\u00fc hem de y\u00fcksek ses kalitesi ile m\u00fczik deneyiminizi bir \u00fcst seviyeye ta\u015f\u0131r.<br \/>\nK\u00fc\u00e7\u00fck ama etkili bu hoparl\u00f6r, tarz\u0131n\u0131z\u0131 tamamlayan m\u00fckemmel bir ses aksesuar\u0131d\u0131r. <\/p>\n<p><b>1 adet fiyat\u0131d\u0131r<\/b> <\/p>\n<p><p><b>\u00dcretici Markas\u0131 : ZERO LAND<\/b><\/p>\n<p><b>\u00dcretici Kodu : XUCZZZFL\u0130P6MAXXXX2<\/b><\/p>\n<p><b>1 ADET F\u0130YATIDIR<\/b><\/p>\n<\/h4>\n<p><\/p>\n","protected":false},"excerpt":{"rendered":"<p>Mini Mavi Bluetooth Hoparl\u00f6r \u015e\u0131k G\u00f6r\u00fcn\u00fcm ve Ta\u015f\u0131nabilir G\u00fc\u00e7l\u00fc Ses<\/p>\n","protected":false},"featured_media":208786,"comment_status":"open","ping_status":"closed","template":"","meta":[],"product_brand":[],"product_cat":[461,374],"product_tag":[3605,4257,4038,1968,1737,2265,1915,4001,2982,2104],"class_list":{"0":"post-208791","1":"product","2":"type-product","3":"status-publish","4":"has-post-thumbnail","6":"product_cat-bluetooth-hoparlor","7":"product_cat-mobil-aksesuar","8":"product_tag-bluetooth","9":"product_tag-gorunum","10":"product_tag-guclu","11":"product_tag-hoparlor","12":"product_tag-mavi","13":"product_tag-mini","14":"product_tag-ses","15":"product_tag-sik","16":"product_tag-tasinabilir","17":"product_tag-ve","19":"first","20":"instock","21":"taxable","22":"shipping-taxable","23":"purchasable","24":"product-type-simple"},"_links":{"self":[{"href":"https:\/\/depodanmusteriye.com\/urunler\/wp-json\/wp\/v2\/product\/208791","targetHints":{"allow":["GET"]}}],"collection":[{"href":"https:\/\/depodanmusteriye.com\/urunler\/wp-json\/wp\/v2\/product"}],"about":[{"href":"https:\/\/depodanmusteriye.com\/urunler\/wp-json\/wp\/v2\/types\/product"}],"replies":[{"embeddable":true,"href":"https:\/\/depodanmusteriye.com\/urunler\/wp-json\/wp\/v2\/comments?post=208791"}],"version-history":[{"count":0,"href":"https:\/\/depodanmusteriye.com\/urunler\/wp-json\/wp\/v2\/product\/208791\/revisions"}],"wp:featuredmedia":[{"embeddable":true,"href":"https:\/\/depodanmusteriye.com\/urunler\/wp-json\/wp\/v2\/media\/208786"}],"wp:attachment":[{"href":"https:\/\/depodanmusteriye.com\/urunler\/wp-json\/wp\/v2\/media?parent=208791"}],"wp:term":[{"taxonomy":"product_brand","embeddable":true,"href":"https:\/\/depodanmusteriye.com\/urunler\/wp-json\/wp\/v2\/product_brand?post=208791"},{"taxonomy":"product_cat","embeddable":true,"href":"https:\/\/depodanmusteriye.com\/urunler\/wp-json\/wp\/v2\/product_cat?post=208791"},{"taxonomy":"product_tag","embeddable":true,"href":"https:\/\/depodanmusteriye.com\/urunler\/wp-json\/wp\/v2\/product_tag?post=208791"}],"curies":[{"name":"wp","href":"https:\/\/api.w.org\/{rel}","templated":true}]}}