{"id":208779,"date":"2025-12-16T04:15:20","date_gmt":"2025-12-16T04:15:20","guid":{"rendered":"https:\/\/b2b.depodanmusteriye.com\/urun\/500-klasik-oyunlu-retro-oyun-konsolu-tasinabilir-ve-tv-baglantili\/"},"modified":"2025-12-16T04:15:20","modified_gmt":"2025-12-16T04:15:20","slug":"500-klasik-oyunlu-retro-oyun-konsolu-tasinabilir-ve-tv-baglantili","status":"publish","type":"product","link":"https:\/\/depodanmusteriye.com\/urunler\/urun\/500-klasik-oyunlu-retro-oyun-konsolu-tasinabilir-ve-tv-baglantili\/","title":{"rendered":"500 Klasik Oyunlu Retro Oyun Konsolu Ta\u015f\u0131nabilir ve TV Ba\u011flant\u0131l\u0131"},"content":{"rendered":"<h4>K\u00fc\u00e7\u00fck boyut, b\u00fcy\u00fck e\u011flence!<br \/>\nBu retro ta\u015f\u0131nabilir oyun konsolu, ge\u00e7mi\u015fin en sevilen oyunlar\u0131n\u0131 modern teknolojiyle bulu\u015fturur.<br \/>\n3.0 in\u00e7 renkli ekran\u0131, net ve canl\u0131 g\u00f6r\u00fcnt\u00fcler sunarken, cihaz\u0131n haf\u0131zas\u0131ndaki 500 oyun, aksiyondan stratejiye kadar geni\u015f bir yelpazede e\u011flence sa\u011flar.<\/p>\n<p>Elde kullan\u0131m veya TV ba\u011flant\u0131s\u0131 (AV \u00e7\u0131k\u0131\u015f\u0131) \u00f6zelli\u011fi sayesinde, ister tek ba\u015f\u0131n\u0131za ister arkada\u015flar\u0131n\u0131zla oynayabilirsiniz.<br \/>\n1000 mAh bataryas\u0131, uzun oyun seanslar\u0131nda bile performans kayb\u0131 ya\u015famadan 6\u20138 saatlik kesintisiz e\u011flence sunar.<br \/>\nDayan\u0131kl\u0131 ve kompakt tasar\u0131m\u0131, her ya\u015f i\u00e7in g\u00fcvenli ve pratik bir kullan\u0131m sa\u011flar.<br \/>\nHem nostaljik hem ta\u015f\u0131nabilir \u2013 bu konsol, oyun tutkunlar\u0131n\u0131n vazge\u00e7ilmezi olacak! <\/p>\n<p><b>1 adet fiyat\u0131d\u0131r<\/b> <\/p>\n<p><p><b>\u00dcretici Markas\u0131 : ZERO LAND<\/b><\/p>\n<p><b>\u00dcretici Kodu : XUCZZZG5ATAR\u0130\u0130\u0130\u0130\u01301<\/b><\/p>\n<p><b>1 ADET F\u0130YATIDIR<\/b><\/p>\n<\/h4>\n<p><\/p>\n","protected":false},"excerpt":{"rendered":"<p>500 Klasik Oyunlu Retro Oyun Konsolu Ta\u015f\u0131nabilir ve TV Ba\u011flant\u0131l\u0131<\/p>\n","protected":false},"featured_media":208774,"comment_status":"open","ping_status":"closed","template":"","meta":[],"product_brand":[],"product_cat":[379,725],"product_tag":[2836,4247,2029,3998,3997,4167,1963,2982,4014,2104],"class_list":{"0":"post-208779","1":"product","2":"type-product","3":"status-publish","4":"has-post-thumbnail","6":"product_cat-ev-yasam","7":"product_cat-psp-and-vita-oyunu","8":"product_tag-2836","9":"product_tag-baglantili","10":"product_tag-klasik","11":"product_tag-konsolu","12":"product_tag-oyun","13":"product_tag-oyunlu","14":"product_tag-retro","15":"product_tag-tasinabilir","16":"product_tag-tv","17":"product_tag-ve","19":"first","20":"instock","21":"taxable","22":"shipping-taxable","23":"purchasable","24":"product-type-simple"},"_links":{"self":[{"href":"https:\/\/depodanmusteriye.com\/urunler\/wp-json\/wp\/v2\/product\/208779","targetHints":{"allow":["GET"]}}],"collection":[{"href":"https:\/\/depodanmusteriye.com\/urunler\/wp-json\/wp\/v2\/product"}],"about":[{"href":"https:\/\/depodanmusteriye.com\/urunler\/wp-json\/wp\/v2\/types\/product"}],"replies":[{"embeddable":true,"href":"https:\/\/depodanmusteriye.com\/urunler\/wp-json\/wp\/v2\/comments?post=208779"}],"version-history":[{"count":0,"href":"https:\/\/depodanmusteriye.com\/urunler\/wp-json\/wp\/v2\/product\/208779\/revisions"}],"wp:featuredmedia":[{"embeddable":true,"href":"https:\/\/depodanmusteriye.com\/urunler\/wp-json\/wp\/v2\/media\/208774"}],"wp:attachment":[{"href":"https:\/\/depodanmusteriye.com\/urunler\/wp-json\/wp\/v2\/media?parent=208779"}],"wp:term":[{"taxonomy":"product_brand","embeddable":true,"href":"https:\/\/depodanmusteriye.com\/urunler\/wp-json\/wp\/v2\/product_brand?post=208779"},{"taxonomy":"product_cat","embeddable":true,"href":"https:\/\/depodanmusteriye.com\/urunler\/wp-json\/wp\/v2\/product_cat?post=208779"},{"taxonomy":"product_tag","embeddable":true,"href":"https:\/\/depodanmusteriye.com\/urunler\/wp-json\/wp\/v2\/product_tag?post=208779"}],"curies":[{"name":"wp","href":"https:\/\/api.w.org\/{rel}","templated":true}]}}