{"id":208773,"date":"2025-12-16T04:15:00","date_gmt":"2025-12-16T04:15:00","guid":{"rendered":"https:\/\/b2b.depodanmusteriye.com\/urun\/mini-retro-oyun-konsolu-500-oyunlu-3-0-inc-ekran-ve-sarjli-batarya\/"},"modified":"2025-12-16T04:15:00","modified_gmt":"2025-12-16T04:15:00","slug":"mini-retro-oyun-konsolu-500-oyunlu-3-0-inc-ekran-ve-sarjli-batarya","status":"publish","type":"product","link":"https:\/\/depodanmusteriye.com\/urunler\/urun\/mini-retro-oyun-konsolu-500-oyunlu-3-0-inc-ekran-ve-sarjli-batarya\/","title":{"rendered":"Mini Retro Oyun Konsolu 500 Oyunlu 3.0 \u0130n\u00e7 Ekran ve \u015earjl\u0131 Batarya"},"content":{"rendered":"<h4>Ge\u00e7mi\u015fin e\u011flencesi, bug\u00fcn\u00fcn ta\u015f\u0131nabilirli\u011fiyle bulu\u015ftu!<br \/>\nBu retro oyun konsolu, 3.0 in\u00e7 renkli ekran\u0131 ile y\u00fcksek kaliteli g\u00f6rseller sunar.<br \/>\nCihazda y\u00fckl\u00fc gelen 500 klasik oyun, farkl\u0131 t\u00fcrlerdeki i\u00e7erikleriyle her ya\u015fa hitap eder.<br \/>\nAV \u00e7\u0131k\u0131\u015f\u0131 sayesinde televizyona ba\u011flanabilir, b\u00fcy\u00fck ekran keyfi ya\u015fat\u0131r.<br \/>\n1000 mAh \u015farj edilebilir pil, 6\u20138 saat kesintisiz oyun oynama s\u00fcresi sunar.<br \/>\nHafif ve dayan\u0131kl\u0131 g\u00f6vdesiyle hem \u00e7ocuklar hem yeti\u015fkinler i\u00e7in m\u00fckemmel bir hediye alternatifidir.<br \/>\n\u0130ster seyahatte ister evde olun, bu mini oyun konsolu ile nostaljiyi her an yan\u0131n\u0131zda ta\u015f\u0131y\u0131n.<br \/>\nE\u011flenceli, pratik ve ta\u015f\u0131nabilir \u2013 ge\u00e7mi\u015fin efsanelerini bug\u00fcne getiriyor! <\/p>\n<p><b>1 adet fiyat\u0131d\u0131r<\/b> <\/p>\n<p><p><b>\u00dcretici Markas\u0131 : ZERO LAND<\/b><\/p>\n<p><b>\u00dcretici Kodu : XUCZZZG5ATAR\u0130\u0130\u0130\u0130\u01302<\/b><\/p>\n<p><b>1 ADET F\u0130YATIDIR<\/b><\/p>\n<\/h4>\n<p><\/p>\n","protected":false},"excerpt":{"rendered":"<p>Mini Retro Oyun Konsolu 500 Oyunlu 3.0 \u0130n\u00e7 Ekran ve \u015earjl\u0131 Batarya<\/p>\n","protected":false},"featured_media":208768,"comment_status":"open","ping_status":"closed","template":"","meta":[],"product_brand":[],"product_cat":[379,725],"product_tag":[2752,2836,4311,2774,2347,3998,2265,3997,4167,1963,3975,2104],"class_list":{"0":"post-208773","1":"product","2":"type-product","3":"status-publish","4":"has-post-thumbnail","6":"product_cat-ev-yasam","7":"product_cat-psp-and-vita-oyunu","8":"product_tag-3-0","9":"product_tag-2836","10":"product_tag-batarya","11":"product_tag-ekran","12":"product_tag-inc","13":"product_tag-konsolu","14":"product_tag-mini","15":"product_tag-oyun","16":"product_tag-oyunlu","17":"product_tag-retro","18":"product_tag-sarjli","19":"product_tag-ve","21":"first","22":"instock","23":"taxable","24":"shipping-taxable","25":"purchasable","26":"product-type-simple"},"_links":{"self":[{"href":"https:\/\/depodanmusteriye.com\/urunler\/wp-json\/wp\/v2\/product\/208773","targetHints":{"allow":["GET"]}}],"collection":[{"href":"https:\/\/depodanmusteriye.com\/urunler\/wp-json\/wp\/v2\/product"}],"about":[{"href":"https:\/\/depodanmusteriye.com\/urunler\/wp-json\/wp\/v2\/types\/product"}],"replies":[{"embeddable":true,"href":"https:\/\/depodanmusteriye.com\/urunler\/wp-json\/wp\/v2\/comments?post=208773"}],"version-history":[{"count":0,"href":"https:\/\/depodanmusteriye.com\/urunler\/wp-json\/wp\/v2\/product\/208773\/revisions"}],"wp:featuredmedia":[{"embeddable":true,"href":"https:\/\/depodanmusteriye.com\/urunler\/wp-json\/wp\/v2\/media\/208768"}],"wp:attachment":[{"href":"https:\/\/depodanmusteriye.com\/urunler\/wp-json\/wp\/v2\/media?parent=208773"}],"wp:term":[{"taxonomy":"product_brand","embeddable":true,"href":"https:\/\/depodanmusteriye.com\/urunler\/wp-json\/wp\/v2\/product_brand?post=208773"},{"taxonomy":"product_cat","embeddable":true,"href":"https:\/\/depodanmusteriye.com\/urunler\/wp-json\/wp\/v2\/product_cat?post=208773"},{"taxonomy":"product_tag","embeddable":true,"href":"https:\/\/depodanmusteriye.com\/urunler\/wp-json\/wp\/v2\/product_tag?post=208773"}],"curies":[{"name":"wp","href":"https:\/\/api.w.org\/{rel}","templated":true}]}}