{"id":208473,"date":"2025-12-16T03:57:50","date_gmt":"2025-12-16T03:57:50","guid":{"rendered":"https:\/\/b2b.depodanmusteriye.com\/urun\/elektrikli-turk-kahvesi-cezvesi-800w-kablosuz-doner-tabanli\/"},"modified":"2025-12-16T03:57:50","modified_gmt":"2025-12-16T03:57:50","slug":"elektrikli-turk-kahvesi-cezvesi-800w-kablosuz-doner-tabanli","status":"publish","type":"product","link":"https:\/\/depodanmusteriye.com\/urunler\/urun\/elektrikli-turk-kahvesi-cezvesi-800w-kablosuz-doner-tabanli\/","title":{"rendered":"Elektrikli T\u00fcrk Kahvesi Cezvesi 800W Kablosuz D\u00f6ner Tabanl\u0131"},"content":{"rendered":"<h4>Geleneksel lezzeti modern teknolojiyle bulu\u015fturan elektrikli T\u00fcrk kahvesi cezvesi, her fincanda m\u00fckemmel sonu\u00e7lar sunar.<br \/>\n800W g\u00fcc\u00fc ile kahvenizi k\u0131sa s\u00fcrede haz\u0131rlar, 300 ml kapasitesiyle 6 fincana kadar servis yapman\u0131za imkan tan\u0131r.<\/p>\n<p>360\u00b0 d\u00f6nebilen kablosuz taban, cezveyi diledi\u011finiz y\u00f6nden kald\u0131r\u0131p kullanman\u0131z\u0131 kolayla\u015ft\u0131r\u0131r.<br \/>\nGizli rezistans teknolojisi, hijyenik ve g\u00fcvenli kullan\u0131m sunarken i\u00e7 y\u00fczeyin temizli\u011fini basitle\u015ftirir.<br \/>\nPaslanmaz \u00e7elik g\u00f6vde, dayan\u0131kl\u0131l\u0131\u011f\u0131 ve zarif g\u00f6r\u00fcn\u00fcm\u00fcyle \u00f6ne \u00e7\u0131kar.<\/p>\n<p>Is\u0131nmayan ergonomik kulp, konforlu bir tutu\u015f sa\u011flar.<br \/>\nK\u0131rm\u0131z\u0131 g\u00fc\u00e7 d\u00fc\u011fmesi sayesinde cezveyi kolayca a\u00e7\u0131p kapatabilirsiniz.<br \/>\nG\u00fc\u00e7l\u00fc performans\u0131, \u015f\u0131k tasar\u0131m\u0131 ve uzun \u00f6m\u00fcrl\u00fc yap\u0131s\u0131yla bu cezve, mutfakta vazge\u00e7ilmeziniz olacak.<br \/>\nKahve tutkunlar\u0131 i\u00e7in hem estetik hem de i\u015flevsel bir \u00e7\u00f6z\u00fcmd\u00fcr. <\/p>\n<p><b>1 adet fiyat\u0131d\u0131r<\/b> <\/p>\n<p><p><b>\u00dcretici Markas\u0131 : ZERO LAND<\/b><\/p>\n<p><b>\u00dcretici Kodu : XUCZZZELEKTR\u0130KL\u0130CEZVEEEEEE1<\/b><\/p>\n<p><b>1 ADET F\u0130YATIDIR<\/b><\/p>\n<\/h4>\n<p><\/p>\n","protected":false},"excerpt":{"rendered":"<p>Elektrikli T\u00fcrk Kahvesi Cezvesi 800W Kablosuz D\u00f6ner Tabanl\u0131<\/p>\n","protected":false},"featured_media":208468,"comment_status":"open","ping_status":"closed","template":"","meta":[],"product_brand":[],"product_cat":[477,379],"product_tag":[14956,4327,2183,1312,1640,14161,7059,4326],"class_list":{"0":"post-208473","1":"product","2":"type-product","3":"status-publish","4":"has-post-thumbnail","6":"product_cat-cezve","7":"product_cat-ev-yasam","8":"product_tag-800w","9":"product_tag-cezvesi","10":"product_tag-doner","11":"product_tag-elektrikli","12":"product_tag-kablosuz","13":"product_tag-kahvesi","14":"product_tag-tabanli","15":"product_tag-turk","17":"first","18":"instock","19":"taxable","20":"shipping-taxable","21":"purchasable","22":"product-type-simple"},"_links":{"self":[{"href":"https:\/\/depodanmusteriye.com\/urunler\/wp-json\/wp\/v2\/product\/208473","targetHints":{"allow":["GET"]}}],"collection":[{"href":"https:\/\/depodanmusteriye.com\/urunler\/wp-json\/wp\/v2\/product"}],"about":[{"href":"https:\/\/depodanmusteriye.com\/urunler\/wp-json\/wp\/v2\/types\/product"}],"replies":[{"embeddable":true,"href":"https:\/\/depodanmusteriye.com\/urunler\/wp-json\/wp\/v2\/comments?post=208473"}],"version-history":[{"count":0,"href":"https:\/\/depodanmusteriye.com\/urunler\/wp-json\/wp\/v2\/product\/208473\/revisions"}],"wp:featuredmedia":[{"embeddable":true,"href":"https:\/\/depodanmusteriye.com\/urunler\/wp-json\/wp\/v2\/media\/208468"}],"wp:attachment":[{"href":"https:\/\/depodanmusteriye.com\/urunler\/wp-json\/wp\/v2\/media?parent=208473"}],"wp:term":[{"taxonomy":"product_brand","embeddable":true,"href":"https:\/\/depodanmusteriye.com\/urunler\/wp-json\/wp\/v2\/product_brand?post=208473"},{"taxonomy":"product_cat","embeddable":true,"href":"https:\/\/depodanmusteriye.com\/urunler\/wp-json\/wp\/v2\/product_cat?post=208473"},{"taxonomy":"product_tag","embeddable":true,"href":"https:\/\/depodanmusteriye.com\/urunler\/wp-json\/wp\/v2\/product_tag?post=208473"}],"curies":[{"name":"wp","href":"https:\/\/api.w.org\/{rel}","templated":true}]}}