{"id":208050,"date":"2025-12-16T03:35:02","date_gmt":"2025-12-16T03:35:02","guid":{"rendered":"https:\/\/b2b.depodanmusteriye.com\/urun\/1200-mbps-dual-band-wifi-adaptor-5-8g-2-4g-cift-antenli\/"},"modified":"2025-12-16T03:35:02","modified_gmt":"2025-12-16T03:35:02","slug":"1200-mbps-dual-band-wifi-adaptor-5-8g-2-4g-cift-antenli","status":"publish","type":"product","link":"https:\/\/depodanmusteriye.com\/urunler\/urun\/1200-mbps-dual-band-wifi-adaptor-5-8g-2-4g-cift-antenli\/","title":{"rendered":"1200 Mbps Dual Band WiFi Adapt\u00f6r \u2013 5.8G &amp; 2.4G \u00c7ift Antenli"},"content":{"rendered":"<h4>Y\u0130nternette kesintisiz h\u0131z\u0131n keyfini \u00e7\u0131kar\u0131n! 1200 Mbps Dual Band WiFi Adapt\u00f6r, g\u00fc\u00e7l\u00fc anten tasar\u0131m\u0131 ve USB 3.0 teknolojisiyle size y\u00fcksek performansl\u0131 bir ba\u011flant\u0131 deneyimi sunar.<br \/>\n2.4 GHz ve 5.8 GHz \u00e7ift bant deste\u011fi sayesinde, a\u011f trafi\u011finin yo\u011fun oldu\u011fu anlarda bile istikrarl\u0131 bir ba\u011flant\u0131 sa\u011flar. Online oyunlar, 4K video ak\u0131\u015flar\u0131 ve b\u00fcy\u00fck dosya indirmeleri art\u0131k daha h\u0131zl\u0131 ve ak\u0131c\u0131.<\/p>\n<p>\u00c7ift antenli yap\u0131s\u0131, sinyali daha geni\u015f alanlara yayar ve zay\u0131f sinyalli b\u00f6lgelerde bile g\u00fc\u00e7l\u00fc ba\u011flant\u0131 sa\u011flar. Bu sayede evinizin veya ofisinizin her k\u00f6\u015fesinde kesintisiz internet eri\u015fimi m\u00fcmk\u00fcn olur.<\/p>\n<p>USB 3.0 ba\u011flant\u0131 noktas\u0131, veri transfer h\u0131z\u0131n\u0131 \u00f6nemli \u00f6l\u00e7\u00fcde art\u0131rarak d\u00fc\u015f\u00fck gecikme s\u00fcresiyle \u00fcst\u00fcn performans sa\u011flar.<br \/>\nWindows 10\/8\/7\/Vista\/XP ve Mac OS X 10.15 ile tam uyumludur; kolay kurulum \u00f6zelli\u011fiyle dakikalar i\u00e7inde aktif hale gelir.<\/p>\n<p>Ergonomik ve kompakt tasar\u0131m\u0131, her bilgisayara kolayca tak\u0131labilir.<br \/>\n\u0130ster i\u015f yerinde, ister evde kullan\u0131n; 1200 Mbps Dual Band WiFi Adapt\u00f6r size kararl\u0131, g\u00fc\u00e7l\u00fc ve h\u0131zl\u0131 internet ba\u011flant\u0131s\u0131 sunar.<br \/>\nModern teknolojinin h\u0131z\u0131n\u0131 bilgisayar\u0131n\u0131za ta\u015f\u0131y\u0131n! <\/p>\n<p><b>1 adet fiyat\u0131d\u0131r<\/b> <\/p>\n<p><p><b>\u00dcretici Markas\u0131 : ZERO LAND<\/b><\/p>\n<p><b>\u00dcretici Kodu : XUCZZZW\u0130F\u0130ADAPT\u00d6R1<\/b><\/p>\n<p><b>1 ADET F\u0130YATIDIR<\/b><\/p>\n<\/h4>\n<p><\/p>\n","protected":false},"excerpt":{"rendered":"<p>1200 Mbps Dual Band WiFi Adapt\u00f6r \u2013 5.8G &amp; 2.4G \u00c7ift Antenli<\/p>\n","protected":false},"featured_media":208045,"comment_status":"open","ping_status":"closed","template":"","meta":[],"product_brand":[],"product_cat":[379,941],"product_tag":[5871,13412,14939,5425,13366,2802,1747,1957,13353,3971],"class_list":{"0":"post-208050","1":"product","2":"type-product","3":"status-publish","4":"has-post-thumbnail","6":"product_cat-ev-yasam","7":"product_cat-wireless-adaptor","8":"product_tag-5871","9":"product_tag-2-4g","10":"product_tag-5-8g","11":"product_tag-adaptor","12":"product_tag-antenli","13":"product_tag-band","14":"product_tag-cift","15":"product_tag-dual","16":"product_tag-mbps","17":"product_tag-wifi","19":"first","20":"instock","21":"taxable","22":"shipping-taxable","23":"purchasable","24":"product-type-simple"},"_links":{"self":[{"href":"https:\/\/depodanmusteriye.com\/urunler\/wp-json\/wp\/v2\/product\/208050","targetHints":{"allow":["GET"]}}],"collection":[{"href":"https:\/\/depodanmusteriye.com\/urunler\/wp-json\/wp\/v2\/product"}],"about":[{"href":"https:\/\/depodanmusteriye.com\/urunler\/wp-json\/wp\/v2\/types\/product"}],"replies":[{"embeddable":true,"href":"https:\/\/depodanmusteriye.com\/urunler\/wp-json\/wp\/v2\/comments?post=208050"}],"version-history":[{"count":0,"href":"https:\/\/depodanmusteriye.com\/urunler\/wp-json\/wp\/v2\/product\/208050\/revisions"}],"wp:featuredmedia":[{"embeddable":true,"href":"https:\/\/depodanmusteriye.com\/urunler\/wp-json\/wp\/v2\/media\/208045"}],"wp:attachment":[{"href":"https:\/\/depodanmusteriye.com\/urunler\/wp-json\/wp\/v2\/media?parent=208050"}],"wp:term":[{"taxonomy":"product_brand","embeddable":true,"href":"https:\/\/depodanmusteriye.com\/urunler\/wp-json\/wp\/v2\/product_brand?post=208050"},{"taxonomy":"product_cat","embeddable":true,"href":"https:\/\/depodanmusteriye.com\/urunler\/wp-json\/wp\/v2\/product_cat?post=208050"},{"taxonomy":"product_tag","embeddable":true,"href":"https:\/\/depodanmusteriye.com\/urunler\/wp-json\/wp\/v2\/product_tag?post=208050"}],"curies":[{"name":"wp","href":"https:\/\/api.w.org\/{rel}","templated":true}]}}