{"id":20796,"date":"2025-12-05T09:08:29","date_gmt":"2025-12-05T09:08:29","guid":{"rendered":"https:\/\/b2b.depodanmusteriye.com\/urun\/ista-seramik-bakteri-yuvasi-f-mlz-siy-155cm-16ad\/"},"modified":"2025-12-05T09:08:29","modified_gmt":"2025-12-05T09:08:29","slug":"ista-seramik-bakteri-yuvasi-f-mlz-siy-155cm-16ad","status":"publish","type":"product","link":"https:\/\/depodanmusteriye.com\/urunler\/urun\/ista-seramik-bakteri-yuvasi-f-mlz-siy-155cm-16ad\/","title":{"rendered":"Ista Seramik Bakteri Yuvas\u0131 F.Mlz. Siy.15,5cm 16ad"},"content":{"rendered":"<h4>Ista Seramik Bakteri Yuvas\u0131 F.Mlz. Siy.15,5cm 16ad <\/p>\n<p><b>1 adet fiyat\u0131d\u0131r<\/b> <\/p>\n<p><p><b>\u00dcretici Markas\u0131 : \u0130sta<\/b><\/p>\n<p><b>\u00dcretici Kodu : 691IF640<\/b><\/p>\n<p><b>1 ADET F\u0130YATIDIR<\/b><\/p>\n<\/h4>\n<p><\/p>\n","protected":false},"excerpt":{"rendered":"<p>Ista Seramik Bakteri Yuvas\u0131 F.Mlz. Siy.15,5cm 16ad<\/p>\n","protected":false},"featured_media":20795,"comment_status":"open","ping_status":"closed","template":"","meta":[],"product_brand":[],"product_cat":[524,370],"product_tag":[1929,1568,1925,1927,1874,1758,5662,1926],"class_list":{"0":"post-20796","1":"product","2":"type-product","3":"status-publish","4":"has-post-thumbnail","6":"product_cat-akvaryum-balik-yavrulugu","7":"product_cat-pet-shop","8":"product_tag-16ad","9":"product_tag-5cm","10":"product_tag-bakteri","11":"product_tag-f-mlz","12":"product_tag-ista","13":"product_tag-seramik","14":"product_tag-siy-15","15":"product_tag-yuvasi","17":"first","18":"instock","19":"taxable","20":"shipping-taxable","21":"purchasable","22":"product-type-simple"},"_links":{"self":[{"href":"https:\/\/depodanmusteriye.com\/urunler\/wp-json\/wp\/v2\/product\/20796","targetHints":{"allow":["GET"]}}],"collection":[{"href":"https:\/\/depodanmusteriye.com\/urunler\/wp-json\/wp\/v2\/product"}],"about":[{"href":"https:\/\/depodanmusteriye.com\/urunler\/wp-json\/wp\/v2\/types\/product"}],"replies":[{"embeddable":true,"href":"https:\/\/depodanmusteriye.com\/urunler\/wp-json\/wp\/v2\/comments?post=20796"}],"version-history":[{"count":0,"href":"https:\/\/depodanmusteriye.com\/urunler\/wp-json\/wp\/v2\/product\/20796\/revisions"}],"wp:featuredmedia":[{"embeddable":true,"href":"https:\/\/depodanmusteriye.com\/urunler\/wp-json\/wp\/v2\/media\/20795"}],"wp:attachment":[{"href":"https:\/\/depodanmusteriye.com\/urunler\/wp-json\/wp\/v2\/media?parent=20796"}],"wp:term":[{"taxonomy":"product_brand","embeddable":true,"href":"https:\/\/depodanmusteriye.com\/urunler\/wp-json\/wp\/v2\/product_brand?post=20796"},{"taxonomy":"product_cat","embeddable":true,"href":"https:\/\/depodanmusteriye.com\/urunler\/wp-json\/wp\/v2\/product_cat?post=20796"},{"taxonomy":"product_tag","embeddable":true,"href":"https:\/\/depodanmusteriye.com\/urunler\/wp-json\/wp\/v2\/product_tag?post=20796"}],"curies":[{"name":"wp","href":"https:\/\/api.w.org\/{rel}","templated":true}]}}