{"id":20792,"date":"2025-12-05T09:08:22","date_gmt":"2025-12-05T09:08:22","guid":{"rendered":"https:\/\/b2b.depodanmusteriye.com\/urun\/ista-plastik-hortum-tutucu-kirilma-onleyici\/"},"modified":"2025-12-05T09:08:22","modified_gmt":"2025-12-05T09:08:22","slug":"ista-plastik-hortum-tutucu-kirilma-onleyici","status":"publish","type":"product","link":"https:\/\/depodanmusteriye.com\/urunler\/urun\/ista-plastik-hortum-tutucu-kirilma-onleyici\/","title":{"rendered":"Ista Plastik Hortum Tutucu K\u0131r\u0131lma \u00d6nleyici"},"content":{"rendered":"<h4>Ista Plastik Hortum Tutucu K\u0131r\u0131lma \u00d6nleyici <\/p>\n<p><b>1 adet fiyat\u0131d\u0131r<\/b> <\/p>\n<p><p><b>\u00dcretici Markas\u0131 : \u0130sta<\/b><\/p>\n<p><b>\u00dcretici Kodu : 691I963<\/b><\/p>\n<p><b>1 ADET F\u0130YATIDIR<\/b><\/p>\n<\/h4>\n<p><\/p>\n","protected":false},"excerpt":{"rendered":"<p>Ista Plastik Hortum Tutucu K\u0131r\u0131lma \u00d6nleyici<\/p>\n","protected":false},"featured_media":20791,"comment_status":"open","ping_status":"closed","template":"","meta":[],"product_brand":[],"product_cat":[522,370],"product_tag":[1415,1874,5661,1869,1382,1777],"class_list":{"0":"post-20792","1":"product","2":"type-product","3":"status-publish","4":"has-post-thumbnail","6":"product_cat-akvaryum-bakim-malzemesi","7":"product_cat-pet-shop","8":"product_tag-hortum","9":"product_tag-ista","10":"product_tag-kirilma","11":"product_tag-onleyici","12":"product_tag-plastik","13":"product_tag-tutucu","15":"first","16":"instock","17":"taxable","18":"shipping-taxable","19":"purchasable","20":"product-type-simple"},"_links":{"self":[{"href":"https:\/\/depodanmusteriye.com\/urunler\/wp-json\/wp\/v2\/product\/20792","targetHints":{"allow":["GET"]}}],"collection":[{"href":"https:\/\/depodanmusteriye.com\/urunler\/wp-json\/wp\/v2\/product"}],"about":[{"href":"https:\/\/depodanmusteriye.com\/urunler\/wp-json\/wp\/v2\/types\/product"}],"replies":[{"embeddable":true,"href":"https:\/\/depodanmusteriye.com\/urunler\/wp-json\/wp\/v2\/comments?post=20792"}],"version-history":[{"count":0,"href":"https:\/\/depodanmusteriye.com\/urunler\/wp-json\/wp\/v2\/product\/20792\/revisions"}],"wp:featuredmedia":[{"embeddable":true,"href":"https:\/\/depodanmusteriye.com\/urunler\/wp-json\/wp\/v2\/media\/20791"}],"wp:attachment":[{"href":"https:\/\/depodanmusteriye.com\/urunler\/wp-json\/wp\/v2\/media?parent=20792"}],"wp:term":[{"taxonomy":"product_brand","embeddable":true,"href":"https:\/\/depodanmusteriye.com\/urunler\/wp-json\/wp\/v2\/product_brand?post=20792"},{"taxonomy":"product_cat","embeddable":true,"href":"https:\/\/depodanmusteriye.com\/urunler\/wp-json\/wp\/v2\/product_cat?post=20792"},{"taxonomy":"product_tag","embeddable":true,"href":"https:\/\/depodanmusteriye.com\/urunler\/wp-json\/wp\/v2\/product_tag?post=20792"}],"curies":[{"name":"wp","href":"https:\/\/api.w.org\/{rel}","templated":true}]}}