{"id":207647,"date":"2025-12-16T03:12:38","date_gmt":"2025-12-16T03:12:38","guid":{"rendered":"https:\/\/b2b.depodanmusteriye.com\/urun\/mini-akilli-projektor-1080p-full-hd-64gb-depolama-2gb-ram-uzaktan-kumanda-destekli\/"},"modified":"2025-12-16T03:12:38","modified_gmt":"2025-12-16T03:12:38","slug":"mini-akilli-projektor-1080p-full-hd-64gb-depolama-2gb-ram-uzaktan-kumanda-destekli","status":"publish","type":"product","link":"https:\/\/depodanmusteriye.com\/urunler\/urun\/mini-akilli-projektor-1080p-full-hd-64gb-depolama-2gb-ram-uzaktan-kumanda-destekli\/","title":{"rendered":"Mini Ak\u0131ll\u0131 Projekt\u00f6r \u2013 1080P Full HD, 64GB Depolama, 2GB RAM, Uzaktan Kumanda Destekli"},"content":{"rendered":"<h4>Kompakt yap\u0131s\u0131na ra\u011fmen b\u00fcy\u00fck i\u015fler ba\u015faran Mini Ak\u0131ll\u0131 Projekt\u00f6r, teknolojiyle pratikli\u011fi bir araya getiriyor.<br \/>\n64 GB dahili depolama kapasitesiyle geni\u015f bir medya ar\u015fivine sahip olman\u0131z\u0131 sa\u011flar.<br \/>\nFilmler, sunumlar, m\u00fczikler ve foto\u011fraflar her zaman elinizin alt\u0131nda!<\/p>\n<p>2 GB RAM, uygulamalarda h\u0131zl\u0131 ge\u00e7i\u015f yapman\u0131z\u0131 ve videolar\u0131 gecikme olmadan oynatman\u0131z\u0131 sa\u011flar.<br \/>\nY\u00fcksek \u00e7\u00f6z\u00fcn\u00fcrl\u00fckl\u00fc 1080P HD deste\u011fiyle g\u00f6r\u00fcnt\u00fcler son derece net, renkler canl\u0131 ve kontrast dengesi m\u00fckemmeldir.<br \/>\nFilm keyfi, sunumlar veya \u00e7ocuklar i\u00e7in e\u011flenceli \u00e7izgi filmler\u2026 Bu cihaz, her ya\u015fa hitap eder.<\/p>\n<p>Uzaktan kumanda deste\u011fi, cihaz\u0131n\u0131z\u0131 oturdu\u011funuz yerden kolayca kontrol etmenizi sa\u011flar.<br \/>\nKablo karma\u015fas\u0131na son verin, art\u0131k t\u00fcm y\u00f6netim tek tu\u015fla elinizde!<\/p>\n<p>Ta\u015f\u0131nabilir ve hafif tasar\u0131m\u0131 sayesinde, evde, ofiste veya a\u00e7\u0131k hava etkinliklerinde rahatl\u0131kla kullanabilirsiniz.<br \/>\nTa\u015f\u0131nabilir yap\u0131s\u0131, cihaz\u0131 diledi\u011finiz yere g\u00f6t\u00fcrmenize olanak tan\u0131r \u2014 ister kamp alan\u0131nda, ister salonda, ister ofis toplant\u0131s\u0131nda olun.<\/p>\n<p>Ak\u0131ll\u0131 \u00f6zellikleri, y\u00fcksek depolama alan\u0131 ve h\u0131zl\u0131 i\u015flem g\u00fcc\u00fcyle Mini Ak\u0131ll\u0131 Projekt\u00f6r, modern kullan\u0131c\u0131lar\u0131n vazge\u00e7ilmez teknolojik yard\u0131mc\u0131s\u0131d\u0131r. <\/p>\n<p><b>1 adet fiyat\u0131d\u0131r<\/b> <\/p>\n<p><p><b>\u00dcretici Markas\u0131 : ZERO LAND<\/b><\/p>\n<p><b>\u00dcretici Kodu : XUCZZZPROJEKS\u0130YON1<\/b><\/p>\n<p><b>1 ADET F\u0130YATIDIR<\/b><\/p>\n<\/h4>\n<p><\/p>\n","protected":false},"excerpt":{"rendered":"<p>Mini Ak\u0131ll\u0131 Projekt\u00f6r \u2013 1080P Full HD, 64GB Depolama, 2GB RAM, Uzaktan Kumanda Destekli<\/p>\n","protected":false},"featured_media":207642,"comment_status":"open","ping_status":"closed","template":"","meta":[],"product_brand":[],"product_cat":[379,632],"product_tag":[4045,13123,1955,3636,13126,3695,1978,3176,2817,2265,4176,13124,4160],"class_list":{"0":"post-207647","1":"product","2":"type-product","3":"status-publish","4":"has-post-thumbnail","6":"product_cat-ev-yasam","7":"product_cat-projeksiyon-cihazi","8":"product_tag-1080p","9":"product_tag-2gb","10":"product_tag-64gb","11":"product_tag-akilli","12":"product_tag-depolama","13":"product_tag-destekli","14":"product_tag-full","15":"product_tag-hd","16":"product_tag-kumanda","17":"product_tag-mini","18":"product_tag-projektor","19":"product_tag-ram","20":"product_tag-uzaktan","22":"first","23":"instock","24":"taxable","25":"shipping-taxable","26":"purchasable","27":"product-type-simple"},"_links":{"self":[{"href":"https:\/\/depodanmusteriye.com\/urunler\/wp-json\/wp\/v2\/product\/207647","targetHints":{"allow":["GET"]}}],"collection":[{"href":"https:\/\/depodanmusteriye.com\/urunler\/wp-json\/wp\/v2\/product"}],"about":[{"href":"https:\/\/depodanmusteriye.com\/urunler\/wp-json\/wp\/v2\/types\/product"}],"replies":[{"embeddable":true,"href":"https:\/\/depodanmusteriye.com\/urunler\/wp-json\/wp\/v2\/comments?post=207647"}],"version-history":[{"count":0,"href":"https:\/\/depodanmusteriye.com\/urunler\/wp-json\/wp\/v2\/product\/207647\/revisions"}],"wp:featuredmedia":[{"embeddable":true,"href":"https:\/\/depodanmusteriye.com\/urunler\/wp-json\/wp\/v2\/media\/207642"}],"wp:attachment":[{"href":"https:\/\/depodanmusteriye.com\/urunler\/wp-json\/wp\/v2\/media?parent=207647"}],"wp:term":[{"taxonomy":"product_brand","embeddable":true,"href":"https:\/\/depodanmusteriye.com\/urunler\/wp-json\/wp\/v2\/product_brand?post=207647"},{"taxonomy":"product_cat","embeddable":true,"href":"https:\/\/depodanmusteriye.com\/urunler\/wp-json\/wp\/v2\/product_cat?post=207647"},{"taxonomy":"product_tag","embeddable":true,"href":"https:\/\/depodanmusteriye.com\/urunler\/wp-json\/wp\/v2\/product_tag?post=207647"}],"curies":[{"name":"wp","href":"https:\/\/api.w.org\/{rel}","templated":true}]}}