{"id":207629,"date":"2025-12-16T03:11:39","date_gmt":"2025-12-16T03:11:39","guid":{"rendered":"https:\/\/b2b.depodanmusteriye.com\/urun\/ps4-kablosuz-oyun-kolu-v2-bluetooth-baglantili-titresimli-pc-ve-mobil-uyumlu\/"},"modified":"2025-12-16T03:11:39","modified_gmt":"2025-12-16T03:11:39","slug":"ps4-kablosuz-oyun-kolu-v2-bluetooth-baglantili-titresimli-pc-ve-mobil-uyumlu","status":"publish","type":"product","link":"https:\/\/depodanmusteriye.com\/urunler\/urun\/ps4-kablosuz-oyun-kolu-v2-bluetooth-baglantili-titresimli-pc-ve-mobil-uyumlu\/","title":{"rendered":"PS4 Kablosuz Oyun Kolu V2 \u2013 Bluetooth Ba\u011flant\u0131l\u0131, Titre\u015fimli, PC ve Mobil Uyumlu"},"content":{"rendered":"<h4>Ger\u00e7ek oyun hissini ya\u015fay\u0131n!<br \/>\nPS4 V2 Titre\u015fimli Kablosuz Oyun Kolu, geli\u015fmi\u015f titre\u015fim motoru ve ergonomik yap\u0131s\u0131 sayesinde oyunlarda maksimum ger\u00e7ek\u00e7ilik sunar.<br \/>\nHer patlama, \u00e7arp\u0131\u015fma veya ad\u0131m titre\u015fimlerle desteklenir ve sizi oyunun i\u00e7ine \u00e7eker.<\/p>\n<p>PlayStation 4 ba\u015fta olmak \u00fczere Notebook, Tablet, Masa\u00fcst\u00fc PC, Steam platformu ve Mobil cihazlarla uyumludur.<br \/>\n\u0130ster Bluetooth ba\u011flant\u0131s\u0131 ile kablosuz, ister kabloyla gecikmesiz performansla kullanabilirsiniz.<\/p>\n<p>Cihaz\u0131 Bluetooth moduna ge\u00e7irmek i\u00e7in PS (orta tu\u015f) ve Share (sol \u00fcst tu\u015f) tu\u015flar\u0131na 3 saniye bas\u0131l\u0131 tutman\u0131z yeterlidir.<br \/>\nBu \u00f6zellik, \u00f6zellikle mobil oyuncular i\u00e7in b\u00fcy\u00fck kolayl\u0131k sa\u011flar.<\/p>\n<p>Analog kollar ve hassas tu\u015flar, ak\u0131c\u0131 kontrol deneyimi sunar.<br \/>\nErgonomik dizayn\u0131 sayesinde uzun oyun seanslar\u0131nda el yorgunlu\u011funu minimuma indirir.<\/p>\n<p>Modern siyah tasar\u0131m\u0131, g\u00fc\u00e7l\u00fc donan\u0131m\u0131 ve sezgisel tu\u015f yerle\u015fimiyle V2 Oyun Kolu, hem profesyonel hem de casual oyuncular i\u00e7in m\u00fckemmel bir denge sunar.<\/p>\n<p>Kompakt boyutu, dayan\u0131kl\u0131 yap\u0131s\u0131 ve titre\u015fimli sistemiyle her platformda kusursuz oyun keyfi ya\u015fay\u0131n! <\/p>\n<p><b>1 adet fiyat\u0131d\u0131r<\/b> <\/p>\n<p><p><b>\u00dcretici Markas\u0131 : ZERO LAND<\/b><\/p>\n<p><b>\u00dcretici Kodu : XUCZZZPS4KOL1<\/b><\/p>\n<p><b>1 ADET F\u0130YATIDIR<\/b><\/p>\n<\/h4>\n<p><\/p>\n","protected":false},"excerpt":{"rendered":"<p>PS4 Kablosuz Oyun Kolu V2 \u2013 Bluetooth Ba\u011flant\u0131l\u0131, Titre\u015fimli, PC ve Mobil Uyumlu<\/p>\n","protected":false},"featured_media":207624,"comment_status":"open","ping_status":"closed","template":"","meta":[],"product_brand":[],"product_cat":[1036,374],"product_tag":[4247,3605,1640,2516,4070,3997,3145,14348,4217,1951,3437,2104],"class_list":{"0":"post-207629","1":"product","2":"type-product","3":"status-publish","4":"has-post-thumbnail","6":"product_cat-konsol-gamepad-ve-joystick","7":"product_cat-mobil-aksesuar","8":"product_tag-baglantili","9":"product_tag-bluetooth","10":"product_tag-kablosuz","11":"product_tag-kolu","12":"product_tag-mobil","13":"product_tag-oyun","14":"product_tag-pc","15":"product_tag-ps4","16":"product_tag-titresimli","17":"product_tag-uyumlu","18":"product_tag-v2","19":"product_tag-ve","21":"first","22":"instock","23":"taxable","24":"shipping-taxable","25":"purchasable","26":"product-type-simple"},"_links":{"self":[{"href":"https:\/\/depodanmusteriye.com\/urunler\/wp-json\/wp\/v2\/product\/207629","targetHints":{"allow":["GET"]}}],"collection":[{"href":"https:\/\/depodanmusteriye.com\/urunler\/wp-json\/wp\/v2\/product"}],"about":[{"href":"https:\/\/depodanmusteriye.com\/urunler\/wp-json\/wp\/v2\/types\/product"}],"replies":[{"embeddable":true,"href":"https:\/\/depodanmusteriye.com\/urunler\/wp-json\/wp\/v2\/comments?post=207629"}],"version-history":[{"count":0,"href":"https:\/\/depodanmusteriye.com\/urunler\/wp-json\/wp\/v2\/product\/207629\/revisions"}],"wp:featuredmedia":[{"embeddable":true,"href":"https:\/\/depodanmusteriye.com\/urunler\/wp-json\/wp\/v2\/media\/207624"}],"wp:attachment":[{"href":"https:\/\/depodanmusteriye.com\/urunler\/wp-json\/wp\/v2\/media?parent=207629"}],"wp:term":[{"taxonomy":"product_brand","embeddable":true,"href":"https:\/\/depodanmusteriye.com\/urunler\/wp-json\/wp\/v2\/product_brand?post=207629"},{"taxonomy":"product_cat","embeddable":true,"href":"https:\/\/depodanmusteriye.com\/urunler\/wp-json\/wp\/v2\/product_cat?post=207629"},{"taxonomy":"product_tag","embeddable":true,"href":"https:\/\/depodanmusteriye.com\/urunler\/wp-json\/wp\/v2\/product_tag?post=207629"}],"curies":[{"name":"wp","href":"https:\/\/api.w.org\/{rel}","templated":true}]}}