{"id":207605,"date":"2025-12-16T03:10:11","date_gmt":"2025-12-16T03:10:11","guid":{"rendered":"https:\/\/b2b.depodanmusteriye.com\/urun\/tasinabilir-sarjli-mini-tiras-makinesi-hassas-kesim-hizli-sarj-kolay-temizlik\/"},"modified":"2025-12-16T03:10:11","modified_gmt":"2025-12-16T03:10:11","slug":"tasinabilir-sarjli-mini-tiras-makinesi-hassas-kesim-hizli-sarj-kolay-temizlik","status":"publish","type":"product","link":"https:\/\/depodanmusteriye.com\/urunler\/urun\/tasinabilir-sarjli-mini-tiras-makinesi-hassas-kesim-hizli-sarj-kolay-temizlik\/","title":{"rendered":"Ta\u015f\u0131nabilir \u015earjl\u0131 Mini T\u0131ra\u015f Makinesi \u2013 Hassas Kesim, H\u0131zl\u0131 \u015earj, Kolay Temizlik"},"content":{"rendered":"<h4>Bak\u0131m rutinini kolayla\u015ft\u0131rmak isteyenler i\u00e7in tasarlanan Mini T\u0131ra\u015f Makinesi, modern teknolojiyi estetikle bulu\u015fturuyor.<br \/>\n\u015e\u0131k ve kompakt g\u00f6vdesiyle, evde veya d\u0131\u015far\u0131da ki\u015fisel bak\u0131m\u0131n\u0131z\u0131 her an yapabilirsiniz.<\/p>\n<p>\u015earj edilebilir batarya sistemi, kablosuz kullan\u0131m imk\u00e2n\u0131 sa\u011flar.<br \/>\nTam \u015farjla uzun s\u00fcreli kullan\u0131m sunarken, h\u0131zl\u0131 \u015farj \u00f6zelli\u011fi sayesinde acil durumlarda bile yan\u0131n\u0131zdad\u0131r.<\/p>\n<p>Hassas kesim b\u0131\u00e7aklar\u0131, t\u00fcyleri nazik\u00e7e alarak p\u00fcr\u00fczs\u00fcz bir sonu\u00e7 verir.<br \/>\nCilt dostu tasar\u0131m\u0131 sayesinde tahri\u015f ve k\u0131zar\u0131kl\u0131k riskini en aza indirir.<\/p>\n<p>Su ile y\u0131kanabilir b\u0131\u00e7aklar, hijyenik kullan\u0131m sa\u011flar.<br \/>\nTemizli\u011fi sadece birka\u00e7 saniyede tamamlanabilir, b\u00f6ylece cihaz her zaman ilk g\u00fcnk\u00fc gibi kal\u0131r.<\/p>\n<p>Kompakt boyutu ve hafif yap\u0131s\u0131, kolay ta\u015f\u0131nabilirlik sunar.<br \/>\n\u0130ster seyahatte ister ofiste olun, Mini T\u0131ra\u015f Makinesi bak\u0131m\u0131n\u0131za ara vermeden e\u015flik eder.<\/p>\n<p>Dayan\u0131kl\u0131 d\u0131\u015f malzemesi, uzun \u00f6m\u00fcrl\u00fc kullan\u0131m sa\u011flarken; ergonomik tasar\u0131m\u0131 elinize tam oturur.<br \/>\nSessiz motoru, h\u0131zl\u0131 ve etkili kesim g\u00fcc\u00fcyle konforlu bir t\u0131ra\u015f deneyimi sunar.<\/p>\n<p>G\u00fcnl\u00fck bak\u0131m\u0131n\u0131 pratik ve \u015f\u0131k \u015fekilde yapmak isteyen herkes i\u00e7in m\u00fckemmel bir tercih! <\/p>\n<p><b>1 adet fiyat\u0131d\u0131r<\/b> <\/p>\n<p><p><b>\u00dcretici Markas\u0131 : ZERO LAND<\/b><\/p>\n<p><b>\u00dcretici Kodu : XUCZZZRD35TIRA\u015eM2<\/b><\/p>\n<p><b>1 ADET F\u0130YATIDIR<\/b><\/p>\n<\/h4>\n<p><\/p>\n","protected":false},"excerpt":{"rendered":"<p>Ta\u015f\u0131nabilir \u015earjl\u0131 Mini T\u0131ra\u015f Makinesi \u2013 Hassas Kesim, H\u0131zl\u0131 \u015earj, Kolay Temizlik<\/p>\n","protected":false},"featured_media":207600,"comment_status":"open","ping_status":"closed","template":"","meta":[],"product_brand":[],"product_cat":[374,2200],"product_tag":[4254,1825,3774,4025,3446,2265,2755,3975,2982,3104,3445],"class_list":{"0":"post-207605","1":"product","2":"type-product","3":"status-publish","4":"has-post-thumbnail","6":"product_cat-mobil-aksesuar","7":"product_cat-tiras-makinesi-mobil-aksesuar","8":"product_tag-hassas","9":"product_tag-hizli","10":"product_tag-kesim","11":"product_tag-kolay","12":"product_tag-makinesi","13":"product_tag-mini","14":"product_tag-sarj","15":"product_tag-sarjli","16":"product_tag-tasinabilir","17":"product_tag-temizlik","18":"product_tag-tiras","20":"first","21":"instock","22":"taxable","23":"shipping-taxable","24":"purchasable","25":"product-type-simple"},"_links":{"self":[{"href":"https:\/\/depodanmusteriye.com\/urunler\/wp-json\/wp\/v2\/product\/207605","targetHints":{"allow":["GET"]}}],"collection":[{"href":"https:\/\/depodanmusteriye.com\/urunler\/wp-json\/wp\/v2\/product"}],"about":[{"href":"https:\/\/depodanmusteriye.com\/urunler\/wp-json\/wp\/v2\/types\/product"}],"replies":[{"embeddable":true,"href":"https:\/\/depodanmusteriye.com\/urunler\/wp-json\/wp\/v2\/comments?post=207605"}],"version-history":[{"count":0,"href":"https:\/\/depodanmusteriye.com\/urunler\/wp-json\/wp\/v2\/product\/207605\/revisions"}],"wp:featuredmedia":[{"embeddable":true,"href":"https:\/\/depodanmusteriye.com\/urunler\/wp-json\/wp\/v2\/media\/207600"}],"wp:attachment":[{"href":"https:\/\/depodanmusteriye.com\/urunler\/wp-json\/wp\/v2\/media?parent=207605"}],"wp:term":[{"taxonomy":"product_brand","embeddable":true,"href":"https:\/\/depodanmusteriye.com\/urunler\/wp-json\/wp\/v2\/product_brand?post=207605"},{"taxonomy":"product_cat","embeddable":true,"href":"https:\/\/depodanmusteriye.com\/urunler\/wp-json\/wp\/v2\/product_cat?post=207605"},{"taxonomy":"product_tag","embeddable":true,"href":"https:\/\/depodanmusteriye.com\/urunler\/wp-json\/wp\/v2\/product_tag?post=207605"}],"curies":[{"name":"wp","href":"https:\/\/api.w.org\/{rel}","templated":true}]}}