{"id":207599,"date":"2025-12-16T03:09:53","date_gmt":"2025-12-16T03:09:53","guid":{"rendered":"https:\/\/b2b.depodanmusteriye.com\/urun\/kablosuz-sarjli-profesyonel-tiras-makinesi-1800-mah-lityum-pil\/"},"modified":"2025-12-16T03:09:53","modified_gmt":"2025-12-16T03:09:53","slug":"kablosuz-sarjli-profesyonel-tiras-makinesi-1800-mah-lityum-pil","status":"publish","type":"product","link":"https:\/\/depodanmusteriye.com\/urunler\/urun\/kablosuz-sarjli-profesyonel-tiras-makinesi-1800-mah-lityum-pil\/","title":{"rendered":"Kablosuz \u015earjl\u0131 Profesyonel T\u0131ra\u015f Makinesi \u2013 1800 mAh Lityum Pil"},"content":{"rendered":"<h4>Modern teknolojiyle donat\u0131lm\u0131\u015f Kablosuz \u015earjl\u0131 T\u0131ra\u015f Makinesi, ki\u015fisel ve profesyonel kullan\u0131mlar i\u00e7in m\u00fckemmel bir t\u0131ra\u015f deneyimi sunar.<br \/>\n1800 mAh y\u00fcksek kapasiteli lityum pil, tek \u015farjla 1 ila 2 saat aras\u0131 kesintisiz kullan\u0131m sa\u011flar.<br \/>\nBu uzun pil \u00f6mr\u00fc, yo\u011fun i\u015f temposunda veya seyahatlerde size b\u00fcy\u00fck kolayl\u0131k sunar.<\/p>\n<p>Kablolardan tamamen ba\u011f\u0131ms\u0131z kullan\u0131m \u00f6zg\u00fcrl\u00fc\u011f\u00fc sayesinde, istedi\u011finiz her yerde rahat\u00e7a t\u0131ra\u015f olabilirsiniz.<br \/>\nKablosuz tasar\u0131m\u0131, hareket k\u0131s\u0131tlamas\u0131 olmadan konforlu bir deneyim sunarken, \u015farjl\u0131 yap\u0131s\u0131 pratikli\u011fi art\u0131r\u0131r.<\/p>\n<p>G\u00fc\u00e7l\u00fc motoru, kal\u0131n ve sert t\u00fcyleri bile zahmetsizce keser.<br \/>\nSessiz \u00e7al\u0131\u015fma teknolojisiyle rahats\u0131z edici sesleri ortadan kald\u0131rarak keyifli bir t\u0131ra\u015f ortam\u0131 yarat\u0131r.<\/p>\n<p>Ergonomik ve kaymaz g\u00f6vdesi, uzun s\u00fcreli kullan\u0131mlarda el yorgunlu\u011funu azalt\u0131r.<br \/>\nHassas b\u0131\u00e7aklar\u0131, cildi tahri\u015f etmeden p\u00fcr\u00fczs\u00fcz bir sonu\u00e7 verir.<\/p>\n<p>D\u00fc\u015f\u00fck enerji t\u00fcketimi sayesinde \u00e7evre dostu bir kullan\u0131m sunar.<br \/>\nEvde, seyahatte veya berber salonlar\u0131nda profesyonel bir kesim kalitesi elde edebilirsiniz.<\/p>\n<p>Kablosuz \u015earjl\u0131 T\u0131ra\u015f Makinesi, g\u00fc\u00e7l\u00fc pil performans\u0131, dayan\u0131kl\u0131l\u0131\u011f\u0131 ve modern tasar\u0131m\u0131yla bak\u0131m\u0131n\u0131z\u0131 bir \u00fcst seviyeye ta\u015f\u0131r. <\/p>\n<p><b>1 adet fiyat\u0131d\u0131r<\/b> <\/p>\n<p><p><b>\u00dcretici Markas\u0131 : ZERO LAND<\/b><\/p>\n<p><b>\u00dcretici Kodu : XUCZZZRD378TIRA\u015eM<\/b><\/p>\n<p><b>1 ADET F\u0130YATIDIR<\/b><\/p>\n<\/h4>\n<p><\/p>\n","protected":false},"excerpt":{"rendered":"<p>Kablosuz \u015earjl\u0131 Profesyonel T\u0131ra\u015f Makinesi \u2013 1800 mAh Lityum Pil<\/p>\n","protected":false},"featured_media":207594,"comment_status":"open","ping_status":"closed","template":"","meta":[],"product_brand":[],"product_cat":[374,2200],"product_tag":[1899,1640,4226,3595,3446,4199,3984,3975,3445],"class_list":{"0":"post-207599","1":"product","2":"type-product","3":"status-publish","4":"has-post-thumbnail","6":"product_cat-mobil-aksesuar","7":"product_cat-tiras-makinesi-mobil-aksesuar","8":"product_tag-1899","9":"product_tag-kablosuz","10":"product_tag-lityum","11":"product_tag-mah","12":"product_tag-makinesi","13":"product_tag-pil","14":"product_tag-profesyonel","15":"product_tag-sarjli","16":"product_tag-tiras","18":"first","19":"instock","20":"taxable","21":"shipping-taxable","22":"purchasable","23":"product-type-simple"},"_links":{"self":[{"href":"https:\/\/depodanmusteriye.com\/urunler\/wp-json\/wp\/v2\/product\/207599","targetHints":{"allow":["GET"]}}],"collection":[{"href":"https:\/\/depodanmusteriye.com\/urunler\/wp-json\/wp\/v2\/product"}],"about":[{"href":"https:\/\/depodanmusteriye.com\/urunler\/wp-json\/wp\/v2\/types\/product"}],"replies":[{"embeddable":true,"href":"https:\/\/depodanmusteriye.com\/urunler\/wp-json\/wp\/v2\/comments?post=207599"}],"version-history":[{"count":0,"href":"https:\/\/depodanmusteriye.com\/urunler\/wp-json\/wp\/v2\/product\/207599\/revisions"}],"wp:featuredmedia":[{"embeddable":true,"href":"https:\/\/depodanmusteriye.com\/urunler\/wp-json\/wp\/v2\/media\/207594"}],"wp:attachment":[{"href":"https:\/\/depodanmusteriye.com\/urunler\/wp-json\/wp\/v2\/media?parent=207599"}],"wp:term":[{"taxonomy":"product_brand","embeddable":true,"href":"https:\/\/depodanmusteriye.com\/urunler\/wp-json\/wp\/v2\/product_brand?post=207599"},{"taxonomy":"product_cat","embeddable":true,"href":"https:\/\/depodanmusteriye.com\/urunler\/wp-json\/wp\/v2\/product_cat?post=207599"},{"taxonomy":"product_tag","embeddable":true,"href":"https:\/\/depodanmusteriye.com\/urunler\/wp-json\/wp\/v2\/product_tag?post=207599"}],"curies":[{"name":"wp","href":"https:\/\/api.w.org\/{rel}","templated":true}]}}