{"id":207587,"date":"2025-12-16T03:09:14","date_gmt":"2025-12-16T03:09:14","guid":{"rendered":"https:\/\/b2b.depodanmusteriye.com\/urun\/sarjli-kablosuz-tiras-makinesi-1800-mah-batarya-uzun-pil-omru-profesyonel-sessiz-motor\/"},"modified":"2025-12-16T03:09:14","modified_gmt":"2025-12-16T03:09:14","slug":"sarjli-kablosuz-tiras-makinesi-1800-mah-batarya-uzun-pil-omru-profesyonel-sessiz-motor","status":"publish","type":"product","link":"https:\/\/depodanmusteriye.com\/urunler\/urun\/sarjli-kablosuz-tiras-makinesi-1800-mah-batarya-uzun-pil-omru-profesyonel-sessiz-motor\/","title":{"rendered":"\u015earjl\u0131 Kablosuz T\u0131ra\u015f Makinesi \u2013 1800 mAh Batarya, Uzun Pil \u00d6mr\u00fc, Profesyonel Sessiz Motor"},"content":{"rendered":"<h4>Bak\u0131m rutinini kablosuz konforla bulu\u015fturan \u015earjl\u0131 Kablosuz T\u0131ra\u015f Makinesi, g\u00fc\u00e7l\u00fc 1800 mAh bataryas\u0131yla uzun s\u00fcreli kullan\u0131m imk\u00e2n\u0131 sunar.<br \/>\nTek \u015farjla 1 ila 2 saat aras\u0131nda kesintisiz performans sergileyen bu cihaz, profesyonel berberler ve ev kullan\u0131c\u0131lar\u0131 i\u00e7in ideal bir \u00e7\u00f6z\u00fcmd\u00fcr.<\/p>\n<p>Kablolarla u\u011fra\u015fmadan, diledi\u011finiz her yerde h\u0131zl\u0131 ve rahat bir t\u0131ra\u015f deneyimi ya\u015fay\u0131n.<br \/>\nG\u00fc\u00e7l\u00fc motoru sayesinde yo\u011fun t\u00fcylerde bile tak\u0131lmadan p\u00fcr\u00fczs\u00fcz sonu\u00e7 verir.<br \/>\nAyr\u0131ca sessiz \u00e7al\u0131\u015fma \u00f6zelli\u011fi, konforlu bir t\u0131ra\u015f deneyimi sunar.<\/p>\n<p>D\u00fc\u015f\u00fck enerji t\u00fcketimi, uzun batarya \u00f6mr\u00fcyle birle\u015ferek \u00e7evre dostu bir kullan\u0131m sa\u011flar.<br \/>\nCihaz, enerji verimlili\u011fi ve g\u00fc\u00e7l\u00fc performans\u0131 bir arada sunarak g\u00fcn boyu g\u00fcvenilir bir deneyim ya\u015fat\u0131r.<\/p>\n<p>Ergonomik tutu\u015fa sahip g\u00f6vdesi, uzun s\u00fcreli kullan\u0131mda elinizi yormaz.<br \/>\nKaymaz y\u00fczeyi, g\u00fcvenli bir kavrama sa\u011flar.<\/p>\n<p>Evde ki\u015fisel bak\u0131m, kuaf\u00f6r salonlar\u0131 veya seyahatlerde ta\u015f\u0131nabilirli\u011fiyle \u00f6ne \u00e7\u0131kar.<br \/>\nModern g\u00f6r\u00fcn\u00fcm\u00fc, dayan\u0131kl\u0131 malzeme yap\u0131s\u0131 ve y\u00fcksek kesim h\u0131z\u0131yla profesyonel kalitede sonu\u00e7lar elde edebilirsiniz.<\/p>\n<p>\u015earjl\u0131 Kablosuz T\u0131ra\u015f Makinesi, performans, ta\u015f\u0131nabilirlik ve konforu tek bir cihazda birle\u015ftirir. <\/p>\n<p><b>1 adet fiyat\u0131d\u0131r<\/b> <\/p>\n<p><p><b>\u00dcretici Markas\u0131 : ZERO LAND<\/b><\/p>\n<p><b>\u00dcretici Kodu : XUCZZZRD378TIRA\u015eM2<\/b><\/p>\n<p><b>1 ADET F\u0130YATIDIR<\/b><\/p>\n<\/h4>\n<p><\/p>\n","protected":false},"excerpt":{"rendered":"<p>\u015earjl\u0131 Kablosuz T\u0131ra\u015f Makinesi \u2013 1800 mAh Batarya, Uzun Pil \u00d6mr\u00fc, Profesyonel Sessiz Motor<\/p>\n","protected":false},"featured_media":207582,"comment_status":"open","ping_status":"closed","template":"","meta":[],"product_brand":[],"product_cat":[374,2200],"product_tag":[1899,4311,1640,3595,3446,1092,13014,4199,3984,3975,3973,3445,2357],"class_list":{"0":"post-207587","1":"product","2":"type-product","3":"status-publish","4":"has-post-thumbnail","6":"product_cat-mobil-aksesuar","7":"product_cat-tiras-makinesi-mobil-aksesuar","8":"product_tag-1899","9":"product_tag-batarya","10":"product_tag-kablosuz","11":"product_tag-mah","12":"product_tag-makinesi","13":"product_tag-motor","14":"product_tag-omru","15":"product_tag-pil","16":"product_tag-profesyonel","17":"product_tag-sarjli","18":"product_tag-sessiz","19":"product_tag-tiras","20":"product_tag-uzun","22":"first","23":"instock","24":"taxable","25":"shipping-taxable","26":"purchasable","27":"product-type-simple"},"_links":{"self":[{"href":"https:\/\/depodanmusteriye.com\/urunler\/wp-json\/wp\/v2\/product\/207587","targetHints":{"allow":["GET"]}}],"collection":[{"href":"https:\/\/depodanmusteriye.com\/urunler\/wp-json\/wp\/v2\/product"}],"about":[{"href":"https:\/\/depodanmusteriye.com\/urunler\/wp-json\/wp\/v2\/types\/product"}],"replies":[{"embeddable":true,"href":"https:\/\/depodanmusteriye.com\/urunler\/wp-json\/wp\/v2\/comments?post=207587"}],"version-history":[{"count":0,"href":"https:\/\/depodanmusteriye.com\/urunler\/wp-json\/wp\/v2\/product\/207587\/revisions"}],"wp:featuredmedia":[{"embeddable":true,"href":"https:\/\/depodanmusteriye.com\/urunler\/wp-json\/wp\/v2\/media\/207582"}],"wp:attachment":[{"href":"https:\/\/depodanmusteriye.com\/urunler\/wp-json\/wp\/v2\/media?parent=207587"}],"wp:term":[{"taxonomy":"product_brand","embeddable":true,"href":"https:\/\/depodanmusteriye.com\/urunler\/wp-json\/wp\/v2\/product_brand?post=207587"},{"taxonomy":"product_cat","embeddable":true,"href":"https:\/\/depodanmusteriye.com\/urunler\/wp-json\/wp\/v2\/product_cat?post=207587"},{"taxonomy":"product_tag","embeddable":true,"href":"https:\/\/depodanmusteriye.com\/urunler\/wp-json\/wp\/v2\/product_tag?post=207587"}],"curies":[{"name":"wp","href":"https:\/\/api.w.org\/{rel}","templated":true}]}}