{"id":207533,"date":"2025-12-16T03:06:22","date_gmt":"2025-12-16T03:06:22","guid":{"rendered":"https:\/\/b2b.depodanmusteriye.com\/urun\/atari-s10-retro-oyun-konsolu-520-nostaljik-oyun-tv-baglantili-sarjli-ve-tasinabilir\/"},"modified":"2025-12-16T03:06:22","modified_gmt":"2025-12-16T03:06:22","slug":"atari-s10-retro-oyun-konsolu-520-nostaljik-oyun-tv-baglantili-sarjli-ve-tasinabilir","status":"publish","type":"product","link":"https:\/\/depodanmusteriye.com\/urunler\/urun\/atari-s10-retro-oyun-konsolu-520-nostaljik-oyun-tv-baglantili-sarjli-ve-tasinabilir\/","title":{"rendered":"Atari S10 Retro Oyun Konsolu \u2013 520 Nostaljik Oyun, TV Ba\u011flant\u0131l\u0131, \u015earjl\u0131 ve Ta\u015f\u0131nabilir"},"content":{"rendered":"<h4>Klasik oyunlar\u0131n b\u00fcy\u00fcs\u00fcn\u00fc yeniden ya\u015fay\u0131n! Atari S10 Retro Oyun Konsolu, 520 dahili oyunuyla e\u011flenceyi her an yan\u0131n\u0131za getiriyor. Platform, yar\u0131\u015f, macera ve spor gibi bir\u00e7ok kategorideki oyunlar\u0131yla her ya\u015ftan oyuncuya hitap eder.<\/p>\n<p>Kompakt ve ta\u015f\u0131nabilir yap\u0131s\u0131 sayesinde, retro oyun keyfini diledi\u011finiz her yerde \u00e7\u0131karabilirsiniz. \u0130ster evde ister d\u0131\u015far\u0131da, \u00e7ocukluk g\u00fcnlerinizi an\u0131msatan bu konsolla nostaljiyi yeniden ya\u015fay\u0131n.<\/p>\n<p>Y\u00fcksek \u00e7\u00f6z\u00fcn\u00fcrl\u00fckl\u00fc ekran\u0131, canl\u0131 renkleri ve ak\u0131c\u0131 oyun performans\u0131 ile her detay daha ger\u00e7ek\u00e7i hale gelir. Ergonomik tu\u015f tak\u0131m\u0131, uzun s\u00fcreli kullan\u0131mda bile konfor sunar. Ayr\u0131ca TV ba\u011flant\u0131 deste\u011fi sayesinde, oyunlar\u0131 b\u00fcy\u00fck ekranda oynamak art\u0131k \u00e7ok kolay!<\/p>\n<p>G\u00fc\u00e7l\u00fc bataryas\u0131 uzun s\u00fcreli oyun keyfi sa\u011flar. \u015earj edilebilir yap\u0131s\u0131yla s\u00fcrekli pil de\u011fi\u015fimi derdine son verir. USB kablosu ile kolayca \u015farj edilebilir.<\/p>\n<p>Atari S10, retro oyun k\u00fclt\u00fcr\u00fcn\u00fc modern teknolojinin ta\u015f\u0131nabilirli\u011fiyle bulu\u015fturur. \u00c7ocukluk an\u0131lar\u0131n\u0131z\u0131 geri getirin veya yeni nesil oyuncularla payla\u015f\u0131n. E\u011flencenin en nostaljik hali \u015fimdi cebinizde! <\/p>\n<p><b>1 adet fiyat\u0131d\u0131r<\/b> <\/p>\n<p><p><b>\u00dcretici Markas\u0131 : ZERO LAND<\/b><\/p>\n<p><b>\u00dcretici Kodu : XUCZZZS10SUP2<\/b><\/p>\n<p><b>1 ADET F\u0130YATIDIR<\/b><\/p>\n<\/h4>\n<p><\/p>\n","protected":false},"excerpt":{"rendered":"<p>Atari S10 Retro Oyun Konsolu \u2013 520 Nostaljik Oyun, TV Ba\u011flant\u0131l\u0131, \u015earjl\u0131 ve Ta\u015f\u0131nabilir<\/p>\n","protected":false},"featured_media":207528,"comment_status":"open","ping_status":"closed","template":"","meta":[],"product_brand":[],"product_cat":[379,725],"product_tag":[4236,13491,4247,3998,13033,3997,1963,9089,3975,2982,4014,2104],"class_list":{"0":"post-207533","1":"product","2":"type-product","3":"status-publish","4":"has-post-thumbnail","6":"product_cat-ev-yasam","7":"product_cat-psp-and-vita-oyunu","8":"product_tag-4236","9":"product_tag-atari","10":"product_tag-baglantili","11":"product_tag-konsolu","12":"product_tag-nostaljik","13":"product_tag-oyun","14":"product_tag-retro","15":"product_tag-s10","16":"product_tag-sarjli","17":"product_tag-tasinabilir","18":"product_tag-tv","19":"product_tag-ve","21":"first","22":"instock","23":"taxable","24":"shipping-taxable","25":"purchasable","26":"product-type-simple"},"_links":{"self":[{"href":"https:\/\/depodanmusteriye.com\/urunler\/wp-json\/wp\/v2\/product\/207533","targetHints":{"allow":["GET"]}}],"collection":[{"href":"https:\/\/depodanmusteriye.com\/urunler\/wp-json\/wp\/v2\/product"}],"about":[{"href":"https:\/\/depodanmusteriye.com\/urunler\/wp-json\/wp\/v2\/types\/product"}],"replies":[{"embeddable":true,"href":"https:\/\/depodanmusteriye.com\/urunler\/wp-json\/wp\/v2\/comments?post=207533"}],"version-history":[{"count":0,"href":"https:\/\/depodanmusteriye.com\/urunler\/wp-json\/wp\/v2\/product\/207533\/revisions"}],"wp:featuredmedia":[{"embeddable":true,"href":"https:\/\/depodanmusteriye.com\/urunler\/wp-json\/wp\/v2\/media\/207528"}],"wp:attachment":[{"href":"https:\/\/depodanmusteriye.com\/urunler\/wp-json\/wp\/v2\/media?parent=207533"}],"wp:term":[{"taxonomy":"product_brand","embeddable":true,"href":"https:\/\/depodanmusteriye.com\/urunler\/wp-json\/wp\/v2\/product_brand?post=207533"},{"taxonomy":"product_cat","embeddable":true,"href":"https:\/\/depodanmusteriye.com\/urunler\/wp-json\/wp\/v2\/product_cat?post=207533"},{"taxonomy":"product_tag","embeddable":true,"href":"https:\/\/depodanmusteriye.com\/urunler\/wp-json\/wp\/v2\/product_tag?post=207533"}],"curies":[{"name":"wp","href":"https:\/\/api.w.org\/{rel}","templated":true}]}}