{"id":207521,"date":"2025-12-16T03:05:48","date_gmt":"2025-12-16T03:05:48","guid":{"rendered":"https:\/\/b2b.depodanmusteriye.com\/urun\/hizli-sarj-uyumlu-sarj-kablosu-esnek-yapi-guclu-baglanti-yuksek-performans\/"},"modified":"2025-12-16T03:05:48","modified_gmt":"2025-12-16T03:05:48","slug":"hizli-sarj-uyumlu-sarj-kablosu-esnek-yapi-guclu-baglanti-yuksek-performans","status":"publish","type":"product","link":"https:\/\/depodanmusteriye.com\/urunler\/urun\/hizli-sarj-uyumlu-sarj-kablosu-esnek-yapi-guclu-baglanti-yuksek-performans\/","title":{"rendered":"H\u0131zl\u0131 \u015earj Uyumlu \u015earj Kablosu \u2013 Esnek Yap\u0131, G\u00fc\u00e7l\u00fc Ba\u011flant\u0131, Y\u00fcksek Performans"},"content":{"rendered":"<h4>Cihazlar\u0131n\u0131z\u0131 k\u0131sa s\u00fcrede \u015farj etmenin en pratik yolu! Bu \u015farj kablosu, y\u00fcksek iletken malzemeden \u00fcretilmi\u015f olup enerji ak\u0131\u015f\u0131n\u0131 optimize ederek h\u0131zl\u0131 \u015farj imk\u00e2n\u0131 sunar. Y\u00fcksek amper deste\u011fiyle telefonlar\u0131n\u0131z\u0131, tabletlerinizi ve di\u011fer ak\u0131ll\u0131 cihazlar\u0131n\u0131z\u0131 k\u0131sa s\u00fcrede g\u00fcvenli \u015fekilde \u015farj eder.<\/p>\n<p>B\u00fck\u00fclmelere ve \u00e7ekmelere kar\u015f\u0131 g\u00fc\u00e7lendirilmi\u015f u\u00e7 yap\u0131s\u0131, uzun s\u00fcreli dayan\u0131kl\u0131l\u0131k sa\u011flar. Esnek d\u0131\u015f kaplama, dola\u015fmay\u0131 \u00f6nler ve pratik kullan\u0131m sunar. Hem evde hem i\u015fte hem de seyahatte her zaman kullan\u0131ma haz\u0131rd\u0131r.<\/p>\n<p>Bu kablo, yaln\u0131zca \u015farj de\u011fil, y\u00fcksek h\u0131zda veri aktar\u0131m\u0131 \u00f6zelli\u011fiyle de \u00f6ne \u00e7\u0131kar. Bilgisayar ve cihazlar\u0131n\u0131z aras\u0131nda dosyalar\u0131 saniyeler i\u00e7inde aktarabilir, kesintisiz ba\u011flant\u0131 keyfi ya\u015fayabilirsiniz.<\/p>\n<p>Ak\u0131ll\u0131 koruma sistemi, cihazlar\u0131n\u0131z\u0131 a\u015f\u0131r\u0131 voltaj, \u0131s\u0131nma ve k\u0131sa devre gibi durumlara kar\u015f\u0131 korur. Kompakt boyutu sayesinde \u00e7antan\u0131zda kolayca ta\u015f\u0131yabilir, her an elinizin alt\u0131nda bulundurabilirsiniz.<\/p>\n<p>Modern tasar\u0131m\u0131, y\u00fcksek performans\u0131 ve uzun \u00f6m\u00fcrl\u00fc yap\u0131s\u0131yla bu \u015farj kablosu, g\u00fcnl\u00fck ya\u015famda en g\u00fcvenilir yard\u0131mc\u0131lar\u0131n\u0131zdan biri olacak. <\/p>\n<p><b>1 adet fiyat\u0131d\u0131r<\/b> <\/p>\n<p><p><b>\u00dcretici Markas\u0131 : ZERO LAND<\/b><\/p>\n<p><b>\u00dcretici Kodu : XUCZZZS219KABLO1<\/b><\/p>\n<p><b>1 ADET F\u0130YATIDIR<\/b><\/p>\n<\/h4>\n<p><\/p>\n","protected":false},"excerpt":{"rendered":"<p>H\u0131zl\u0131 \u015earj Uyumlu \u015earj Kablosu \u2013 Esnek Yap\u0131, G\u00fc\u00e7l\u00fc Ba\u011flant\u0131, Y\u00fcksek Performans<\/p>\n","protected":false},"featured_media":207516,"comment_status":"open","ping_status":"closed","template":"","meta":[],"product_brand":[],"product_cat":[379,1042],"product_tag":[2645,4269,4038,1825,3341,4205,2755,1951,13859,2630],"class_list":{"0":"post-207521","1":"product","2":"type-product","3":"status-publish","4":"has-post-thumbnail","6":"product_cat-ev-yasam","7":"product_cat-arj-kablosu","8":"product_tag-baglanti","9":"product_tag-esnek","10":"product_tag-guclu","11":"product_tag-hizli","12":"product_tag-kablosu","13":"product_tag-performans","14":"product_tag-sarj","15":"product_tag-uyumlu","16":"product_tag-yapi","17":"product_tag-yuksek","19":"first","20":"instock","21":"taxable","22":"shipping-taxable","23":"purchasable","24":"product-type-simple"},"_links":{"self":[{"href":"https:\/\/depodanmusteriye.com\/urunler\/wp-json\/wp\/v2\/product\/207521","targetHints":{"allow":["GET"]}}],"collection":[{"href":"https:\/\/depodanmusteriye.com\/urunler\/wp-json\/wp\/v2\/product"}],"about":[{"href":"https:\/\/depodanmusteriye.com\/urunler\/wp-json\/wp\/v2\/types\/product"}],"replies":[{"embeddable":true,"href":"https:\/\/depodanmusteriye.com\/urunler\/wp-json\/wp\/v2\/comments?post=207521"}],"version-history":[{"count":0,"href":"https:\/\/depodanmusteriye.com\/urunler\/wp-json\/wp\/v2\/product\/207521\/revisions"}],"wp:featuredmedia":[{"embeddable":true,"href":"https:\/\/depodanmusteriye.com\/urunler\/wp-json\/wp\/v2\/media\/207516"}],"wp:attachment":[{"href":"https:\/\/depodanmusteriye.com\/urunler\/wp-json\/wp\/v2\/media?parent=207521"}],"wp:term":[{"taxonomy":"product_brand","embeddable":true,"href":"https:\/\/depodanmusteriye.com\/urunler\/wp-json\/wp\/v2\/product_brand?post=207521"},{"taxonomy":"product_cat","embeddable":true,"href":"https:\/\/depodanmusteriye.com\/urunler\/wp-json\/wp\/v2\/product_cat?post=207521"},{"taxonomy":"product_tag","embeddable":true,"href":"https:\/\/depodanmusteriye.com\/urunler\/wp-json\/wp\/v2\/product_tag?post=207521"}],"curies":[{"name":"wp","href":"https:\/\/api.w.org\/{rel}","templated":true}]}}