{"id":207383,"date":"2025-12-16T02:58:12","date_gmt":"2025-12-16T02:58:12","guid":{"rendered":"https:\/\/b2b.depodanmusteriye.com\/urun\/retro-oyun-konsolu-520-klasik-oyun-av-cikisli-sarjli-dijital-oyun-deneyimi\/"},"modified":"2025-12-16T02:58:12","modified_gmt":"2025-12-16T02:58:12","slug":"retro-oyun-konsolu-520-klasik-oyun-av-cikisli-sarjli-dijital-oyun-deneyimi","status":"publish","type":"product","link":"https:\/\/depodanmusteriye.com\/urunler\/urun\/retro-oyun-konsolu-520-klasik-oyun-av-cikisli-sarjli-dijital-oyun-deneyimi\/","title":{"rendered":"Retro Oyun Konsolu \u2013 520 Klasik Oyun, AV \u00c7\u0131k\u0131\u015fl\u0131, \u015earjl\u0131 Dijital Oyun Deneyimi"},"content":{"rendered":"<h4>Ge\u00e7mi\u015fin efsane oyunlar\u0131n\u0131 yeniden ke\u015ffedin! P5\u2122 ControllerView Retro Konsol Dijital Oyun Oynat\u0131c\u0131, farkl\u0131 t\u00fcr ve d\u00f6nemlerden 520 klasik oyunu tek bir cihazda bulu\u015fturarak nostaljik bir oyun deneyimi sunar.<br \/>\n1980\u2019lerin ve 90\u2019lar\u0131n efsanevi oyunlar\u0131n\u0131, g\u00fcn\u00fcm\u00fcz teknolojisinin pratikli\u011fiyle oynayabilir, \u00e7ocukluk an\u0131lar\u0131n\u0131z\u0131 tekrar ya\u015fayabilirsiniz.<\/p>\n<p>Y\u00fcksek kapasiteli \u015farj edilebilir pili, kesintisiz ve uzun s\u00fcreli oyun keyfi sunar. Art\u0131k s\u0131k s\u0131k pil de\u011fi\u015ftirme derdi olmadan saatlerce kesintisiz oyun oynayabilirsiniz.<br \/>\nErgonomik tasar\u0131m\u0131, uzun oyun seanslar\u0131nda bile maksimum konfor sa\u011flar. Ele tam oturan yap\u0131s\u0131 sayesinde yorgunluk olmadan rahat bir kontrol deneyimi elde edersiniz.<\/p>\n<p>AV \u00e7\u0131k\u0131\u015f kablosu ile televizyonunuza kolayca ba\u011flanabilir ve oyunlar\u0131 b\u00fcy\u00fck ekranda oynayabilirsiniz. Bu sayede hem bireysel hem ailecek oyun keyfi ya\u015fayabilirsiniz.<br \/>\nKompakt boyutu sayesinde kolayca ta\u015f\u0131nabilir, seyahatlerde veya misafirliklerde nostaljik e\u011flenceyi yan\u0131n\u0131zda g\u00f6t\u00fcrebilirsiniz.<\/p>\n<p>Modern teknolojiyle ge\u00e7mi\u015fin oyun k\u00fclt\u00fcr\u00fcn\u00fc birle\u015ftiren P5\u2122 ControllerView Retro Konsol, hem yeti\u015fkinler hem \u00e7ocuklar i\u00e7in benzersiz bir oyun deneyimi sunar.<br \/>\nEfsanevi oyunlar\u0131 yeniden hat\u0131rlamak isteyenler i\u00e7in m\u00fckemmel bir koleksiyon cihaz\u0131d\u0131r. <\/p>\n<p><b>1 adet fiyat\u0131d\u0131r<\/b> <\/p>\n<p><p><b>\u00dcretici Markas\u0131 : ZERO LAND<\/b><\/p>\n<p><b>\u00dcretici Kodu : XUCZZZP5ATAR\u0130<\/b><\/p>\n<p><b>1 ADET F\u0130YATIDIR<\/b><\/p>\n<\/h4>\n<p><\/p>\n","protected":false},"excerpt":{"rendered":"<p>Retro Oyun Konsolu \u2013 520 Klasik Oyun, AV \u00c7\u0131k\u0131\u015fl\u0131, \u015earjl\u0131 Dijital Oyun Deneyimi<\/p>\n","protected":false},"featured_media":207378,"comment_status":"open","ping_status":"closed","template":"","meta":[],"product_brand":[],"product_cat":[379,725],"product_tag":[4236,14919,1877,13244,3443,2029,3998,3997,1963,3975],"class_list":{"0":"post-207383","1":"product","2":"type-product","3":"status-publish","4":"has-post-thumbnail","6":"product_cat-ev-yasam","7":"product_cat-psp-and-vita-oyunu","8":"product_tag-4236","9":"product_tag-av","10":"product_tag-cikisli","11":"product_tag-deneyimi","12":"product_tag-dijital","13":"product_tag-klasik","14":"product_tag-konsolu","15":"product_tag-oyun","16":"product_tag-retro","17":"product_tag-sarjli","19":"first","20":"instock","21":"taxable","22":"shipping-taxable","23":"purchasable","24":"product-type-simple"},"_links":{"self":[{"href":"https:\/\/depodanmusteriye.com\/urunler\/wp-json\/wp\/v2\/product\/207383","targetHints":{"allow":["GET"]}}],"collection":[{"href":"https:\/\/depodanmusteriye.com\/urunler\/wp-json\/wp\/v2\/product"}],"about":[{"href":"https:\/\/depodanmusteriye.com\/urunler\/wp-json\/wp\/v2\/types\/product"}],"replies":[{"embeddable":true,"href":"https:\/\/depodanmusteriye.com\/urunler\/wp-json\/wp\/v2\/comments?post=207383"}],"version-history":[{"count":0,"href":"https:\/\/depodanmusteriye.com\/urunler\/wp-json\/wp\/v2\/product\/207383\/revisions"}],"wp:featuredmedia":[{"embeddable":true,"href":"https:\/\/depodanmusteriye.com\/urunler\/wp-json\/wp\/v2\/media\/207378"}],"wp:attachment":[{"href":"https:\/\/depodanmusteriye.com\/urunler\/wp-json\/wp\/v2\/media?parent=207383"}],"wp:term":[{"taxonomy":"product_brand","embeddable":true,"href":"https:\/\/depodanmusteriye.com\/urunler\/wp-json\/wp\/v2\/product_brand?post=207383"},{"taxonomy":"product_cat","embeddable":true,"href":"https:\/\/depodanmusteriye.com\/urunler\/wp-json\/wp\/v2\/product_cat?post=207383"},{"taxonomy":"product_tag","embeddable":true,"href":"https:\/\/depodanmusteriye.com\/urunler\/wp-json\/wp\/v2\/product_tag?post=207383"}],"curies":[{"name":"wp","href":"https:\/\/api.w.org\/{rel}","templated":true}]}}