{"id":207377,"date":"2025-12-16T02:57:54","date_gmt":"2025-12-16T02:57:54","guid":{"rendered":"https:\/\/b2b.depodanmusteriye.com\/urun\/520-klasik-oyunlu-p5-controllerview-retro-konsol-sarjli-av-giris-destekli-ergonomik-tasarim\/"},"modified":"2025-12-16T02:57:54","modified_gmt":"2025-12-16T02:57:54","slug":"520-klasik-oyunlu-p5-controllerview-retro-konsol-sarjli-av-giris-destekli-ergonomik-tasarim","status":"publish","type":"product","link":"https:\/\/depodanmusteriye.com\/urunler\/urun\/520-klasik-oyunlu-p5-controllerview-retro-konsol-sarjli-av-giris-destekli-ergonomik-tasarim\/","title":{"rendered":"520 Klasik Oyunlu P5\u2122 ControllerView Retro Konsol \u2013 \u015earjl\u0131, AV Giri\u015f Destekli, Ergonomik Tasar\u0131m"},"content":{"rendered":"<h4>E\u011flencenin s\u0131n\u0131rlar\u0131n\u0131 a\u015f\u0131n! Retro Konsol, 520 klasik oyunla hem \u00e7ocukluk an\u0131lar\u0131n\u0131za d\u00f6nd\u00fcr\u00fcr hem de saatlerce keyifli vakit ge\u00e7irmenizi sa\u011flar.<br \/>\nModern donan\u0131m \u00f6zellikleriyle retro oyun k\u00fclt\u00fcr\u00fcn\u00fc bir araya getiren bu konsol, e\u011flenceyi her ya\u015fa hitap edecek \u015fekilde yeniden tan\u0131ml\u0131yor.<\/p>\n<p>Y\u00fcksek kapasiteli \u015farj edilebilir pili, uzun oyun s\u00fcrelerinde kesintisiz g\u00fc\u00e7 sa\u011flar. B\u00f6ylece pil de\u011fi\u015ftirme derdine son vererek rahat bir kullan\u0131m elde edersiniz.<br \/>\nAV ba\u011flant\u0131 kablosu, cihaz\u0131 kolayca televizyona ba\u011flaman\u0131z\u0131 sa\u011flar; b\u00f6ylece klasik oyunlar\u0131 geni\u015f ekranda, y\u00fcksek g\u00f6r\u00fcnt\u00fc kalitesiyle oynayabilirsiniz.<\/p>\n<p>Ergonomik ve hafif tasar\u0131m\u0131, uzun s\u00fcreli oyunlarda bile el yorgunlu\u011funu \u00f6nler. Kullan\u0131c\u0131 dostu tu\u015f dizilimi, her ya\u015f grubuna kolay bir kontrol imk\u00e2n\u0131 sunar.<br \/>\nTa\u015f\u0131nabilir yap\u0131s\u0131 sayesinde evde, seyahatte veya arkada\u015f ortam\u0131nda e\u011flenceyi yan\u0131n\u0131zda ta\u015f\u0131yabilirsiniz.<\/p>\n<p> Retro Konsol, 80\u2019ler ve 90\u2019lar\u0131n en sevilen oyunlar\u0131n\u0131 modern bir platformda yeniden hayata ge\u00e7irir.<br \/>\nTek cihazda nostalji, teknoloji ve e\u011flence bir arada! <\/p>\n<p><b>1 adet fiyat\u0131d\u0131r<\/b> <\/p>\n<p><p><b>\u00dcretici Markas\u0131 : ZERO LAND<\/b><\/p>\n<p><b>\u00dcretici Kodu : XUCZZZP5ATAR\u01301<\/b><\/p>\n<p><b>1 ADET F\u0130YATIDIR<\/b><\/p>\n<\/h4>\n<p><\/p>\n","protected":false},"excerpt":{"rendered":"<p>520 Klasik Oyunlu P5\u2122 ControllerView Retro Konsol \u2013 \u015earjl\u0131, AV Giri\u015f Destekli, Ergonomik Tasar\u0131m<\/p>\n","protected":false},"featured_media":207372,"comment_status":"open","ping_status":"closed","template":"","meta":[],"product_brand":[],"product_cat":[379,725],"product_tag":[4236,14919,14920,3695,3992,6388,2029,13486,4167,1963,3975,4035],"class_list":{"0":"post-207377","1":"product","2":"type-product","3":"status-publish","4":"has-post-thumbnail","6":"product_cat-ev-yasam","7":"product_cat-psp-and-vita-oyunu","8":"product_tag-4236","9":"product_tag-av","10":"product_tag-controllerview","11":"product_tag-destekli","12":"product_tag-ergonomik","13":"product_tag-giris","14":"product_tag-klasik","15":"product_tag-konsol","16":"product_tag-oyunlu","17":"product_tag-retro","18":"product_tag-sarjli","19":"product_tag-tasarim","21":"first","22":"instock","23":"taxable","24":"shipping-taxable","25":"purchasable","26":"product-type-simple"},"_links":{"self":[{"href":"https:\/\/depodanmusteriye.com\/urunler\/wp-json\/wp\/v2\/product\/207377","targetHints":{"allow":["GET"]}}],"collection":[{"href":"https:\/\/depodanmusteriye.com\/urunler\/wp-json\/wp\/v2\/product"}],"about":[{"href":"https:\/\/depodanmusteriye.com\/urunler\/wp-json\/wp\/v2\/types\/product"}],"replies":[{"embeddable":true,"href":"https:\/\/depodanmusteriye.com\/urunler\/wp-json\/wp\/v2\/comments?post=207377"}],"version-history":[{"count":0,"href":"https:\/\/depodanmusteriye.com\/urunler\/wp-json\/wp\/v2\/product\/207377\/revisions"}],"wp:featuredmedia":[{"embeddable":true,"href":"https:\/\/depodanmusteriye.com\/urunler\/wp-json\/wp\/v2\/media\/207372"}],"wp:attachment":[{"href":"https:\/\/depodanmusteriye.com\/urunler\/wp-json\/wp\/v2\/media?parent=207377"}],"wp:term":[{"taxonomy":"product_brand","embeddable":true,"href":"https:\/\/depodanmusteriye.com\/urunler\/wp-json\/wp\/v2\/product_brand?post=207377"},{"taxonomy":"product_cat","embeddable":true,"href":"https:\/\/depodanmusteriye.com\/urunler\/wp-json\/wp\/v2\/product_cat?post=207377"},{"taxonomy":"product_tag","embeddable":true,"href":"https:\/\/depodanmusteriye.com\/urunler\/wp-json\/wp\/v2\/product_tag?post=207377"}],"curies":[{"name":"wp","href":"https:\/\/api.w.org\/{rel}","templated":true}]}}