{"id":207359,"date":"2025-12-16T02:56:52","date_gmt":"2025-12-16T02:56:52","guid":{"rendered":"https:\/\/b2b.depodanmusteriye.com\/urun\/bluetooth-5-0-kulak-ustu-kulaklik-gurultu-engelleme-uzamsal-ses-hizli-sarj\/"},"modified":"2025-12-16T02:56:52","modified_gmt":"2025-12-16T02:56:52","slug":"bluetooth-5-0-kulak-ustu-kulaklik-gurultu-engelleme-uzamsal-ses-hizli-sarj","status":"publish","type":"product","link":"https:\/\/depodanmusteriye.com\/urunler\/urun\/bluetooth-5-0-kulak-ustu-kulaklik-gurultu-engelleme-uzamsal-ses-hizli-sarj\/","title":{"rendered":"Bluetooth 5.0 Kulak \u00dcst\u00fc Kulakl\u0131k \u2013 G\u00fcr\u00fclt\u00fc Engelleme, Uzamsal Ses, H\u0131zl\u0131 \u015earj"},"content":{"rendered":"<h4>Estetik ve m\u00fchendisli\u011fin birle\u015fimi: P9 Pro Plus Bluetooth Kulak \u00dcst\u00fc Kulakl\u0131k, ses performans\u0131 kadar konforuyla da fark yarat\u0131r.<br \/>\nYaln\u0131zca 134,5 gram a\u011f\u0131rl\u0131\u011f\u0131 sayesinde uzun s\u00fcreli kullan\u0131mlarda bile kulakta rahats\u0131zl\u0131k hissi olu\u015fturmaz.<\/p>\n<p>Geli\u015fmi\u015f uzamsal ses teknolojisi, m\u00fczi\u011fi \u00fc\u00e7 boyutlu bir derinlikte sunar. Dinamik kafa izleme \u00f6zelli\u011fi, kula\u011f\u0131n\u0131z\u0131n hareketlerine g\u00f6re sesi y\u00f6nlendirerek sinema benzeri bir deneyim sa\u011flar.<br \/>\nHer iki kulakl\u0131ktaki optik sens\u00f6r, pozisyon sens\u00f6r\u00fc, ivme\u00f6l\u00e7er ve sol kulakl\u0131ktaki jiroskop, otomatik alg\u0131lama ve durdurma fonksiyonlar\u0131yla ak\u0131ll\u0131 kullan\u0131m kolayl\u0131\u011f\u0131 sa\u011flar.<\/p>\n<p>H1 \u00e7ip ve Bluetooth 5.0 teknolojisi, gecikmesiz ba\u011flant\u0131 ve g\u00fc\u00e7l\u00fc sinyal kararl\u0131l\u0131\u011f\u0131 sunar.<br \/>\nAktif G\u00fcr\u00fclt\u00fc Engelleme (ANC) modu, d\u0131\u015f sesleri izole ederken; \u015eeffaf Mod, \u00e7evre seslerini duyman\u0131za olanak tan\u0131r.<\/p>\n<p>Uzun pil \u00f6mr\u00fcyle dikkat \u00e7eken bu model, tek \u015farjla 5 saate kadar m\u00fczik veya 4 saate kadar konu\u015fma imk\u00e2n\u0131 sunar.<br \/>\n5 dakikal\u0131k h\u0131zl\u0131 \u015farj, acil durumlarda 1,5 saatlik ekstra dinleme sa\u011flar.<\/p>\n<p>\u015e\u0131k ve modern tasar\u0131m\u0131yla ofiste, sporda veya seyahatte her ortamda fark yaratan P9 Pro Plus, m\u00fczi\u011fi teknolojiyle harmanlayan kullan\u0131c\u0131lar i\u00e7in m\u00fckemmel bir tercihtir. <\/p>\n<p><b>1 adet fiyat\u0131d\u0131r<\/b> <\/p>\n<p><p><b>\u00dcretici Markas\u0131 : ZERO LAND<\/b><\/p>\n<p><b>\u00dcretici Kodu : XUCZZZP9KULAKLIK1<\/b><\/p>\n<p><b>1 ADET F\u0130YATIDIR<\/b><\/p>\n<\/h4>\n<p><\/p>\n","protected":false},"excerpt":{"rendered":"<p>Bluetooth 5.0 Kulak \u00dcst\u00fc Kulakl\u0131k \u2013 G\u00fcr\u00fclt\u00fc Engelleme, Uzamsal Ses, H\u0131zl\u0131 \u015earj<\/p>\n","protected":false},"featured_media":207354,"comment_status":"open","ping_status":"closed","template":"","meta":[],"product_brand":[],"product_cat":[1026,374],"product_tag":[13026,3605,13473,9196,1825,1638,1641,2755,1915,1639,14917],"class_list":{"0":"post-207359","1":"product","2":"type-product","3":"status-publish","4":"has-post-thumbnail","6":"product_cat-kulak-ustu-bluetooth-kulaklik","7":"product_cat-mobil-aksesuar","8":"product_tag-5-0","9":"product_tag-bluetooth","10":"product_tag-engelleme","11":"product_tag-gurultu","12":"product_tag-hizli","13":"product_tag-kulak","14":"product_tag-kulaklik","15":"product_tag-sarj","16":"product_tag-ses","17":"product_tag-ustu","18":"product_tag-uzamsal","20":"first","21":"instock","22":"taxable","23":"shipping-taxable","24":"purchasable","25":"product-type-simple"},"_links":{"self":[{"href":"https:\/\/depodanmusteriye.com\/urunler\/wp-json\/wp\/v2\/product\/207359","targetHints":{"allow":["GET"]}}],"collection":[{"href":"https:\/\/depodanmusteriye.com\/urunler\/wp-json\/wp\/v2\/product"}],"about":[{"href":"https:\/\/depodanmusteriye.com\/urunler\/wp-json\/wp\/v2\/types\/product"}],"replies":[{"embeddable":true,"href":"https:\/\/depodanmusteriye.com\/urunler\/wp-json\/wp\/v2\/comments?post=207359"}],"version-history":[{"count":0,"href":"https:\/\/depodanmusteriye.com\/urunler\/wp-json\/wp\/v2\/product\/207359\/revisions"}],"wp:featuredmedia":[{"embeddable":true,"href":"https:\/\/depodanmusteriye.com\/urunler\/wp-json\/wp\/v2\/media\/207354"}],"wp:attachment":[{"href":"https:\/\/depodanmusteriye.com\/urunler\/wp-json\/wp\/v2\/media?parent=207359"}],"wp:term":[{"taxonomy":"product_brand","embeddable":true,"href":"https:\/\/depodanmusteriye.com\/urunler\/wp-json\/wp\/v2\/product_brand?post=207359"},{"taxonomy":"product_cat","embeddable":true,"href":"https:\/\/depodanmusteriye.com\/urunler\/wp-json\/wp\/v2\/product_cat?post=207359"},{"taxonomy":"product_tag","embeddable":true,"href":"https:\/\/depodanmusteriye.com\/urunler\/wp-json\/wp\/v2\/product_tag?post=207359"}],"curies":[{"name":"wp","href":"https:\/\/api.w.org\/{rel}","templated":true}]}}