{"id":207341,"date":"2025-12-16T02:55:54","date_gmt":"2025-12-16T02:55:54","guid":{"rendered":"https:\/\/b2b.depodanmusteriye.com\/urun\/p9-pro-plus-kablosuz-kulaklik-uc-mikrofonlu-uzamsal-ses-ve-hizli-sarj-ozellikli\/"},"modified":"2025-12-16T02:55:54","modified_gmt":"2025-12-16T02:55:54","slug":"p9-pro-plus-kablosuz-kulaklik-uc-mikrofonlu-uzamsal-ses-ve-hizli-sarj-ozellikli","status":"publish","type":"product","link":"https:\/\/depodanmusteriye.com\/urunler\/urun\/p9-pro-plus-kablosuz-kulaklik-uc-mikrofonlu-uzamsal-ses-ve-hizli-sarj-ozellikli\/","title":{"rendered":"P9 Pro Plus Kablosuz Kulakl\u0131k \u2013 \u00dc\u00e7 Mikrofonlu, Uzamsal Ses ve H\u0131zl\u0131 \u015earj \u00d6zellikli"},"content":{"rendered":"<h4>G\u00fc\u00e7, performans ve konfor bir arada! P9 Pro Plus Bluetooth Kulak \u00dcst\u00fc Kulakl\u0131k, kullan\u0131c\u0131ya geli\u015fmi\u015f bir ses deneyimi sunmak i\u00e7in en yeni teknolojilerle donat\u0131lm\u0131\u015ft\u0131r.<br \/>\nH1 kulakl\u0131k \u00e7ipi, ses gecikmesini azaltarak ultra h\u0131zl\u0131 ba\u011flant\u0131 sa\u011flar. Bluetooth 5.0 deste\u011fiyle kararl\u0131 ve y\u00fcksek kaliteli bir ses aktar\u0131m\u0131 elde edersiniz.<\/p>\n<p>Uzamsal ses teknolojisi, m\u00fczi\u011fi \u00fc\u00e7 boyutlu bir derinlikle sunar. Dinamik kafa izleme \u00f6zelli\u011fi, kafan\u0131z\u0131 \u00e7evirdi\u011finizde sesi konumunuza g\u00f6re yeniden y\u00f6nlendirir \u2014 bu da sizi m\u00fczi\u011fin ortas\u0131na ta\u015f\u0131r.<\/p>\n<p>Her iki kulakl\u0131kta bulunan optik sens\u00f6r, pozisyon sens\u00f6r\u00fc, ivme\u00f6l\u00e7er ve k\u0131l\u0131f alg\u0131lama sens\u00f6r\u00fc, ak\u0131ll\u0131 kullan\u0131m deneyimi sa\u011flar. Sol kulakl\u0131ktaki jiroskop ise hareketi alg\u0131layarak m\u00fczi\u011fi otomatik olarak y\u00f6netir.<\/p>\n<p>\u00dc\u00e7l\u00fc mikrofon sistemi, d\u0131\u015f sesleri etkili \u015fekilde bast\u0131rarak aramalarda \u00fcst\u00fcn ses netli\u011fi sunar.<br \/>\nAktif G\u00fcr\u00fclt\u00fc Engelleme (ANC) ve \u015eeffaf Mod, ortam ko\u015fullar\u0131na g\u00f6re ses izolasyonu sa\u011flar.<\/p>\n<p>Tek \u015farjla 5 saat m\u00fczik, 4 saat konu\u015fma, sadece 5 dakikal\u0131k h\u0131zl\u0131 \u015farjla 1,5 saat dinleme imk\u00e2n\u0131 sunar.<br \/>\nHafifli\u011fi (134,5 gram) ve yumu\u015fak kulak yast\u0131klar\u0131yla uzun s\u00fcreli konfor sa\u011flar. <\/p>\n<p><b>1 adet fiyat\u0131d\u0131r<\/b> <\/p>\n<p><p><b>\u00dcretici Markas\u0131 : ZERO LAND<\/b><\/p>\n<p><b>\u00dcretici Kodu : XUCZZZP9KULAKLIKBEYAZ1<\/b><\/p>\n<p><b>1 ADET F\u0130YATIDIR<\/b><\/p>\n<\/h4>\n<p><\/p>\n","protected":false},"excerpt":{"rendered":"<p>P9 Pro Plus Kablosuz Kulakl\u0131k \u2013 \u00dc\u00e7 Mikrofonlu, Uzamsal Ses ve H\u0131zl\u0131 \u015earj \u00d6zellikli<\/p>\n","protected":false},"featured_media":207336,"comment_status":"open","ping_status":"closed","template":"","meta":[],"product_brand":[],"product_cat":[494,374],"product_tag":[1825,1640,1641,1966,2025,3241,2498,2484,2755,1915,1417,14917,2104],"class_list":{"0":"post-207341","1":"product","2":"type-product","3":"status-publish","4":"has-post-thumbnail","6":"product_cat-kulak-ici-tws-bluetooth-kulaklik","7":"product_cat-mobil-aksesuar","8":"product_tag-hizli","9":"product_tag-kablosuz","10":"product_tag-kulaklik","11":"product_tag-mikrofonlu","12":"product_tag-ozellikli","13":"product_tag-p9","14":"product_tag-plus","15":"product_tag-pro","16":"product_tag-sarj","17":"product_tag-ses","18":"product_tag-uc","19":"product_tag-uzamsal","20":"product_tag-ve","22":"first","23":"instock","24":"taxable","25":"shipping-taxable","26":"purchasable","27":"product-type-simple"},"_links":{"self":[{"href":"https:\/\/depodanmusteriye.com\/urunler\/wp-json\/wp\/v2\/product\/207341","targetHints":{"allow":["GET"]}}],"collection":[{"href":"https:\/\/depodanmusteriye.com\/urunler\/wp-json\/wp\/v2\/product"}],"about":[{"href":"https:\/\/depodanmusteriye.com\/urunler\/wp-json\/wp\/v2\/types\/product"}],"replies":[{"embeddable":true,"href":"https:\/\/depodanmusteriye.com\/urunler\/wp-json\/wp\/v2\/comments?post=207341"}],"version-history":[{"count":0,"href":"https:\/\/depodanmusteriye.com\/urunler\/wp-json\/wp\/v2\/product\/207341\/revisions"}],"wp:featuredmedia":[{"embeddable":true,"href":"https:\/\/depodanmusteriye.com\/urunler\/wp-json\/wp\/v2\/media\/207336"}],"wp:attachment":[{"href":"https:\/\/depodanmusteriye.com\/urunler\/wp-json\/wp\/v2\/media?parent=207341"}],"wp:term":[{"taxonomy":"product_brand","embeddable":true,"href":"https:\/\/depodanmusteriye.com\/urunler\/wp-json\/wp\/v2\/product_brand?post=207341"},{"taxonomy":"product_cat","embeddable":true,"href":"https:\/\/depodanmusteriye.com\/urunler\/wp-json\/wp\/v2\/product_cat?post=207341"},{"taxonomy":"product_tag","embeddable":true,"href":"https:\/\/depodanmusteriye.com\/urunler\/wp-json\/wp\/v2\/product_tag?post=207341"}],"curies":[{"name":"wp","href":"https:\/\/api.w.org\/{rel}","templated":true}]}}