{"id":207335,"date":"2025-12-16T02:55:34","date_gmt":"2025-12-16T02:55:34","guid":{"rendered":"https:\/\/b2b.depodanmusteriye.com\/urun\/bluetooth-5-0-kulak-ustu-kulaklik-uzamsal-ses-gurultu-engelleme-ergonomik-tasarim\/"},"modified":"2025-12-16T02:55:34","modified_gmt":"2025-12-16T02:55:34","slug":"bluetooth-5-0-kulak-ustu-kulaklik-uzamsal-ses-gurultu-engelleme-ergonomik-tasarim","status":"publish","type":"product","link":"https:\/\/depodanmusteriye.com\/urunler\/urun\/bluetooth-5-0-kulak-ustu-kulaklik-uzamsal-ses-gurultu-engelleme-ergonomik-tasarim\/","title":{"rendered":"Bluetooth 5.0 Kulak \u00dcst\u00fc Kulakl\u0131k \u2013 Uzamsal Ses, G\u00fcr\u00fclt\u00fc Engelleme, Ergonomik Tasar\u0131m"},"content":{"rendered":"<h4>Modern tasar\u0131m, ak\u0131ll\u0131 teknolojiyle bulu\u015ftu! P9 Pro Plus Kablosuz Kulak \u00dcst\u00fc Kulakl\u0131k, g\u00fc\u00e7l\u00fc H1 \u00e7ipi ve \u00e7oklu sens\u00f6r sistemiyle kullan\u0131c\u0131 deneyimini ileri ta\u015f\u0131r.<br \/>\nDinamik kafa izleme destekli uzamsal ses, hareketlerinize g\u00f6re ses y\u00f6n\u00fcn\u00fc ayarlayarak \u00fc\u00e7 boyutlu bir ses ortam\u0131 sunar.<\/p>\n<p>Her iki kulakl\u0131kta yer alan optik sens\u00f6r, pozisyon sens\u00f6r\u00fc, ivme\u00f6l\u00e7er ve sol kulakl\u0131ktaki jiroskop, m\u00fczi\u011fi otomatik olarak ba\u015flat\u0131r veya durdurur.<br \/>\nK\u0131l\u0131f alg\u0131lama sens\u00f6r\u00fc, kulakl\u0131klar\u0131n\u0131z\u0131 koruma moduna al\u0131r ve batarya \u00f6mr\u00fcn\u00fc uzat\u0131r.<\/p>\n<p>\u00dc\u00e7 adet mikrofon, ses yakalama performans\u0131n\u0131 en \u00fcst d\u00fczeye \u00e7\u0131kar\u0131r; d\u0131\u015f sesleri bast\u0131rarak konu\u015fmalarda netlik sa\u011flar.<br \/>\nAktif G\u00fcr\u00fclt\u00fc Engelleme (ANC) teknolojisiyle d\u0131\u015f sesleri izole edin, \u015eeffaf Mod ile \u00e7evrenizdeki sesleri duyun.<\/p>\n<p>Bluetooth 5.0, g\u00fc\u00e7l\u00fc ve kararl\u0131 ba\u011flant\u0131 sunarken H1 \u00e7ipi, enerji verimlili\u011fini art\u0131r\u0131r.<br \/>\nTek \u015farjla 5 saate kadar dinleme, 4 saate kadar konu\u015fma s\u00fcresi elde edersiniz.<br \/>\nSadece 5 dakikal\u0131k h\u0131zl\u0131 \u015farj, 1,5 saatlik dinleme sa\u011flar.<\/p>\n<p>134,5 graml\u0131k a\u011f\u0131rl\u0131\u011f\u0131yla son derece hafif olan P9 Pro Plus, uzun s\u00fcreli kullan\u0131mlarda bile rahatl\u0131k sunar.<br \/>\nM\u00fczi\u011fi, konforu ve teknolojiyi bir araya getiren bu kulakl\u0131k, tarz\u0131n\u0131z\u0131 tamamlayacak en ak\u0131ll\u0131 ses deneyimidir. <\/p>\n<p><b>1 adet fiyat\u0131d\u0131r<\/b> <\/p>\n<p><p><b>\u00dcretici Markas\u0131 : ZERO LAND<\/b><\/p>\n<p><b>\u00dcretici Kodu : XUCZZZP9KULAKLIKBEYAZ2<\/b><\/p>\n<p><b>1 ADET F\u0130YATIDIR<\/b><\/p>\n<\/h4>\n<p><\/p>\n","protected":false},"excerpt":{"rendered":"<p>Bluetooth 5.0 Kulak \u00dcst\u00fc Kulakl\u0131k \u2013 Uzamsal Ses, G\u00fcr\u00fclt\u00fc Engelleme, Ergonomik Tasar\u0131m<\/p>\n","protected":false},"featured_media":207330,"comment_status":"open","ping_status":"closed","template":"","meta":[],"product_brand":[],"product_cat":[1026,374],"product_tag":[13026,3605,13473,3992,9196,1638,1641,1915,4035,1639,14917],"class_list":{"0":"post-207335","1":"product","2":"type-product","3":"status-publish","4":"has-post-thumbnail","6":"product_cat-kulak-ustu-bluetooth-kulaklik","7":"product_cat-mobil-aksesuar","8":"product_tag-5-0","9":"product_tag-bluetooth","10":"product_tag-engelleme","11":"product_tag-ergonomik","12":"product_tag-gurultu","13":"product_tag-kulak","14":"product_tag-kulaklik","15":"product_tag-ses","16":"product_tag-tasarim","17":"product_tag-ustu","18":"product_tag-uzamsal","20":"first","21":"instock","22":"taxable","23":"shipping-taxable","24":"purchasable","25":"product-type-simple"},"_links":{"self":[{"href":"https:\/\/depodanmusteriye.com\/urunler\/wp-json\/wp\/v2\/product\/207335","targetHints":{"allow":["GET"]}}],"collection":[{"href":"https:\/\/depodanmusteriye.com\/urunler\/wp-json\/wp\/v2\/product"}],"about":[{"href":"https:\/\/depodanmusteriye.com\/urunler\/wp-json\/wp\/v2\/types\/product"}],"replies":[{"embeddable":true,"href":"https:\/\/depodanmusteriye.com\/urunler\/wp-json\/wp\/v2\/comments?post=207335"}],"version-history":[{"count":0,"href":"https:\/\/depodanmusteriye.com\/urunler\/wp-json\/wp\/v2\/product\/207335\/revisions"}],"wp:featuredmedia":[{"embeddable":true,"href":"https:\/\/depodanmusteriye.com\/urunler\/wp-json\/wp\/v2\/media\/207330"}],"wp:attachment":[{"href":"https:\/\/depodanmusteriye.com\/urunler\/wp-json\/wp\/v2\/media?parent=207335"}],"wp:term":[{"taxonomy":"product_brand","embeddable":true,"href":"https:\/\/depodanmusteriye.com\/urunler\/wp-json\/wp\/v2\/product_brand?post=207335"},{"taxonomy":"product_cat","embeddable":true,"href":"https:\/\/depodanmusteriye.com\/urunler\/wp-json\/wp\/v2\/product_cat?post=207335"},{"taxonomy":"product_tag","embeddable":true,"href":"https:\/\/depodanmusteriye.com\/urunler\/wp-json\/wp\/v2\/product_tag?post=207335"}],"curies":[{"name":"wp","href":"https:\/\/api.w.org\/{rel}","templated":true}]}}