{"id":207209,"date":"2025-12-16T02:48:38","date_gmt":"2025-12-16T02:48:38","guid":{"rendered":"https:\/\/b2b.depodanmusteriye.com\/urun\/m8pro-mini-2-10k-android-tv-box-oyun-konsolu-ve-akilli-medya-merkezi\/"},"modified":"2025-12-16T02:48:38","modified_gmt":"2025-12-16T02:48:38","slug":"m8pro-mini-2-10k-android-tv-box-oyun-konsolu-ve-akilli-medya-merkezi","status":"publish","type":"product","link":"https:\/\/depodanmusteriye.com\/urunler\/urun\/m8pro-mini-2-10k-android-tv-box-oyun-konsolu-ve-akilli-medya-merkezi\/","title":{"rendered":"M8Pro Mini 2 10K Android TV Box \u2013 Oyun Konsolu ve Ak\u0131ll\u0131 Medya Merkezi"},"content":{"rendered":"<h4>M8Pro Mini 2, g\u00fc\u00e7l\u00fc donan\u0131m\u0131 ve \u015f\u0131k tasar\u0131m\u0131yla ev e\u011flencesinde devrim yarat\u0131yor. Android 12 i\u015fletim sistemi, modern kullan\u0131c\u0131 aray\u00fcz\u00fc ve 10K Ultra HD \u00e7\u00f6z\u00fcn\u00fcrl\u00fck deste\u011fiyle hem g\u00f6rsel hem i\u015fitsel a\u00e7\u0131dan kusursuz bir deneyim sunar.64 GB depolama alan\u0131, y\u00fcksek performansl\u0131 4 \u00e7ekirdekli i\u015flemci ve 3D grafik h\u0131zland\u0131r\u0131c\u0131s\u0131 ile oyunlarda ak\u0131c\u0131 performans sa\u011flar. Bu sayede cihaz, yaln\u0131zca bir medya oynat\u0131c\u0131 de\u011fil, ayn\u0131 zamanda tam te\u015fekk\u00fcll\u00fc bir oyun konsolu g\u00f6revi g\u00f6r\u00fcr.M8Pro Mini 2, Netflix, YouTube, Prime Video, Disney+ gibi platformlara tek dokunu\u015fla eri\u015fim imk\u00e2n\u0131 tan\u0131r. Kablosuz ba\u011flant\u0131 \u00f6zellikleri (Wi-Fi, Bluetooth) ve HDMI \u00e7\u0131k\u0131\u015f\u0131 sayesinde televizyonunuza kolayca ba\u011flan\u0131r.Kompakt yap\u0131s\u0131, minimal enerji t\u00fcketimi ve y\u00fcksek so\u011futma verimlili\u011fi ile uzun \u00f6m\u00fcrl\u00fc kullan\u0131m sunar. M8Pro Mini 2 ile her an\u0131n\u0131z\u0131 teknolojiyle donat\u0131lm\u0131\u015f bir e\u011flenceye d\u00f6n\u00fc\u015ft\u00fcr\u00fcn! <\/p>\n<p><b>1 adet fiyat\u0131d\u0131r<\/b> <\/p>\n<p><p><b>\u00dcretici Markas\u0131 : ZERO LAND<\/b><\/p>\n<p><b>\u00dcretici Kodu : XUCZZZM8PROTVOYUN2<\/b><\/p>\n<p><b>1 ADET F\u0130YATIDIR<\/b><\/p>\n<\/h4>\n<p><\/p>\n","protected":false},"excerpt":{"rendered":"<p>M8Pro Mini 2 10K Android TV Box \u2013 Oyun Konsolu ve Ak\u0131ll\u0131 Medya Merkezi<\/p>\n","protected":false},"featured_media":207204,"comment_status":"open","ping_status":"closed","template":"","meta":[],"product_brand":[],"product_cat":[379,725],"product_tag":[13640,1613,3636,1956,6067,3998,13639,13264,13975,2265,3997,4014,2104],"class_list":{"0":"post-207209","1":"product","2":"type-product","3":"status-publish","4":"has-post-thumbnail","6":"product_cat-ev-yasam","7":"product_cat-psp-and-vita-oyunu","8":"product_tag-10k","9":"product_tag-1613","10":"product_tag-akilli","11":"product_tag-android","12":"product_tag-box","13":"product_tag-konsolu","14":"product_tag-m8pro","15":"product_tag-medya","16":"product_tag-merkezi","17":"product_tag-mini","18":"product_tag-oyun","19":"product_tag-tv","20":"product_tag-ve","22":"first","23":"instock","24":"taxable","25":"shipping-taxable","26":"purchasable","27":"product-type-simple"},"_links":{"self":[{"href":"https:\/\/depodanmusteriye.com\/urunler\/wp-json\/wp\/v2\/product\/207209","targetHints":{"allow":["GET"]}}],"collection":[{"href":"https:\/\/depodanmusteriye.com\/urunler\/wp-json\/wp\/v2\/product"}],"about":[{"href":"https:\/\/depodanmusteriye.com\/urunler\/wp-json\/wp\/v2\/types\/product"}],"replies":[{"embeddable":true,"href":"https:\/\/depodanmusteriye.com\/urunler\/wp-json\/wp\/v2\/comments?post=207209"}],"version-history":[{"count":0,"href":"https:\/\/depodanmusteriye.com\/urunler\/wp-json\/wp\/v2\/product\/207209\/revisions"}],"wp:featuredmedia":[{"embeddable":true,"href":"https:\/\/depodanmusteriye.com\/urunler\/wp-json\/wp\/v2\/media\/207204"}],"wp:attachment":[{"href":"https:\/\/depodanmusteriye.com\/urunler\/wp-json\/wp\/v2\/media?parent=207209"}],"wp:term":[{"taxonomy":"product_brand","embeddable":true,"href":"https:\/\/depodanmusteriye.com\/urunler\/wp-json\/wp\/v2\/product_brand?post=207209"},{"taxonomy":"product_cat","embeddable":true,"href":"https:\/\/depodanmusteriye.com\/urunler\/wp-json\/wp\/v2\/product_cat?post=207209"},{"taxonomy":"product_tag","embeddable":true,"href":"https:\/\/depodanmusteriye.com\/urunler\/wp-json\/wp\/v2\/product_tag?post=207209"}],"curies":[{"name":"wp","href":"https:\/\/api.w.org\/{rel}","templated":true}]}}