{"id":207197,"date":"2025-12-16T02:48:00","date_gmt":"2025-12-16T02:48:00","guid":{"rendered":"https:\/\/b2b.depodanmusteriye.com\/urun\/kablosuz-hdmi-goruntu-ve-ses-aktarici-anycast-m9-plus-tak-calistir-tv-adaptoru\/"},"modified":"2025-12-16T02:48:00","modified_gmt":"2025-12-16T02:48:00","slug":"kablosuz-hdmi-goruntu-ve-ses-aktarici-anycast-m9-plus-tak-calistir-tv-adaptoru","status":"publish","type":"product","link":"https:\/\/depodanmusteriye.com\/urunler\/urun\/kablosuz-hdmi-goruntu-ve-ses-aktarici-anycast-m9-plus-tak-calistir-tv-adaptoru\/","title":{"rendered":"Kablosuz HDMI G\u00f6r\u00fcnt\u00fc ve Ses Aktar\u0131c\u0131 \u2013 Anycast M9 Plus Tak-\u00c7al\u0131\u015ft\u0131r TV Adapt\u00f6r\u00fc"},"content":{"rendered":"<h4>Ak\u0131ll\u0131 teknolojiyi ya\u015fam\u0131n her alan\u0131na ta\u015f\u0131yan Anycast M9 Plus, profesyonel sunumlar, i\u015f toplant\u0131lar\u0131 ve e\u011fitim ortamlar\u0131 i\u00e7in geli\u015ftirilmi\u015f g\u00fc\u00e7l\u00fc bir kablosuz HDMI g\u00f6r\u00fcnt\u00fc aktar\u0131c\u0131s\u0131d\u0131r. Tak-\u00e7al\u0131\u015ft\u0131r sistemi sayesinde kurulum zahmetini ortadan kald\u0131r\u0131r; yaln\u0131zca HDMI portuna tak\u0131p Wi-Fi ba\u011flant\u0131n\u0131z\u0131 ger\u00e7ekle\u015ftirerek saniyeler i\u00e7inde kullan\u0131ma haz\u0131r hale gelir.<br \/>\niOS, Android ve Windows cihazlarla tam uyumlu olan bu model, telefon, tablet veya diz\u00fcst\u00fc bilgisayardan televizyona g\u00f6r\u00fcnt\u00fc ve ses aktar\u0131m\u0131 yaparak \u00e7al\u0131\u015fma alanlar\u0131n\u0131 daha verimli hale getirir. Full HD \u00e7\u00f6z\u00fcn\u00fcrl\u00fck deste\u011fi, renk canl\u0131l\u0131\u011f\u0131n\u0131 koruyarak sunumlar\u0131n\u0131z\u0131 ve videolar\u0131n\u0131z\u0131 y\u00fcksek netlikte yans\u0131t\u0131r.<br \/>\nAnycast M9 Plus, d\u00fc\u015f\u00fck gecikmeli veri aktar\u0131m\u0131 sayesinde videolarda veya canl\u0131 yay\u0131nlarda kesinti ya\u015famadan ak\u0131c\u0131 bir performans sunar. Kurumsal toplant\u0131larda, e\u011fitimlerde veya evde film izlerken y\u00fcksek ba\u011flant\u0131 kararl\u0131l\u0131\u011f\u0131 ile fark yarat\u0131r.<br \/>\nTa\u015f\u0131nabilir yap\u0131s\u0131 sayesinde cebinize s\u0131\u011far, yan\u0131n\u0131zda kolayca ta\u015f\u0131yabilirsiniz. Geli\u015fmi\u015f Wi-Fi teknolojisi, sinyal kayb\u0131n\u0131 minimize ederken stabil ba\u011flant\u0131 sa\u011flar. HDMI ve kablosuz aktar\u0131m teknolojilerini bir araya getirerek cihazlar aras\u0131 etkile\u015fimi maksimuma \u00e7\u0131kar\u0131r. <\/p>\n<p><b>1 adet fiyat\u0131d\u0131r<\/b> <\/p>\n<p><p><b>\u00dcretici Markas\u0131 : ZERO LAND<\/b><\/p>\n<p><b>\u00dcretici Kodu : XUCZZZM9AKTARICI1<\/b><\/p>\n<p><b>1 ADET F\u0130YATIDIR<\/b><\/p>\n<\/h4>\n<p><\/p>\n","protected":false},"excerpt":{"rendered":"<p>Kablosuz HDMI G\u00f6r\u00fcnt\u00fc ve Ses Aktar\u0131c\u0131 \u2013 Anycast M9 Plus Tak-\u00c7al\u0131\u015ft\u0131r TV Adapt\u00f6r\u00fc<\/p>\n","protected":false},"featured_media":207192,"comment_status":"open","ping_status":"closed","template":"","meta":[],"product_brand":[],"product_cat":[379,2232],"product_tag":[4112,14346,14914,13127,4278,1640,9536,2498,1915,13855,4014,2104],"class_list":{"0":"post-207197","1":"product","2":"type-product","3":"status-publish","4":"has-post-thumbnail","6":"product_cat-ev-yasam","7":"product_cat-kablosuz-ses-and-goruntu-aktarici-ev-ya-am","8":"product_tag-adaptoru","9":"product_tag-aktarici","10":"product_tag-anycast","11":"product_tag-goruntu","12":"product_tag-hdmi","13":"product_tag-kablosuz","14":"product_tag-m9","15":"product_tag-plus","16":"product_tag-ses","17":"product_tag-tak-calistir","18":"product_tag-tv","19":"product_tag-ve","21":"first","22":"instock","23":"taxable","24":"shipping-taxable","25":"purchasable","26":"product-type-simple"},"_links":{"self":[{"href":"https:\/\/depodanmusteriye.com\/urunler\/wp-json\/wp\/v2\/product\/207197","targetHints":{"allow":["GET"]}}],"collection":[{"href":"https:\/\/depodanmusteriye.com\/urunler\/wp-json\/wp\/v2\/product"}],"about":[{"href":"https:\/\/depodanmusteriye.com\/urunler\/wp-json\/wp\/v2\/types\/product"}],"replies":[{"embeddable":true,"href":"https:\/\/depodanmusteriye.com\/urunler\/wp-json\/wp\/v2\/comments?post=207197"}],"version-history":[{"count":0,"href":"https:\/\/depodanmusteriye.com\/urunler\/wp-json\/wp\/v2\/product\/207197\/revisions"}],"wp:featuredmedia":[{"embeddable":true,"href":"https:\/\/depodanmusteriye.com\/urunler\/wp-json\/wp\/v2\/media\/207192"}],"wp:attachment":[{"href":"https:\/\/depodanmusteriye.com\/urunler\/wp-json\/wp\/v2\/media?parent=207197"}],"wp:term":[{"taxonomy":"product_brand","embeddable":true,"href":"https:\/\/depodanmusteriye.com\/urunler\/wp-json\/wp\/v2\/product_brand?post=207197"},{"taxonomy":"product_cat","embeddable":true,"href":"https:\/\/depodanmusteriye.com\/urunler\/wp-json\/wp\/v2\/product_cat?post=207197"},{"taxonomy":"product_tag","embeddable":true,"href":"https:\/\/depodanmusteriye.com\/urunler\/wp-json\/wp\/v2\/product_tag?post=207197"}],"curies":[{"name":"wp","href":"https:\/\/api.w.org\/{rel}","templated":true}]}}