{"id":207083,"date":"2025-12-16T02:41:56","date_gmt":"2025-12-16T02:41:56","guid":{"rendered":"https:\/\/b2b.depodanmusteriye.com\/urun\/4k-ultra-hd-tv-kutusu-8-gb-hafiza-google-asistan-chromecast-dolby-destekli\/"},"modified":"2025-12-16T02:41:56","modified_gmt":"2025-12-16T02:41:56","slug":"4k-ultra-hd-tv-kutusu-8-gb-hafiza-google-asistan-chromecast-dolby-destekli","status":"publish","type":"product","link":"https:\/\/depodanmusteriye.com\/urunler\/urun\/4k-ultra-hd-tv-kutusu-8-gb-hafiza-google-asistan-chromecast-dolby-destekli\/","title":{"rendered":"4K Ultra HD TV Kutusu \u2013 8 GB Haf\u0131za, Google Asistan, Chromecast, Dolby Destekli"},"content":{"rendered":"<h4>Mi Box S 4K TV Box, ak\u0131ll\u0131 TV deneyimini bir \u00fcst seviyeye ta\u015f\u0131yan g\u00fc\u00e7l\u00fc bir medya oynat\u0131c\u0131d\u0131r. Android i\u015fletim sistemi ile \u00e7al\u0131\u015fan cihaz, Google Play Store \u00fczerinden binlerce uygulamaya eri\u015fim sa\u011flar.<br \/>\n4K UHD \u00e7\u00f6z\u00fcn\u00fcrl\u00fck ve 60 FPS deste\u011fi, g\u00f6r\u00fcnt\u00fclerde ola\u011fan\u00fcst\u00fc netlik ve canl\u0131l\u0131k sunar. 8 GB dahili haf\u0131za ve 2 GB RAM, uygulamalar\u0131 ak\u0131c\u0131 bir \u015fekilde \u00e7al\u0131\u015ft\u0131r\u0131rken, ARM Cortex-A53 i\u015flemcisi y\u00fcksek h\u0131zda veri i\u015fleme g\u00fcc\u00fc sa\u011flar.<br \/>\nGoogle Asistan sayesinde yaln\u0131zca ses komutlar\u0131yla cihaz\u0131n\u0131z\u0131 y\u00f6netebilir, hava durumunu \u00f6\u011frenebilir veya dizi a\u00e7abilirsiniz. Chromecast entegrasyonu ile telefon, tablet veya bilgisayardaki i\u00e7erikleri do\u011frudan televizyonunuza yans\u0131tabilirsiniz.<br \/>\nDolby Digital ses deste\u011fi, film ve m\u00fcziklerde ger\u00e7ek sinema kalitesinde ses sunar. HDMI ve USB ba\u011flant\u0131 noktalar\u0131, harici depolama cihazlar\u0131n\u0131 veya aksesuarlar\u0131 kolayca ba\u011flaman\u0131z\u0131 sa\u011flar.Kablosuz Wi-Fi ve Bluetooth ba\u011flant\u0131s\u0131, kulakl\u0131k, hoparl\u00f6r veya kontrol cihaz\u0131 ile kusursuz ileti\u015fim kurar.<br \/>\nKompakt boyutu, modern tasar\u0131m\u0131 ve dayan\u0131kl\u0131 yap\u0131s\u0131yla Mi Box S 4K TV Box, hem i\u015flevsel hem estetik bir \u00e7\u00f6z\u00fcm sunar. Ak\u0131ll\u0131 televizyon deneyimini ya\u015famak isteyen herkes i\u00e7in g\u00fc\u00e7l\u00fc, pratik ve yenilik\u00e7i bir tercihtir. <\/p>\n<p><b>1 adet fiyat\u0131d\u0131r<\/b> <\/p>\n<p><p><b>\u00dcretici Markas\u0131 : ZERO LAND<\/b><\/p>\n<p><b>\u00dcretici Kodu : XUCZZZMXBOXS2<\/b><\/p>\n<p><b>1 ADET F\u0130YATIDIR<\/b><\/p>\n<\/h4>\n<p><\/p>\n","protected":false},"excerpt":{"rendered":"<p>4K Ultra HD TV Kutusu \u2013 8 GB Haf\u0131za, Google Asistan, Chromecast, Dolby Destekli<\/p>\n","protected":false},"featured_media":207078,"comment_status":"open","ping_status":"closed","template":"","meta":[],"product_brand":[],"product_cat":[379,725],"product_tag":[1959,2005,14307,14907,3695,14908,14588,4068,3176,2594,4014,1976],"class_list":{"0":"post-207083","1":"product","2":"type-product","3":"status-publish","4":"has-post-thumbnail","6":"product_cat-ev-yasam","7":"product_cat-psp-and-vita-oyunu","8":"product_tag-4k","9":"product_tag-2005","10":"product_tag-asistan","11":"product_tag-chromecast","12":"product_tag-destekli","13":"product_tag-dolby","14":"product_tag-google","15":"product_tag-hafiza","16":"product_tag-hd","17":"product_tag-kutusu","18":"product_tag-tv","19":"product_tag-ultra","21":"first","22":"instock","23":"taxable","24":"shipping-taxable","25":"purchasable","26":"product-type-simple"},"_links":{"self":[{"href":"https:\/\/depodanmusteriye.com\/urunler\/wp-json\/wp\/v2\/product\/207083","targetHints":{"allow":["GET"]}}],"collection":[{"href":"https:\/\/depodanmusteriye.com\/urunler\/wp-json\/wp\/v2\/product"}],"about":[{"href":"https:\/\/depodanmusteriye.com\/urunler\/wp-json\/wp\/v2\/types\/product"}],"replies":[{"embeddable":true,"href":"https:\/\/depodanmusteriye.com\/urunler\/wp-json\/wp\/v2\/comments?post=207083"}],"version-history":[{"count":0,"href":"https:\/\/depodanmusteriye.com\/urunler\/wp-json\/wp\/v2\/product\/207083\/revisions"}],"wp:featuredmedia":[{"embeddable":true,"href":"https:\/\/depodanmusteriye.com\/urunler\/wp-json\/wp\/v2\/media\/207078"}],"wp:attachment":[{"href":"https:\/\/depodanmusteriye.com\/urunler\/wp-json\/wp\/v2\/media?parent=207083"}],"wp:term":[{"taxonomy":"product_brand","embeddable":true,"href":"https:\/\/depodanmusteriye.com\/urunler\/wp-json\/wp\/v2\/product_brand?post=207083"},{"taxonomy":"product_cat","embeddable":true,"href":"https:\/\/depodanmusteriye.com\/urunler\/wp-json\/wp\/v2\/product_cat?post=207083"},{"taxonomy":"product_tag","embeddable":true,"href":"https:\/\/depodanmusteriye.com\/urunler\/wp-json\/wp\/v2\/product_tag?post=207083"}],"curies":[{"name":"wp","href":"https:\/\/api.w.org\/{rel}","templated":true}]}}